{"id":17100,"date":"2019-04-09T22:22:25","date_gmt":"2019-04-09T22:22:25","guid":{"rendered":"https:\/\/octaedro.com\/producto\/interculturalidad-y-escuela\/"},"modified":"2023-04-20T11:25:37","modified_gmt":"2023-04-20T09:25:37","slug":"interculturalidad-y-escuela","status":"publish","type":"product","link":"https:\/\/wizardly-davinci.82-223-8-23.plesk.page\/en\/producto\/interculturalidad-y-escuela\/","title":{"rendered":"Interculturalidad y escuela"},"content":{"rendered":"<p>La interculturalidad en la escuela se configura como una respuesta pedag\u00f3gica compleja y din\u00e1mica que valora positivamente la diversidad cultural como un aspecto enriquecedor de la convivencia escolar. La instituci\u00f3n escolar se convierte, as\u00ed, en el contexto ideal para que alumnos, profesorado y familias, concreten y se ejerciten en los valores democr\u00e1ticos y de la diversidad en una escuela inclusiva.<\/p>\n<p>Con el presente libro, partimos de una idea fundamental, y es que, para profundizar desde el \u00e1mbito educativo con el fin de lograr una aut\u00e9ntica convivencia intercultural, es necesario asumir y cultivar el deseo de cooperar y compartir con los dem\u00e1s no solo la propia vida, sino tambi\u00e9n la vida social y comunitaria, poniendo en com\u00fan aquello que nos une, y conociendo, respetando, aceptando y valorando lo que nos diferencia.<\/p>\n<p>Dirigimos esta obra a estudiantes universitarios de los grados de Pedagog\u00eda, Educaci\u00f3n Social, Educaci\u00f3n Primaria y Educaci\u00f3n Infantil; as\u00ed como al profesorado de los distintos niveles educativos en activo, orientadores y personas preocupadas por la convivencia escolar, la diversidad cultural y la interculturalidad.<\/p>\n","protected":false},"excerpt":{"rendered":"<p>La interculturalidad en la escuela se configura como una respuesta pedag\u00f3gica compleja y din\u00e1mica que valora positivamente la diversidad cultural como un aspecto enriquecedor de la convivencia escolar. La instituci\u00f3n escolar se convierte, as\u00ed, en el contexto ideal para que alumnos, profesorado y familias, concreten y se ejerciten en los valores democr\u00e1ticos y de la diversidad en una escuela inclusiva.<\/p>\n<p>Con el presente libro, partimos de una idea fundamental, y es que, para profundizar desde el \u00e1mbito educativo con el fin de lograr una aut\u00e9ntica convivencia intercultural, es necesario asumir y cultivar el deseo de cooperar y compartir con los dem\u00e1s no solo la propia vida, sino tambi\u00e9n la vida social y comunitaria, poniendo en com\u00fan aquello que nos une, y conociendo, respetando, aceptando y valorando lo que nos diferencia.<\/p>\n<p>Dirigimos esta obra a estudiantes universitarios de los grados de Pedagog\u00eda, Educaci\u00f3n Social, Educaci\u00f3n Primaria y Educaci\u00f3n Infantil; as\u00ed como al profesorado de los distintos niveles educativos en activo, orientadores y personas preocupadas por la convivencia escolar, la diversidad cultural y la interculturalidad.<\/p>\n","protected":false},"featured_media":17101,"comment_status":"open","ping_status":"closed","template":"","meta":{"_et_pb_use_builder":"","_et_pb_old_content":"","_et_gb_content_width":""},"product_cat":[1512],"product_tag":[2602],"edicion":[1083],"editoriales":[1160],"tienda":[],"autor_id":[5179,5800],"universidades_coeditoras":[],"palabras_clave":[],"listado_alfabetico":[],"acf":[],"_links":{"self":[{"href":"https:\/\/wizardly-davinci.82-223-8-23.plesk.page\/en\/wp-json\/wp\/v2\/product\/17100"}],"collection":[{"href":"https:\/\/wizardly-davinci.82-223-8-23.plesk.page\/en\/wp-json\/wp\/v2\/product"}],"about":[{"href":"https:\/\/wizardly-davinci.82-223-8-23.plesk.page\/en\/wp-json\/wp\/v2\/types\/product"}],"replies":[{"embeddable":true,"href":"https:\/\/wizardly-davinci.82-223-8-23.plesk.page\/en\/wp-json\/wp\/v2\/comments?post=17100"}],"wp:featuredmedia":[{"embeddable":true,"href":"https:\/\/wizardly-davinci.82-223-8-23.plesk.page\/en\/wp-json\/wp\/v2\/media\/17101"}],"wp:attachment":[{"href":"https:\/\/wizardly-davinci.82-223-8-23.plesk.page\/en\/wp-json\/wp\/v2\/media?parent=17100"}],"wp:term":[{"taxonomy":"product_cat","embeddable":true,"href":"https:\/\/wizardly-davinci.82-223-8-23.plesk.page\/en\/wp-json\/wp\/v2\/product_cat?post=17100"},{"taxonomy":"product_tag","embeddable":true,"href":"https:\/\/wizardly-davinci.82-223-8-23.plesk.page\/en\/wp-json\/wp\/v2\/product_tag?post=17100"},{"taxonomy":"edicion","embeddable":true,"href":"https:\/\/wizardly-davinci.82-223-8-23.plesk.page\/en\/wp-json\/wp\/v2\/edicion?post=17100"},{"taxonomy":"editoriales","embeddable":true,"href":"https:\/\/wizardly-davinci.82-223-8-23.plesk.page\/en\/wp-json\/wp\/v2\/editoriales?post=17100"},{"taxonomy":"tienda","embeddable":true,"href":"https:\/\/wizardly-davinci.82-223-8-23.plesk.page\/en\/wp-json\/wp\/v2\/tienda?post=17100"},{"taxonomy":"autor_id","embeddable":true,"href":"https:\/\/wizardly-davinci.82-223-8-23.plesk.page\/en\/wp-json\/wp\/v2\/autor_id?post=17100"},{"taxonomy":"universidades_coeditoras","embeddable":true,"href":"https:\/\/wizardly-davinci.82-223-8-23.plesk.page\/en\/wp-json\/wp\/v2\/universidades_coeditoras?post=17100"},{"taxonomy":"palabras_clave","embeddable":true,"href":"https:\/\/wizardly-davinci.82-223-8-23.plesk.page\/en\/wp-json\/wp\/v2\/palabras_clave?post=17100"},{"taxonomy":"listado_alfabetico","embeddable":true,"href":"https:\/\/wizardly-davinci.82-223-8-23.plesk.page\/en\/wp-json\/wp\/v2\/listado_alfabetico?post=17100"}],"curies":[{"name":"wp","href":"https:\/\/api.w.org\/{rel}","templated":true}]}}