{"id":17104,"date":"2019-04-09T22:22:25","date_gmt":"2019-04-09T22:22:25","guid":{"rendered":"https:\/\/octaedro.com\/producto\/el-juego-en-las-ludotecas-y-en-los-patios-escolares\/"},"modified":"2023-04-20T11:25:51","modified_gmt":"2023-04-20T09:25:51","slug":"el-juego-en-las-ludotecas-y-en-los-patios-escolares","status":"publish","type":"product","link":"https:\/\/wizardly-davinci.82-223-8-23.plesk.page\/en\/producto\/el-juego-en-las-ludotecas-y-en-los-patios-escolares\/","title":{"rendered":"El juego en las ludotecas y en los patios escolares"},"content":{"rendered":"<p>El juego es una necesidad vital para el crecimiento saludable del ser humano y por ello es uno de los derechos fundamentales de la ni\u00f1ez. Este libro pretende ahondar, desde la reflexi\u00f3n y la investigaci\u00f3n, en la importancia de la ludicidad humana, del juego como actividad antropol\u00f3gica, como creaci\u00f3n cultural y como medio para potenciar las inteligencias m\u00faltiples y el desarrollo de una autoestima saludable.<br \/>\nSe presentan aqu\u00ed tres experiencias pr\u00e1cticas llevadas a cabo en un centro abierto, una propuesta para analizar la calidad de las ludotecas como instituciones especializadas en el juego y, por \u00faltimo, una investigaci\u00f3n-acci\u00f3n sobre los patios escolares, que dise\u00f1a y pone en pr\u00e1ctica un plan de intervenci\u00f3n ludiforme para ir convirti\u00e9ndolos en tiempos y espacios de juego ecoformativo y de convivencia saludable.<br \/>\nLa lectura de este libro puede ayudar a estudiantes y profesionales del \u00e1mbito educativo y sociocultural a introducirse o avanzar en aspectos pr\u00e1cticos, te\u00f3ricos e investigativos sobre las posibilidades que ofrece la actividad l\u00fadica para el est\u00edmulo de la autoestima, las inteligencias m\u00faltiples y los valores democr\u00e1ticos.<\/p>\n","protected":false},"excerpt":{"rendered":"<p>El juego es una necesidad vital para el crecimiento saludable del ser humano y por ello es uno de los derechos fundamentales de la ni\u00f1ez. Este libro pretende ahondar, desde la reflexi\u00f3n y la investigaci\u00f3n, en la importancia de la ludicidad humana, del juego como actividad antropol\u00f3gica, como creaci\u00f3n cultural y como medio para potenciar las inteligencias m\u00faltiples y el desarrollo de una autoestima saludable.<br \/>\nSe presentan aqu\u00ed tres experiencias pr\u00e1cticas llevadas a cabo en un centro abierto, una propuesta para analizar la calidad de las ludotecas como instituciones especializadas en el juego y, por \u00faltimo, una investigaci\u00f3n-acci\u00f3n sobre los patios escolares, que dise\u00f1a y pone en pr\u00e1ctica un plan de intervenci\u00f3n ludiforme para ir convirti\u00e9ndolos en tiempos y espacios de juego ecoformativo y de convivencia saludable.<br \/>\nLa lectura de este libro puede ayudar a estudiantes y profesionales del \u00e1mbito educativo y sociocultural a introducirse o avanzar en aspectos pr\u00e1cticos, te\u00f3ricos e investigativos sobre las posibilidades que ofrece la actividad l\u00fadica para el est\u00edmulo de la autoestima, las inteligencias m\u00faltiples y los valores democr\u00e1ticos.<\/p>\n","protected":false},"featured_media":17105,"comment_status":"open","ping_status":"closed","template":"","meta":{"_et_pb_use_builder":"","_et_pb_old_content":"","_et_gb_content_width":""},"product_cat":[2606,1512,6675,6673],"product_tag":[2604],"edicion":[1084,1083],"editoriales":[1160],"tienda":[],"autor_id":[5176,5907],"universidades_coeditoras":[],"palabras_clave":[],"listado_alfabetico":[],"acf":[],"_links":{"self":[{"href":"https:\/\/wizardly-davinci.82-223-8-23.plesk.page\/en\/wp-json\/wp\/v2\/product\/17104"}],"collection":[{"href":"https:\/\/wizardly-davinci.82-223-8-23.plesk.page\/en\/wp-json\/wp\/v2\/product"}],"about":[{"href":"https:\/\/wizardly-davinci.82-223-8-23.plesk.page\/en\/wp-json\/wp\/v2\/types\/product"}],"replies":[{"embeddable":true,"href":"https:\/\/wizardly-davinci.82-223-8-23.plesk.page\/en\/wp-json\/wp\/v2\/comments?post=17104"}],"wp:featuredmedia":[{"embeddable":true,"href":"https:\/\/wizardly-davinci.82-223-8-23.plesk.page\/en\/wp-json\/wp\/v2\/media\/17105"}],"wp:attachment":[{"href":"https:\/\/wizardly-davinci.82-223-8-23.plesk.page\/en\/wp-json\/wp\/v2\/media?parent=17104"}],"wp:term":[{"taxonomy":"product_cat","embeddable":true,"href":"https:\/\/wizardly-davinci.82-223-8-23.plesk.page\/en\/wp-json\/wp\/v2\/product_cat?post=17104"},{"taxonomy":"product_tag","embeddable":true,"href":"https:\/\/wizardly-davinci.82-223-8-23.plesk.page\/en\/wp-json\/wp\/v2\/product_tag?post=17104"},{"taxonomy":"edicion","embeddable":true,"href":"https:\/\/wizardly-davinci.82-223-8-23.plesk.page\/en\/wp-json\/wp\/v2\/edicion?post=17104"},{"taxonomy":"editoriales","embeddable":true,"href":"https:\/\/wizardly-davinci.82-223-8-23.plesk.page\/en\/wp-json\/wp\/v2\/editoriales?post=17104"},{"taxonomy":"tienda","embeddable":true,"href":"https:\/\/wizardly-davinci.82-223-8-23.plesk.page\/en\/wp-json\/wp\/v2\/tienda?post=17104"},{"taxonomy":"autor_id","embeddable":true,"href":"https:\/\/wizardly-davinci.82-223-8-23.plesk.page\/en\/wp-json\/wp\/v2\/autor_id?post=17104"},{"taxonomy":"universidades_coeditoras","embeddable":true,"href":"https:\/\/wizardly-davinci.82-223-8-23.plesk.page\/en\/wp-json\/wp\/v2\/universidades_coeditoras?post=17104"},{"taxonomy":"palabras_clave","embeddable":true,"href":"https:\/\/wizardly-davinci.82-223-8-23.plesk.page\/en\/wp-json\/wp\/v2\/palabras_clave?post=17104"},{"taxonomy":"listado_alfabetico","embeddable":true,"href":"https:\/\/wizardly-davinci.82-223-8-23.plesk.page\/en\/wp-json\/wp\/v2\/listado_alfabetico?post=17104"}],"curies":[{"name":"wp","href":"https:\/\/api.w.org\/{rel}","templated":true}]}}