{"id":17106,"date":"2019-04-09T22:22:26","date_gmt":"2019-04-09T22:22:26","guid":{"rendered":"https:\/\/octaedro.com\/producto\/la-dramatica-creativa-de-9-a-13-anos\/"},"modified":"2023-04-20T11:26:00","modified_gmt":"2023-04-20T09:26:00","slug":"la-dramatica-creativa-de-9-a-13-anos","status":"publish","type":"product","link":"https:\/\/wizardly-davinci.82-223-8-23.plesk.page\/en\/producto\/la-dramatica-creativa-de-9-a-13-anos\/","title":{"rendered":"La dram\u00e1tica creativa de 9 a 13 a\u00f1os"},"content":{"rendered":"<p>La dramatizaci\u00f3n no solo es una t\u00e9cnica de inter\u00e9s educativo para el curr\u00edculum escolar en el \u00e1rea de la educaci\u00f3n art\u00edstica, sino tambi\u00e9n en campos tan diversos como las \u00e1reas de lengua, educaci\u00f3n f\u00edsica o la ense\u00f1anza de lenguas extranjeras.<br \/>\nContinuando con el esquema establecido en el anterior libro, de los mismos autores, El juego dram\u00e1tico de 5 a 9 a\u00f1os, en la presente obra se ofrecen claves did\u00e1cticas para la introducci\u00f3n de la dram\u00e1tica creativa en las edades comprendidas entre 9 y 13 a\u00f1os.<br \/>\nEste libro constituye una gu\u00eda fundamental para introducir el teatro en el aula de manera f\u00e1cil y divertida tanto para el profesor como sus alumnos, siendo de inter\u00e9s para profesionales de la educaci\u00f3n o del teatro interesados en la pedagog\u00eda teatral.<\/p>\n","protected":false},"excerpt":{"rendered":"<p>La dramatizaci\u00f3n no solo es una t\u00e9cnica de inter\u00e9s educativo para el curr\u00edculum escolar en el \u00e1rea de la educaci\u00f3n art\u00edstica, sino tambi\u00e9n en campos tan diversos como las \u00e1reas de lengua, educaci\u00f3n f\u00edsica o la ense\u00f1anza de lenguas extranjeras.<br \/>\nContinuando con el esquema establecido en el anterior libro, de los mismos autores, El juego dram\u00e1tico de 5 a 9 a\u00f1os, en la presente obra se ofrecen claves did\u00e1cticas para la introducci\u00f3n de la dram\u00e1tica creativa en las edades comprendidas entre 9 y 13 a\u00f1os.<br \/>\nEste libro constituye una gu\u00eda fundamental para introducir el teatro en el aula de manera f\u00e1cil y divertida tanto para el profesor como sus alumnos, siendo de inter\u00e9s para profesionales de la educaci\u00f3n o del teatro interesados en la pedagog\u00eda teatral.<\/p>\n","protected":false},"featured_media":17107,"comment_status":"open","ping_status":"closed","template":"","meta":{"_et_pb_use_builder":"","_et_pb_old_content":"","_et_gb_content_width":""},"product_cat":[1507,1512,6675],"product_tag":[2602],"edicion":[1083],"editoriales":[1156,1160],"tienda":[],"autor_id":[5885,6048],"universidades_coeditoras":[],"palabras_clave":[],"listado_alfabetico":[],"acf":[],"_links":{"self":[{"href":"https:\/\/wizardly-davinci.82-223-8-23.plesk.page\/en\/wp-json\/wp\/v2\/product\/17106"}],"collection":[{"href":"https:\/\/wizardly-davinci.82-223-8-23.plesk.page\/en\/wp-json\/wp\/v2\/product"}],"about":[{"href":"https:\/\/wizardly-davinci.82-223-8-23.plesk.page\/en\/wp-json\/wp\/v2\/types\/product"}],"replies":[{"embeddable":true,"href":"https:\/\/wizardly-davinci.82-223-8-23.plesk.page\/en\/wp-json\/wp\/v2\/comments?post=17106"}],"wp:featuredmedia":[{"embeddable":true,"href":"https:\/\/wizardly-davinci.82-223-8-23.plesk.page\/en\/wp-json\/wp\/v2\/media\/17107"}],"wp:attachment":[{"href":"https:\/\/wizardly-davinci.82-223-8-23.plesk.page\/en\/wp-json\/wp\/v2\/media?parent=17106"}],"wp:term":[{"taxonomy":"product_cat","embeddable":true,"href":"https:\/\/wizardly-davinci.82-223-8-23.plesk.page\/en\/wp-json\/wp\/v2\/product_cat?post=17106"},{"taxonomy":"product_tag","embeddable":true,"href":"https:\/\/wizardly-davinci.82-223-8-23.plesk.page\/en\/wp-json\/wp\/v2\/product_tag?post=17106"},{"taxonomy":"edicion","embeddable":true,"href":"https:\/\/wizardly-davinci.82-223-8-23.plesk.page\/en\/wp-json\/wp\/v2\/edicion?post=17106"},{"taxonomy":"editoriales","embeddable":true,"href":"https:\/\/wizardly-davinci.82-223-8-23.plesk.page\/en\/wp-json\/wp\/v2\/editoriales?post=17106"},{"taxonomy":"tienda","embeddable":true,"href":"https:\/\/wizardly-davinci.82-223-8-23.plesk.page\/en\/wp-json\/wp\/v2\/tienda?post=17106"},{"taxonomy":"autor_id","embeddable":true,"href":"https:\/\/wizardly-davinci.82-223-8-23.plesk.page\/en\/wp-json\/wp\/v2\/autor_id?post=17106"},{"taxonomy":"universidades_coeditoras","embeddable":true,"href":"https:\/\/wizardly-davinci.82-223-8-23.plesk.page\/en\/wp-json\/wp\/v2\/universidades_coeditoras?post=17106"},{"taxonomy":"palabras_clave","embeddable":true,"href":"https:\/\/wizardly-davinci.82-223-8-23.plesk.page\/en\/wp-json\/wp\/v2\/palabras_clave?post=17106"},{"taxonomy":"listado_alfabetico","embeddable":true,"href":"https:\/\/wizardly-davinci.82-223-8-23.plesk.page\/en\/wp-json\/wp\/v2\/listado_alfabetico?post=17106"}],"curies":[{"name":"wp","href":"https:\/\/api.w.org\/{rel}","templated":true}]}}