{"id":17108,"date":"2019-04-09T22:22:26","date_gmt":"2019-04-09T22:22:26","guid":{"rendered":"https:\/\/octaedro.com\/producto\/leer-hipertextos\/"},"modified":"2023-04-20T11:26:08","modified_gmt":"2023-04-20T09:26:08","slug":"leer-hipertextos","status":"publish","type":"product","link":"https:\/\/wizardly-davinci.82-223-8-23.plesk.page\/en\/producto\/leer-hipertextos\/","title":{"rendered":"Leer hipertextros"},"content":{"rendered":"<p><span class=\"destacat\">Leer hipertextos<\/span> es un hecho constante en nuestro contexto tecnol\u00f3gico y social. En esta sociedad del conocimiento y de la comunicaci\u00f3n, el lector actual est\u00e1 en permanente actividad lectora y receptora de todo tipo de hipertextos. Por eso sus competencias lectoras y receptoras necesitan ampliar perspectivas ante las nuevas textualidades multimodales y las distintas opciones de hipertextualidad \u2013inclusi\u00f3n de un texto en otro\u2014, impresas o digitales. Los hipertextos digitales y los hipertextos textuales (hipertextos de papel) se diferencian por las caracter\u00edsticas de sus soportes, por la posibilidad de incluir un tipo u otro de hiperv\u00ednculos, por los textos multimodales que generan y, especialmente, por las trayectorias de lectura lineal o no lineal que ofrecen<br \/>\nLos diversos estudios de este volumen aportan bases conceptuales, se centran en an\u00e1lisis y justificaciones did\u00e1cticas sobre las diferentes perspectivas del hecho hipertextual en el discurso literario para potenciar las pertinentes competencias de formaci\u00f3n del lector \u2013tambi\u00e9n del nativo digital\u2014 que se enfrenta cotidianamente a unos u otros tipos de hipertextos.<br \/>\nEste volumen aporta perspectivas y claves innovadoras para el \u00e1mbito de la educaci\u00f3n literaria y el acceso a los nuevos modos de leer, necesarias para desarrollar orientaciones metodol\u00f3gicas actualizadas.<br \/>\nLa obra se dirige al profesorado de los diferentes niveles educativos, bibliotecarios, orientadores y mediadores y aporta bases conceptuales, an\u00e1lisis de caracter\u00edsticas de la creaci\u00f3n hipertextual y orientaciones did\u00e1cticas para potenciar las competencias de recepci\u00f3n por el espacio de los hipertextos que constituyen las creaciones literarias.<\/p>\n","protected":false},"excerpt":{"rendered":"<p><span class=\"destacat\">Leer hipertextos<\/span> es un hecho constante en nuestro contexto tecnol\u00f3gico y social. En esta sociedad del conocimiento y de la comunicaci\u00f3n, el lector actual est\u00e1 en permanente actividad lectora y receptora de todo tipo de hipertextos. Por eso sus competencias lectoras y receptoras necesitan ampliar perspectivas ante las nuevas textualidades multimodales y las distintas opciones de hipertextualidad \u2013inclusi\u00f3n de un texto en otro\u2014, impresas o digitales. Los hipertextos digitales y los hipertextos textuales (hipertextos de papel) se diferencian por las caracter\u00edsticas de sus soportes, por la posibilidad de incluir un tipo u otro de hiperv\u00ednculos, por los textos multimodales que generan y, especialmente, por las trayectorias de lectura lineal o no lineal que ofrecen<br \/>\nLos diversos estudios de este volumen aportan bases conceptuales, se centran en an\u00e1lisis y justificaciones did\u00e1cticas sobre las diferentes perspectivas del hecho hipertextual en el discurso literario para potenciar las pertinentes competencias de formaci\u00f3n del lector \u2013tambi\u00e9n del nativo digital\u2014 que se enfrenta cotidianamente a unos u otros tipos de hipertextos.<br \/>\nEste volumen aporta perspectivas y claves innovadoras para el \u00e1mbito de la educaci\u00f3n literaria y el acceso a los nuevos modos de leer, necesarias para desarrollar orientaciones metodol\u00f3gicas actualizadas.<br \/>\nLa obra se dirige al profesorado de los diferentes niveles educativos, bibliotecarios, orientadores y mediadores y aporta bases conceptuales, an\u00e1lisis de caracter\u00edsticas de la creaci\u00f3n hipertextual y orientaciones did\u00e1cticas para potenciar las competencias de recepci\u00f3n por el espacio de los hipertextos que constituyen las creaciones literarias.<\/p>\n","protected":false},"featured_media":32945,"comment_status":"open","ping_status":"closed","template":"","meta":{"_et_pb_use_builder":"","_et_pb_old_content":"","_et_gb_content_width":""},"product_cat":[1512,6675],"product_tag":[2604],"edicion":[],"editoriales":[1160],"tienda":[],"autor_id":[5963],"universidades_coeditoras":[7232,7266],"palabras_clave":[],"listado_alfabetico":[],"acf":[],"_links":{"self":[{"href":"https:\/\/wizardly-davinci.82-223-8-23.plesk.page\/en\/wp-json\/wp\/v2\/product\/17108"}],"collection":[{"href":"https:\/\/wizardly-davinci.82-223-8-23.plesk.page\/en\/wp-json\/wp\/v2\/product"}],"about":[{"href":"https:\/\/wizardly-davinci.82-223-8-23.plesk.page\/en\/wp-json\/wp\/v2\/types\/product"}],"replies":[{"embeddable":true,"href":"https:\/\/wizardly-davinci.82-223-8-23.plesk.page\/en\/wp-json\/wp\/v2\/comments?post=17108"}],"wp:featuredmedia":[{"embeddable":true,"href":"https:\/\/wizardly-davinci.82-223-8-23.plesk.page\/en\/wp-json\/wp\/v2\/media\/32945"}],"wp:attachment":[{"href":"https:\/\/wizardly-davinci.82-223-8-23.plesk.page\/en\/wp-json\/wp\/v2\/media?parent=17108"}],"wp:term":[{"taxonomy":"product_cat","embeddable":true,"href":"https:\/\/wizardly-davinci.82-223-8-23.plesk.page\/en\/wp-json\/wp\/v2\/product_cat?post=17108"},{"taxonomy":"product_tag","embeddable":true,"href":"https:\/\/wizardly-davinci.82-223-8-23.plesk.page\/en\/wp-json\/wp\/v2\/product_tag?post=17108"},{"taxonomy":"edicion","embeddable":true,"href":"https:\/\/wizardly-davinci.82-223-8-23.plesk.page\/en\/wp-json\/wp\/v2\/edicion?post=17108"},{"taxonomy":"editoriales","embeddable":true,"href":"https:\/\/wizardly-davinci.82-223-8-23.plesk.page\/en\/wp-json\/wp\/v2\/editoriales?post=17108"},{"taxonomy":"tienda","embeddable":true,"href":"https:\/\/wizardly-davinci.82-223-8-23.plesk.page\/en\/wp-json\/wp\/v2\/tienda?post=17108"},{"taxonomy":"autor_id","embeddable":true,"href":"https:\/\/wizardly-davinci.82-223-8-23.plesk.page\/en\/wp-json\/wp\/v2\/autor_id?post=17108"},{"taxonomy":"universidades_coeditoras","embeddable":true,"href":"https:\/\/wizardly-davinci.82-223-8-23.plesk.page\/en\/wp-json\/wp\/v2\/universidades_coeditoras?post=17108"},{"taxonomy":"palabras_clave","embeddable":true,"href":"https:\/\/wizardly-davinci.82-223-8-23.plesk.page\/en\/wp-json\/wp\/v2\/palabras_clave?post=17108"},{"taxonomy":"listado_alfabetico","embeddable":true,"href":"https:\/\/wizardly-davinci.82-223-8-23.plesk.page\/en\/wp-json\/wp\/v2\/listado_alfabetico?post=17108"}],"curies":[{"name":"wp","href":"https:\/\/api.w.org\/{rel}","templated":true}]}}