{"id":17110,"date":"2019-04-09T22:22:26","date_gmt":"2019-04-09T22:22:26","guid":{"rendered":"https:\/\/octaedro.com\/producto\/la-organizacion-del-espacio-en-el-aula-infantil\/"},"modified":"2023-04-20T11:26:15","modified_gmt":"2023-04-20T09:26:15","slug":"la-organizacion-del-espacio-en-el-aula-infantil","status":"publish","type":"product","link":"https:\/\/wizardly-davinci.82-223-8-23.plesk.page\/en\/producto\/la-organizacion-del-espacio-en-el-aula-infantil\/","title":{"rendered":"La organizaci\u00f3n del espacio en el aula infantil"},"content":{"rendered":"<p>En la actualidad la sociedad demanda cambios en los centros educativos, tanto en la oferta de formaci\u00f3n de los mismos como en las condiciones materiales y estructurales. Todos los enfoques recientes sobre el aprendizaje destacan la importancia de la variable organizativa espacial. Consideramos que esta variable es un elemento interesante para transformar la estructura de las organizaciones educativas.<br \/>Nuestro inter\u00e9s se ha centradoen la primera etapa de nuestro sistema: Educaci\u00f3n Infantil (0-6 a\u00f1os). Tomamos la idea de aquellos expertos que afirman que todo lo que realmente se necesita saber acerca de c\u00f3mo vivir, qu\u00e9 hacer y de qu\u00e9 modo, se aprende en la escuela infantil.<br \/>El objetivo global de este trabajo es ofrecer un conocimiento en profundidad de la organizaci\u00f3n del aula, especialmente en el segundo ciclo de Educaci\u00f3n Infantil (3-6 a\u00f1os), de los perfiles docentes que favorecen o posibilitan la distribuci\u00f3n del aula en rincones y de c\u00f3mo dicha organizaci\u00f3n influye en el aprendizaje del alumnado. Hemos partido de los aportes te\u00f3ricos para, en la segunda parte, presentar diversas propuestas desde la pr\u00e1ctica.<br \/>Pensamos que puede ser una interesante aportaci\u00f3n para educadores infantiles, as\u00ed como para el alumnado universitario del grado de Educaci\u00f3n Infantil.<\/p>\n","protected":false},"excerpt":{"rendered":"<p>En la actualidad la sociedad demanda cambios en los centros educativos, tanto en la oferta de formaci\u00f3n de los mismos como en las condiciones materiales y estructurales. Todos los enfoques recientes sobre el aprendizaje destacan la importancia de la variable organizativa espacial. Consideramos que esta variable es un elemento interesante para transformar la estructura de las organizaciones educativas.<br \/>Nuestro inter\u00e9s se ha centradoen la primera etapa de nuestro sistema: Educaci\u00f3n Infantil (0-6 a\u00f1os). Tomamos la idea de aquellos expertos que afirman que todo lo que realmente se necesita saber acerca de c\u00f3mo vivir, qu\u00e9 hacer y de qu\u00e9 modo, se aprende en la escuela infantil.<br \/>El objetivo global de este trabajo es ofrecer un conocimiento en profundidad de la organizaci\u00f3n del aula, especialmente en el segundo ciclo de Educaci\u00f3n Infantil (3-6 a\u00f1os), de los perfiles docentes que favorecen o posibilitan la distribuci\u00f3n del aula en rincones y de c\u00f3mo dicha organizaci\u00f3n influye en el aprendizaje del alumnado. Hemos partido de los aportes te\u00f3ricos para, en la segunda parte, presentar diversas propuestas desde la pr\u00e1ctica.<br \/>Pensamos que puede ser una interesante aportaci\u00f3n para educadores infantiles, as\u00ed como para el alumnado universitario del grado de Educaci\u00f3n Infantil.<\/p>\n","protected":false},"featured_media":17111,"comment_status":"open","ping_status":"closed","template":"","meta":{"_et_pb_use_builder":"","_et_pb_old_content":"","_et_gb_content_width":""},"product_cat":[1512],"product_tag":[],"edicion":[],"editoriales":[1160],"tienda":[],"autor_id":[5873,5955],"universidades_coeditoras":[],"palabras_clave":[],"listado_alfabetico":[],"acf":[],"_links":{"self":[{"href":"https:\/\/wizardly-davinci.82-223-8-23.plesk.page\/en\/wp-json\/wp\/v2\/product\/17110"}],"collection":[{"href":"https:\/\/wizardly-davinci.82-223-8-23.plesk.page\/en\/wp-json\/wp\/v2\/product"}],"about":[{"href":"https:\/\/wizardly-davinci.82-223-8-23.plesk.page\/en\/wp-json\/wp\/v2\/types\/product"}],"replies":[{"embeddable":true,"href":"https:\/\/wizardly-davinci.82-223-8-23.plesk.page\/en\/wp-json\/wp\/v2\/comments?post=17110"}],"wp:featuredmedia":[{"embeddable":true,"href":"https:\/\/wizardly-davinci.82-223-8-23.plesk.page\/en\/wp-json\/wp\/v2\/media\/17111"}],"wp:attachment":[{"href":"https:\/\/wizardly-davinci.82-223-8-23.plesk.page\/en\/wp-json\/wp\/v2\/media?parent=17110"}],"wp:term":[{"taxonomy":"product_cat","embeddable":true,"href":"https:\/\/wizardly-davinci.82-223-8-23.plesk.page\/en\/wp-json\/wp\/v2\/product_cat?post=17110"},{"taxonomy":"product_tag","embeddable":true,"href":"https:\/\/wizardly-davinci.82-223-8-23.plesk.page\/en\/wp-json\/wp\/v2\/product_tag?post=17110"},{"taxonomy":"edicion","embeddable":true,"href":"https:\/\/wizardly-davinci.82-223-8-23.plesk.page\/en\/wp-json\/wp\/v2\/edicion?post=17110"},{"taxonomy":"editoriales","embeddable":true,"href":"https:\/\/wizardly-davinci.82-223-8-23.plesk.page\/en\/wp-json\/wp\/v2\/editoriales?post=17110"},{"taxonomy":"tienda","embeddable":true,"href":"https:\/\/wizardly-davinci.82-223-8-23.plesk.page\/en\/wp-json\/wp\/v2\/tienda?post=17110"},{"taxonomy":"autor_id","embeddable":true,"href":"https:\/\/wizardly-davinci.82-223-8-23.plesk.page\/en\/wp-json\/wp\/v2\/autor_id?post=17110"},{"taxonomy":"universidades_coeditoras","embeddable":true,"href":"https:\/\/wizardly-davinci.82-223-8-23.plesk.page\/en\/wp-json\/wp\/v2\/universidades_coeditoras?post=17110"},{"taxonomy":"palabras_clave","embeddable":true,"href":"https:\/\/wizardly-davinci.82-223-8-23.plesk.page\/en\/wp-json\/wp\/v2\/palabras_clave?post=17110"},{"taxonomy":"listado_alfabetico","embeddable":true,"href":"https:\/\/wizardly-davinci.82-223-8-23.plesk.page\/en\/wp-json\/wp\/v2\/listado_alfabetico?post=17110"}],"curies":[{"name":"wp","href":"https:\/\/api.w.org\/{rel}","templated":true}]}}