{"id":17114,"date":"2019-04-09T22:22:27","date_gmt":"2019-04-09T22:22:27","guid":{"rendered":"https:\/\/octaedro.com\/producto\/familia-escuela-y-comunidad-un-encuentro-necesario\/"},"modified":"2023-04-20T11:26:29","modified_gmt":"2023-04-20T09:26:29","slug":"familia-escuela-y-comunidad-un-encuentro-necesario","status":"publish","type":"product","link":"https:\/\/wizardly-davinci.82-223-8-23.plesk.page\/en\/producto\/familia-escuela-y-comunidad-un-encuentro-necesario\/","title":{"rendered":"Familia, escuela y comunidad: un encuentro necesario"},"content":{"rendered":"<p>El debate constante sobre las dificultades que se presentan en las relaciones entre las familias y la escuela est\u00e1 haciendo crecer la desconfianza entre ambos colectivos, as\u00ed como aumentar los puntos de desencuentro, a pesar de que cada colectivo expresa el deseo y la necesidad de mejorar dichas relaciones. Este ha sido el punto de partida para abordar el presente libro. Sus autoras, un equipo multidisciplinar, con experiencias profesionales diversas en el marco familiar, escolar y municipal, siempre se han preocupado por fortalecer las relaciones, analizando los puntos de desencuentro y haciendo visibles las oportunidades y experiencias exitosas de algunos grupos.<br \/>\nEl presente trabajo, basado en la confianza de que esta situaci\u00f3n se puede revertir, se propone la modificaci\u00f3n de algunos enfoques actuales y se plantea la posibilidad de abrir nuevos horizontes. Sus principales objetivos son:<br \/>\n\u2022 Favorecer la comprensi\u00f3n de los factores identitarios de cada colectivo: familiar, escolar y del entorno.<br \/>\n\u2022 Superar las formas prescriptivas que, siendo un marco legal positivo, no logran vincular a la totalidad de las familias.<br \/>\n\u2022 Modificar las interpretaciones y atribuciones que se hacen en relaci\u00f3n con la participaci\u00f3n.<br \/>\n\u2022 Favorecer la implicaci\u00f3n de la infancia y especialmente la adolescencia en esta comunicaci\u00f3n.<br \/>\nEl libro est\u00e1 dirigido a familias, profesorado y profesionales que intervengan en el \u00e1mbito familiar y escolar. Asimismo, est\u00e1 dedicado de forma especial al alumnado que se est\u00e1 formando en el campo de la intervenci\u00f3n educativa y en los contextos de formaci\u00f3n continuada, y en general a las personas interesadas en las relaciones entre los diferentes sectores de la educaci\u00f3n.<\/p>\n","protected":false},"excerpt":{"rendered":"<p>El debate constante sobre las dificultades que se presentan en las relaciones entre las familias y la escuela est\u00e1 haciendo crecer la desconfianza entre ambos colectivos, as\u00ed como aumentar los puntos de desencuentro, a pesar de que cada colectivo expresa el deseo y la necesidad de mejorar dichas relaciones. Este ha sido el punto de partida para abordar el presente libro. Sus autoras, un equipo multidisciplinar, con experiencias profesionales diversas en el marco familiar, escolar y municipal, siempre se han preocupado por fortalecer las relaciones, analizando los puntos de desencuentro y haciendo visibles las oportunidades y experiencias exitosas de algunos grupos.<br \/>\nEl presente trabajo, basado en la confianza de que esta situaci\u00f3n se puede revertir, se propone la modificaci\u00f3n de algunos enfoques actuales y se plantea la posibilidad de abrir nuevos horizontes. Sus principales objetivos son:<br \/>\n\u2022 Favorecer la comprensi\u00f3n de los factores identitarios de cada colectivo: familiar, escolar y del entorno.<br \/>\n\u2022 Superar las formas prescriptivas que, siendo un marco legal positivo, no logran vincular a la totalidad de las familias.<br \/>\n\u2022 Modificar las interpretaciones y atribuciones que se hacen en relaci\u00f3n con la participaci\u00f3n.<br \/>\n\u2022 Favorecer la implicaci\u00f3n de la infancia y especialmente la adolescencia en esta comunicaci\u00f3n.<br \/>\nEl libro est\u00e1 dirigido a familias, profesorado y profesionales que intervengan en el \u00e1mbito familiar y escolar. Asimismo, est\u00e1 dedicado de forma especial al alumnado que se est\u00e1 formando en el campo de la intervenci\u00f3n educativa y en los contextos de formaci\u00f3n continuada, y en general a las personas interesadas en las relaciones entre los diferentes sectores de la educaci\u00f3n.<\/p>\n","protected":false},"featured_media":17115,"comment_status":"open","ping_status":"closed","template":"","meta":{"_et_pb_use_builder":"","_et_pb_old_content":"","_et_gb_content_width":""},"product_cat":[2606,1512,6674,6675,6673],"product_tag":[2609],"edicion":[1085,1084,1083],"editoriales":[1160],"tienda":[],"autor_id":[],"universidades_coeditoras":[],"palabras_clave":[],"listado_alfabetico":[],"acf":[],"_links":{"self":[{"href":"https:\/\/wizardly-davinci.82-223-8-23.plesk.page\/en\/wp-json\/wp\/v2\/product\/17114"}],"collection":[{"href":"https:\/\/wizardly-davinci.82-223-8-23.plesk.page\/en\/wp-json\/wp\/v2\/product"}],"about":[{"href":"https:\/\/wizardly-davinci.82-223-8-23.plesk.page\/en\/wp-json\/wp\/v2\/types\/product"}],"replies":[{"embeddable":true,"href":"https:\/\/wizardly-davinci.82-223-8-23.plesk.page\/en\/wp-json\/wp\/v2\/comments?post=17114"}],"wp:featuredmedia":[{"embeddable":true,"href":"https:\/\/wizardly-davinci.82-223-8-23.plesk.page\/en\/wp-json\/wp\/v2\/media\/17115"}],"wp:attachment":[{"href":"https:\/\/wizardly-davinci.82-223-8-23.plesk.page\/en\/wp-json\/wp\/v2\/media?parent=17114"}],"wp:term":[{"taxonomy":"product_cat","embeddable":true,"href":"https:\/\/wizardly-davinci.82-223-8-23.plesk.page\/en\/wp-json\/wp\/v2\/product_cat?post=17114"},{"taxonomy":"product_tag","embeddable":true,"href":"https:\/\/wizardly-davinci.82-223-8-23.plesk.page\/en\/wp-json\/wp\/v2\/product_tag?post=17114"},{"taxonomy":"edicion","embeddable":true,"href":"https:\/\/wizardly-davinci.82-223-8-23.plesk.page\/en\/wp-json\/wp\/v2\/edicion?post=17114"},{"taxonomy":"editoriales","embeddable":true,"href":"https:\/\/wizardly-davinci.82-223-8-23.plesk.page\/en\/wp-json\/wp\/v2\/editoriales?post=17114"},{"taxonomy":"tienda","embeddable":true,"href":"https:\/\/wizardly-davinci.82-223-8-23.plesk.page\/en\/wp-json\/wp\/v2\/tienda?post=17114"},{"taxonomy":"autor_id","embeddable":true,"href":"https:\/\/wizardly-davinci.82-223-8-23.plesk.page\/en\/wp-json\/wp\/v2\/autor_id?post=17114"},{"taxonomy":"universidades_coeditoras","embeddable":true,"href":"https:\/\/wizardly-davinci.82-223-8-23.plesk.page\/en\/wp-json\/wp\/v2\/universidades_coeditoras?post=17114"},{"taxonomy":"palabras_clave","embeddable":true,"href":"https:\/\/wizardly-davinci.82-223-8-23.plesk.page\/en\/wp-json\/wp\/v2\/palabras_clave?post=17114"},{"taxonomy":"listado_alfabetico","embeddable":true,"href":"https:\/\/wizardly-davinci.82-223-8-23.plesk.page\/en\/wp-json\/wp\/v2\/listado_alfabetico?post=17114"}],"curies":[{"name":"wp","href":"https:\/\/api.w.org\/{rel}","templated":true}]}}