{"id":17116,"date":"2019-04-09T22:22:27","date_gmt":"2019-04-09T22:22:27","guid":{"rendered":"https:\/\/octaedro.com\/producto\/didactica-de-la-lengua-para-la-formacion-de-maestros\/"},"modified":"2023-04-20T11:26:35","modified_gmt":"2023-04-20T09:26:35","slug":"didactica-de-la-lengua-para-la-formacion-de-maestros","status":"publish","type":"product","link":"https:\/\/wizardly-davinci.82-223-8-23.plesk.page\/en\/producto\/didactica-de-la-lengua-para-la-formacion-de-maestros\/","title":{"rendered":"Did\u00e1ctica de la lengua para la formaci\u00f3n de maestros"},"content":{"rendered":"<p>Esta obra pretende dar respuesta a la formaci\u00f3n profesional espec\u00edfica que han de recibir los maestros para ense\u00f1ar lengua materna o primera en \u00e1mbitos escolares. Se concibe la actividad did\u00e1ctica como el dise\u00f1o y la puesta en pr\u00e1ctica de acciones de ense\u00f1anza y aprendizaje en \u00e1mbitos acad\u00e9micos y profesionales para capacitar a los futuros maestros en el dominio de c\u00f3mo ense\u00f1ar las habilidades ling\u00fc\u00edsticas (hablar, escuchar, leer y escribir), mediante herramientas y ayudas necesarias. Todo ello con la finalidad de construir conocimiento y transmitir saberes. El libro contiene setenta y tantas actividades y est\u00e1 pensado, principalmente, para la formaci\u00f3n inicial y permanente de maestros y maestras.<\/p>\n","protected":false},"excerpt":{"rendered":"<p>Esta obra pretende dar respuesta a la formaci\u00f3n profesional espec\u00edfica que han de recibir los maestros para ense\u00f1ar lengua materna o primera en \u00e1mbitos escolares. Se concibe la actividad did\u00e1ctica como el dise\u00f1o y la puesta en pr\u00e1ctica de acciones de ense\u00f1anza y aprendizaje en \u00e1mbitos acad\u00e9micos y profesionales para capacitar a los futuros maestros en el dominio de c\u00f3mo ense\u00f1ar las habilidades ling\u00fc\u00edsticas (hablar, escuchar, leer y escribir), mediante herramientas y ayudas necesarias. Todo ello con la finalidad de construir conocimiento y transmitir saberes. El libro contiene setenta y tantas actividades y est\u00e1 pensado, principalmente, para la formaci\u00f3n inicial y permanente de maestros y maestras.<\/p>\n","protected":false},"featured_media":17117,"comment_status":"open","ping_status":"closed","template":"","meta":{"_et_pb_use_builder":"","_et_pb_old_content":"","_et_gb_content_width":""},"product_cat":[2606,1512,6675,6673],"product_tag":[2604],"edicion":[1084,1083],"editoriales":[1160],"tienda":[],"autor_id":[6621],"universidades_coeditoras":[],"palabras_clave":[],"listado_alfabetico":[],"acf":[],"_links":{"self":[{"href":"https:\/\/wizardly-davinci.82-223-8-23.plesk.page\/en\/wp-json\/wp\/v2\/product\/17116"}],"collection":[{"href":"https:\/\/wizardly-davinci.82-223-8-23.plesk.page\/en\/wp-json\/wp\/v2\/product"}],"about":[{"href":"https:\/\/wizardly-davinci.82-223-8-23.plesk.page\/en\/wp-json\/wp\/v2\/types\/product"}],"replies":[{"embeddable":true,"href":"https:\/\/wizardly-davinci.82-223-8-23.plesk.page\/en\/wp-json\/wp\/v2\/comments?post=17116"}],"wp:featuredmedia":[{"embeddable":true,"href":"https:\/\/wizardly-davinci.82-223-8-23.plesk.page\/en\/wp-json\/wp\/v2\/media\/17117"}],"wp:attachment":[{"href":"https:\/\/wizardly-davinci.82-223-8-23.plesk.page\/en\/wp-json\/wp\/v2\/media?parent=17116"}],"wp:term":[{"taxonomy":"product_cat","embeddable":true,"href":"https:\/\/wizardly-davinci.82-223-8-23.plesk.page\/en\/wp-json\/wp\/v2\/product_cat?post=17116"},{"taxonomy":"product_tag","embeddable":true,"href":"https:\/\/wizardly-davinci.82-223-8-23.plesk.page\/en\/wp-json\/wp\/v2\/product_tag?post=17116"},{"taxonomy":"edicion","embeddable":true,"href":"https:\/\/wizardly-davinci.82-223-8-23.plesk.page\/en\/wp-json\/wp\/v2\/edicion?post=17116"},{"taxonomy":"editoriales","embeddable":true,"href":"https:\/\/wizardly-davinci.82-223-8-23.plesk.page\/en\/wp-json\/wp\/v2\/editoriales?post=17116"},{"taxonomy":"tienda","embeddable":true,"href":"https:\/\/wizardly-davinci.82-223-8-23.plesk.page\/en\/wp-json\/wp\/v2\/tienda?post=17116"},{"taxonomy":"autor_id","embeddable":true,"href":"https:\/\/wizardly-davinci.82-223-8-23.plesk.page\/en\/wp-json\/wp\/v2\/autor_id?post=17116"},{"taxonomy":"universidades_coeditoras","embeddable":true,"href":"https:\/\/wizardly-davinci.82-223-8-23.plesk.page\/en\/wp-json\/wp\/v2\/universidades_coeditoras?post=17116"},{"taxonomy":"palabras_clave","embeddable":true,"href":"https:\/\/wizardly-davinci.82-223-8-23.plesk.page\/en\/wp-json\/wp\/v2\/palabras_clave?post=17116"},{"taxonomy":"listado_alfabetico","embeddable":true,"href":"https:\/\/wizardly-davinci.82-223-8-23.plesk.page\/en\/wp-json\/wp\/v2\/listado_alfabetico?post=17116"}],"curies":[{"name":"wp","href":"https:\/\/api.w.org\/{rel}","templated":true}]}}