{"id":17118,"date":"2019-04-09T22:22:27","date_gmt":"2019-04-09T22:22:27","guid":{"rendered":"https:\/\/octaedro.com\/producto\/bibliotecas-escolares-lectura-y-educacion\/"},"modified":"2023-04-20T11:26:42","modified_gmt":"2023-04-20T09:26:42","slug":"bibliotecas-escolares-lectura-y-educacion","status":"publish","type":"product","link":"https:\/\/wizardly-davinci.82-223-8-23.plesk.page\/en\/producto\/bibliotecas-escolares-lectura-y-educacion\/","title":{"rendered":"Bibliotecas escolares, lecturas y educaci\u00f3n"},"content":{"rendered":"<p>Este libro se estructura en tres apartados, todos ellos esenciales para la formaci\u00f3n de las personas implicadas en el desarrollo de h\u00e1bitos lectores entre los j\u00f3venes: el primero relacionado con estudios e investigaciones sobre la literatura infantil y juvenil; el segundo, con las bibliotecas escolares y su dinamizaci\u00f3n, y el tercero, con estrategias de animaci\u00f3n a la lectura.<br \/>\nSe completa con tres interesantes ap\u00e9ndices: dos de ellos bibliogr\u00e1ficos; el tercero es un exhaustivo \u00abdiccionario de citas\u00bb, agrupadas en diez bloques y relacionadas con la lectura, la escritura, la literatura y la animaci\u00f3n.<\/p>\n","protected":false},"excerpt":{"rendered":"<p>Este libro se estructura en tres apartados, todos ellos esenciales para la formaci\u00f3n de las personas implicadas en el desarrollo de h\u00e1bitos lectores entre los j\u00f3venes: el primero relacionado con estudios e investigaciones sobre la literatura infantil y juvenil; el segundo, con las bibliotecas escolares y su dinamizaci\u00f3n, y el tercero, con estrategias de animaci\u00f3n a la lectura.<br \/>\nSe completa con tres interesantes ap\u00e9ndices: dos de ellos bibliogr\u00e1ficos; el tercero es un exhaustivo \u00abdiccionario de citas\u00bb, agrupadas en diez bloques y relacionadas con la lectura, la escritura, la literatura y la animaci\u00f3n.<\/p>\n","protected":false},"featured_media":17119,"comment_status":"open","ping_status":"closed","template":"","meta":{"_et_pb_use_builder":"","_et_pb_old_content":"","_et_gb_content_width":""},"product_cat":[2606,1512,6674,6675,6673],"product_tag":[2609],"edicion":[1085,1084,1083],"editoriales":[1160],"tienda":[],"autor_id":[5783],"universidades_coeditoras":[],"palabras_clave":[],"listado_alfabetico":[],"acf":[],"_links":{"self":[{"href":"https:\/\/wizardly-davinci.82-223-8-23.plesk.page\/en\/wp-json\/wp\/v2\/product\/17118"}],"collection":[{"href":"https:\/\/wizardly-davinci.82-223-8-23.plesk.page\/en\/wp-json\/wp\/v2\/product"}],"about":[{"href":"https:\/\/wizardly-davinci.82-223-8-23.plesk.page\/en\/wp-json\/wp\/v2\/types\/product"}],"replies":[{"embeddable":true,"href":"https:\/\/wizardly-davinci.82-223-8-23.plesk.page\/en\/wp-json\/wp\/v2\/comments?post=17118"}],"wp:featuredmedia":[{"embeddable":true,"href":"https:\/\/wizardly-davinci.82-223-8-23.plesk.page\/en\/wp-json\/wp\/v2\/media\/17119"}],"wp:attachment":[{"href":"https:\/\/wizardly-davinci.82-223-8-23.plesk.page\/en\/wp-json\/wp\/v2\/media?parent=17118"}],"wp:term":[{"taxonomy":"product_cat","embeddable":true,"href":"https:\/\/wizardly-davinci.82-223-8-23.plesk.page\/en\/wp-json\/wp\/v2\/product_cat?post=17118"},{"taxonomy":"product_tag","embeddable":true,"href":"https:\/\/wizardly-davinci.82-223-8-23.plesk.page\/en\/wp-json\/wp\/v2\/product_tag?post=17118"},{"taxonomy":"edicion","embeddable":true,"href":"https:\/\/wizardly-davinci.82-223-8-23.plesk.page\/en\/wp-json\/wp\/v2\/edicion?post=17118"},{"taxonomy":"editoriales","embeddable":true,"href":"https:\/\/wizardly-davinci.82-223-8-23.plesk.page\/en\/wp-json\/wp\/v2\/editoriales?post=17118"},{"taxonomy":"tienda","embeddable":true,"href":"https:\/\/wizardly-davinci.82-223-8-23.plesk.page\/en\/wp-json\/wp\/v2\/tienda?post=17118"},{"taxonomy":"autor_id","embeddable":true,"href":"https:\/\/wizardly-davinci.82-223-8-23.plesk.page\/en\/wp-json\/wp\/v2\/autor_id?post=17118"},{"taxonomy":"universidades_coeditoras","embeddable":true,"href":"https:\/\/wizardly-davinci.82-223-8-23.plesk.page\/en\/wp-json\/wp\/v2\/universidades_coeditoras?post=17118"},{"taxonomy":"palabras_clave","embeddable":true,"href":"https:\/\/wizardly-davinci.82-223-8-23.plesk.page\/en\/wp-json\/wp\/v2\/palabras_clave?post=17118"},{"taxonomy":"listado_alfabetico","embeddable":true,"href":"https:\/\/wizardly-davinci.82-223-8-23.plesk.page\/en\/wp-json\/wp\/v2\/listado_alfabetico?post=17118"}],"curies":[{"name":"wp","href":"https:\/\/api.w.org\/{rel}","templated":true}]}}