{"id":17126,"date":"2019-04-09T22:22:29","date_gmt":"2019-04-09T22:22:29","guid":{"rendered":"https:\/\/octaedro.com\/producto\/imbricar-filosofia-para-ninos-y-jovenes-en-los-centros-escolares\/"},"modified":"2023-04-20T11:30:52","modified_gmt":"2023-04-20T09:30:52","slug":"imbricar-filosofia-para-ninos-y-jovenes-en-los-centros-escolares","status":"publish","type":"product","link":"https:\/\/wizardly-davinci.82-223-8-23.plesk.page\/en\/producto\/imbricar-filosofia-para-ninos-y-jovenes-en-los-centros-escolares\/","title":{"rendered":"Imbricar Filosof\u00eda para Ni\u00f1os y J\u00f3venes en los centros escolares"},"content":{"rendered":"<p>En este libro Leslie C\u00e1zares logra una magistral combinaci\u00f3n y un perfecto equilibrio entre la descripci\u00f3n seria y actualizada de los fundamentos te\u00f3ricos de Filosof\u00eda para Ni\u00f1os y J\u00f3venes y la descripci\u00f3n de estrategias espec\u00edficas, creativas e innovadoras para su implementaci\u00f3n en los diferentes niveles educativos, desde preescolar hasta bachillerato. El libro aporta algo in\u00e9dito en cuanto a los \u00e1mbitos que aborda, especificando secuencias did\u00e1cticas y proyectos, de una manera clara, precisa y erudita del programa para ni\u00f1os, j\u00f3venes, maestros y toda la comunidad educativa.<br \/>\nSe convierte, as\u00ed, en recurso innovador, actualizado e indispensable, de inmenso valor para quienes hacemos filosof\u00eda con ni\u00f1os y adolescentes en el mundo de habla hispana.<\/p>\n<p><em><strong>Eugenio Echeverr\u00eda<\/strong>, presidente de la Federaci\u00f3n Mexicana de Filosof\u00eda para Ni\u00f1os de M\u00e9xico y director del Centro Latinoamericano de Filosof\u00eda para Ni\u00f1os (CELAFIN)<\/em><\/p>\n","protected":false},"excerpt":{"rendered":"<p>En este libro Leslie C\u00e1zares logra una magistral combinaci\u00f3n y un perfecto equilibrio entre la descripci\u00f3n seria y actualizada de los fundamentos te\u00f3ricos de Filosof\u00eda para Ni\u00f1os y J\u00f3venes y la descripci\u00f3n de estrategias espec\u00edficas, creativas e innovadoras para su implementaci\u00f3n en los diferentes niveles educativos, desde preescolar hasta bachillerato. El libro aporta algo in\u00e9dito en cuanto a los \u00e1mbitos que aborda, especificando secuencias did\u00e1cticas y proyectos, de una manera clara, precisa y erudita del programa para ni\u00f1os, j\u00f3venes, maestros y toda la comunidad educativa.<br \/>\nSe convierte, as\u00ed, en recurso innovador, actualizado e indispensable, de inmenso valor para quienes hacemos filosof\u00eda con ni\u00f1os y adolescentes en el mundo de habla hispana.<\/p>\n<p><em><strong>Eugenio Echeverr\u00eda<\/strong>, presidente de la Federaci\u00f3n Mexicana de Filosof\u00eda para Ni\u00f1os de M\u00e9xico y director del Centro Latinoamericano de Filosof\u00eda para Ni\u00f1os (CELAFIN)<\/em><\/p>\n","protected":false},"featured_media":17127,"comment_status":"open","ping_status":"closed","template":"","meta":{"_et_pb_use_builder":"","_et_pb_old_content":"","_et_gb_content_width":""},"product_cat":[1512],"product_tag":[2602],"edicion":[1083],"editoriales":[1160],"tienda":[],"autor_id":[5360],"universidades_coeditoras":[],"palabras_clave":[],"listado_alfabetico":[],"acf":[],"_links":{"self":[{"href":"https:\/\/wizardly-davinci.82-223-8-23.plesk.page\/en\/wp-json\/wp\/v2\/product\/17126"}],"collection":[{"href":"https:\/\/wizardly-davinci.82-223-8-23.plesk.page\/en\/wp-json\/wp\/v2\/product"}],"about":[{"href":"https:\/\/wizardly-davinci.82-223-8-23.plesk.page\/en\/wp-json\/wp\/v2\/types\/product"}],"replies":[{"embeddable":true,"href":"https:\/\/wizardly-davinci.82-223-8-23.plesk.page\/en\/wp-json\/wp\/v2\/comments?post=17126"}],"wp:featuredmedia":[{"embeddable":true,"href":"https:\/\/wizardly-davinci.82-223-8-23.plesk.page\/en\/wp-json\/wp\/v2\/media\/17127"}],"wp:attachment":[{"href":"https:\/\/wizardly-davinci.82-223-8-23.plesk.page\/en\/wp-json\/wp\/v2\/media?parent=17126"}],"wp:term":[{"taxonomy":"product_cat","embeddable":true,"href":"https:\/\/wizardly-davinci.82-223-8-23.plesk.page\/en\/wp-json\/wp\/v2\/product_cat?post=17126"},{"taxonomy":"product_tag","embeddable":true,"href":"https:\/\/wizardly-davinci.82-223-8-23.plesk.page\/en\/wp-json\/wp\/v2\/product_tag?post=17126"},{"taxonomy":"edicion","embeddable":true,"href":"https:\/\/wizardly-davinci.82-223-8-23.plesk.page\/en\/wp-json\/wp\/v2\/edicion?post=17126"},{"taxonomy":"editoriales","embeddable":true,"href":"https:\/\/wizardly-davinci.82-223-8-23.plesk.page\/en\/wp-json\/wp\/v2\/editoriales?post=17126"},{"taxonomy":"tienda","embeddable":true,"href":"https:\/\/wizardly-davinci.82-223-8-23.plesk.page\/en\/wp-json\/wp\/v2\/tienda?post=17126"},{"taxonomy":"autor_id","embeddable":true,"href":"https:\/\/wizardly-davinci.82-223-8-23.plesk.page\/en\/wp-json\/wp\/v2\/autor_id?post=17126"},{"taxonomy":"universidades_coeditoras","embeddable":true,"href":"https:\/\/wizardly-davinci.82-223-8-23.plesk.page\/en\/wp-json\/wp\/v2\/universidades_coeditoras?post=17126"},{"taxonomy":"palabras_clave","embeddable":true,"href":"https:\/\/wizardly-davinci.82-223-8-23.plesk.page\/en\/wp-json\/wp\/v2\/palabras_clave?post=17126"},{"taxonomy":"listado_alfabetico","embeddable":true,"href":"https:\/\/wizardly-davinci.82-223-8-23.plesk.page\/en\/wp-json\/wp\/v2\/listado_alfabetico?post=17126"}],"curies":[{"name":"wp","href":"https:\/\/api.w.org\/{rel}","templated":true}]}}