{"id":17128,"date":"2019-04-09T22:22:30","date_gmt":"2019-04-09T22:22:30","guid":{"rendered":"https:\/\/octaedro.com\/producto\/la-intervencion-psicomotriz\/"},"modified":"2023-04-20T11:30:59","modified_gmt":"2023-04-20T09:30:59","slug":"la-intervencion-psicomotriz","status":"publish","type":"product","link":"https:\/\/wizardly-davinci.82-223-8-23.plesk.page\/en\/producto\/la-intervencion-psicomotriz\/","title":{"rendered":"La intervenci\u00f3n psicomotriz: de la pr\u00e1ctica al concepto"},"content":{"rendered":"<p>Este es un libro que ha surgido de la pr\u00e1ctica, la pr\u00e1ctica psicomotriz, como fuente estimuladora de teor\u00edas y conceptos, que, a su vez, dan sentido a todo lo que se manifiesta en ella. El autor ha querido plasmar la relaci\u00f3n dial\u00e9ctica que existe entre estos dos extremos: la teor\u00eda y la pr\u00e1ctica. Los dos se retroalimentan y, en esta disciplina de la psicomotricidad, se significan mutuamente.<br \/>\nEs, por lo tanto, un libro pr\u00e1ctico y nace con la intenci\u00f3n de que sea \u00fatil a los profesionales que se dedican tanto a la psicomotricidad educativa como a la psicomotricidad de ayuda terap\u00e9utica.<br \/>\nDado que en psicomotricidad se interviene sobre el cuerpo, el primer cap\u00edtulo del libro est\u00e1 dedicado a c\u00f3mo este es entendido por el autor. Luego, puesto que la finalidad principal y \u00faltima de la intervenci\u00f3n psicomotriz es la de acompa\u00f1ar y favorecer el desarrollo arm\u00f3nico de la persona, se incluye un cap\u00edtulo sobre el desarrollo psicomotor, como un marco de referencia de la intervenci\u00f3n tanto educativa y preventiva como terap\u00e9utica. En relaci\u00f3n con estos dos tipos de intervenci\u00f3n, se desarrollan los aspectos que el autor considera m\u00e1s significativos de cada uno de ellos. Y por \u00faltimo, la primera parte concluye con un cap\u00edtulo sobre la evaluaci\u00f3n.<br \/>\nLa segunda parte del libro est\u00e1 dedicada a la exposici\u00f3n de cuatro casos pr\u00e1cticos de intervenci\u00f3n psicomotriz.<\/p>\n","protected":false},"excerpt":{"rendered":"<p>Este es un libro que ha surgido de la pr\u00e1ctica, la pr\u00e1ctica psicomotriz, como fuente estimuladora de teor\u00edas y conceptos, que, a su vez, dan sentido a todo lo que se manifiesta en ella. El autor ha querido plasmar la relaci\u00f3n dial\u00e9ctica que existe entre estos dos extremos: la teor\u00eda y la pr\u00e1ctica. Los dos se retroalimentan y, en esta disciplina de la psicomotricidad, se significan mutuamente.<br \/>\nEs, por lo tanto, un libro pr\u00e1ctico y nace con la intenci\u00f3n de que sea \u00fatil a los profesionales que se dedican tanto a la psicomotricidad educativa como a la psicomotricidad de ayuda terap\u00e9utica.<br \/>\nDado que en psicomotricidad se interviene sobre el cuerpo, el primer cap\u00edtulo del libro est\u00e1 dedicado a c\u00f3mo este es entendido por el autor. Luego, puesto que la finalidad principal y \u00faltima de la intervenci\u00f3n psicomotriz es la de acompa\u00f1ar y favorecer el desarrollo arm\u00f3nico de la persona, se incluye un cap\u00edtulo sobre el desarrollo psicomotor, como un marco de referencia de la intervenci\u00f3n tanto educativa y preventiva como terap\u00e9utica. En relaci\u00f3n con estos dos tipos de intervenci\u00f3n, se desarrollan los aspectos que el autor considera m\u00e1s significativos de cada uno de ellos. Y por \u00faltimo, la primera parte concluye con un cap\u00edtulo sobre la evaluaci\u00f3n.<br \/>\nLa segunda parte del libro est\u00e1 dedicada a la exposici\u00f3n de cuatro casos pr\u00e1cticos de intervenci\u00f3n psicomotriz.<\/p>\n","protected":false},"featured_media":17129,"comment_status":"open","ping_status":"closed","template":"","meta":{"_et_pb_use_builder":"","_et_pb_old_content":"","_et_gb_content_width":""},"product_cat":[2606,1512,6675,6673,9825],"product_tag":[2604],"edicion":[1084,1083],"editoriales":[1160],"tienda":[],"autor_id":[6301],"universidades_coeditoras":[],"palabras_clave":[],"listado_alfabetico":[],"acf":[],"_links":{"self":[{"href":"https:\/\/wizardly-davinci.82-223-8-23.plesk.page\/en\/wp-json\/wp\/v2\/product\/17128"}],"collection":[{"href":"https:\/\/wizardly-davinci.82-223-8-23.plesk.page\/en\/wp-json\/wp\/v2\/product"}],"about":[{"href":"https:\/\/wizardly-davinci.82-223-8-23.plesk.page\/en\/wp-json\/wp\/v2\/types\/product"}],"replies":[{"embeddable":true,"href":"https:\/\/wizardly-davinci.82-223-8-23.plesk.page\/en\/wp-json\/wp\/v2\/comments?post=17128"}],"wp:featuredmedia":[{"embeddable":true,"href":"https:\/\/wizardly-davinci.82-223-8-23.plesk.page\/en\/wp-json\/wp\/v2\/media\/17129"}],"wp:attachment":[{"href":"https:\/\/wizardly-davinci.82-223-8-23.plesk.page\/en\/wp-json\/wp\/v2\/media?parent=17128"}],"wp:term":[{"taxonomy":"product_cat","embeddable":true,"href":"https:\/\/wizardly-davinci.82-223-8-23.plesk.page\/en\/wp-json\/wp\/v2\/product_cat?post=17128"},{"taxonomy":"product_tag","embeddable":true,"href":"https:\/\/wizardly-davinci.82-223-8-23.plesk.page\/en\/wp-json\/wp\/v2\/product_tag?post=17128"},{"taxonomy":"edicion","embeddable":true,"href":"https:\/\/wizardly-davinci.82-223-8-23.plesk.page\/en\/wp-json\/wp\/v2\/edicion?post=17128"},{"taxonomy":"editoriales","embeddable":true,"href":"https:\/\/wizardly-davinci.82-223-8-23.plesk.page\/en\/wp-json\/wp\/v2\/editoriales?post=17128"},{"taxonomy":"tienda","embeddable":true,"href":"https:\/\/wizardly-davinci.82-223-8-23.plesk.page\/en\/wp-json\/wp\/v2\/tienda?post=17128"},{"taxonomy":"autor_id","embeddable":true,"href":"https:\/\/wizardly-davinci.82-223-8-23.plesk.page\/en\/wp-json\/wp\/v2\/autor_id?post=17128"},{"taxonomy":"universidades_coeditoras","embeddable":true,"href":"https:\/\/wizardly-davinci.82-223-8-23.plesk.page\/en\/wp-json\/wp\/v2\/universidades_coeditoras?post=17128"},{"taxonomy":"palabras_clave","embeddable":true,"href":"https:\/\/wizardly-davinci.82-223-8-23.plesk.page\/en\/wp-json\/wp\/v2\/palabras_clave?post=17128"},{"taxonomy":"listado_alfabetico","embeddable":true,"href":"https:\/\/wizardly-davinci.82-223-8-23.plesk.page\/en\/wp-json\/wp\/v2\/listado_alfabetico?post=17128"}],"curies":[{"name":"wp","href":"https:\/\/api.w.org\/{rel}","templated":true}]}}