{"id":17130,"date":"2019-04-09T22:22:30","date_gmt":"2019-04-09T22:22:30","guid":{"rendered":"https:\/\/octaedro.com\/producto\/teatro-aplicado\/"},"modified":"2023-04-20T11:31:06","modified_gmt":"2023-04-20T09:31:06","slug":"teatro-aplicado","status":"publish","type":"product","link":"https:\/\/wizardly-davinci.82-223-8-23.plesk.page\/en\/producto\/teatro-aplicado\/","title":{"rendered":"Teatro aplicado"},"content":{"rendered":"<p>Este libro trata sobre algunas modalidades de teatro aplicado. Un teatro para otros fines \u2014no solo para los puramente est\u00e9ticos\u2014, que dirige su foco a ayudar a los individuos o colectivos con carencias en alguna dimensi\u00f3n personal o social, vivida como insatisfacci\u00f3n, exclusi\u00f3n, marginaci\u00f3n u opresi\u00f3n. Aqu\u00ed es donde el teatro interviene en el escenario de la vida, propiciando la percepci\u00f3n de la realidad, el aprendizaje y el cambio. Concebimos el teatro como una red neuronal social con una gran potencialidad de transformaci\u00f3n \u2014gracias a su plasticidad para modificar las cosas\u2014 y como un instrumento de reflexi\u00f3n, cooperaci\u00f3n y empat\u00eda: un cerebro social en movimiento.<\/p>\n<p>De entre las diversas modalidades de teatro aplicado, este libro se centra en el teatro del oprimido, el teatro playback y la dramaterapia. Y trata de dise\u00f1ar un marco te\u00f3rico, exponer experiencias y proporcionar estrategias para la pr\u00e1ctica profesional de profesores, educadores sociales, actores y psicoterapeutas, y, en general, para todas aquellas personas interesadas en el teatro no convencional.<\/p>\n","protected":false},"excerpt":{"rendered":"<p>Este libro trata sobre algunas modalidades de teatro aplicado. Un teatro para otros fines \u2014no solo para los puramente est\u00e9ticos\u2014, que dirige su foco a ayudar a los individuos o colectivos con carencias en alguna dimensi\u00f3n personal o social, vivida como insatisfacci\u00f3n, exclusi\u00f3n, marginaci\u00f3n u opresi\u00f3n. Aqu\u00ed es donde el teatro interviene en el escenario de la vida, propiciando la percepci\u00f3n de la realidad, el aprendizaje y el cambio. Concebimos el teatro como una red neuronal social con una gran potencialidad de transformaci\u00f3n \u2014gracias a su plasticidad para modificar las cosas\u2014 y como un instrumento de reflexi\u00f3n, cooperaci\u00f3n y empat\u00eda: un cerebro social en movimiento.<\/p>\n<p>De entre las diversas modalidades de teatro aplicado, este libro se centra en el teatro del oprimido, el teatro playback y la dramaterapia. Y trata de dise\u00f1ar un marco te\u00f3rico, exponer experiencias y proporcionar estrategias para la pr\u00e1ctica profesional de profesores, educadores sociales, actores y psicoterapeutas, y, en general, para todas aquellas personas interesadas en el teatro no convencional.<\/p>\n","protected":false},"featured_media":17131,"comment_status":"open","ping_status":"closed","template":"","meta":{"_et_pb_use_builder":"","_et_pb_old_content":"","_et_gb_content_width":""},"product_cat":[2606,1512,6674,6675,6673],"product_tag":[2609],"edicion":[1085,1084,1083],"editoriales":[1160],"tienda":[],"autor_id":[5474,6020],"universidades_coeditoras":[],"palabras_clave":[],"listado_alfabetico":[],"acf":[],"_links":{"self":[{"href":"https:\/\/wizardly-davinci.82-223-8-23.plesk.page\/en\/wp-json\/wp\/v2\/product\/17130"}],"collection":[{"href":"https:\/\/wizardly-davinci.82-223-8-23.plesk.page\/en\/wp-json\/wp\/v2\/product"}],"about":[{"href":"https:\/\/wizardly-davinci.82-223-8-23.plesk.page\/en\/wp-json\/wp\/v2\/types\/product"}],"replies":[{"embeddable":true,"href":"https:\/\/wizardly-davinci.82-223-8-23.plesk.page\/en\/wp-json\/wp\/v2\/comments?post=17130"}],"wp:featuredmedia":[{"embeddable":true,"href":"https:\/\/wizardly-davinci.82-223-8-23.plesk.page\/en\/wp-json\/wp\/v2\/media\/17131"}],"wp:attachment":[{"href":"https:\/\/wizardly-davinci.82-223-8-23.plesk.page\/en\/wp-json\/wp\/v2\/media?parent=17130"}],"wp:term":[{"taxonomy":"product_cat","embeddable":true,"href":"https:\/\/wizardly-davinci.82-223-8-23.plesk.page\/en\/wp-json\/wp\/v2\/product_cat?post=17130"},{"taxonomy":"product_tag","embeddable":true,"href":"https:\/\/wizardly-davinci.82-223-8-23.plesk.page\/en\/wp-json\/wp\/v2\/product_tag?post=17130"},{"taxonomy":"edicion","embeddable":true,"href":"https:\/\/wizardly-davinci.82-223-8-23.plesk.page\/en\/wp-json\/wp\/v2\/edicion?post=17130"},{"taxonomy":"editoriales","embeddable":true,"href":"https:\/\/wizardly-davinci.82-223-8-23.plesk.page\/en\/wp-json\/wp\/v2\/editoriales?post=17130"},{"taxonomy":"tienda","embeddable":true,"href":"https:\/\/wizardly-davinci.82-223-8-23.plesk.page\/en\/wp-json\/wp\/v2\/tienda?post=17130"},{"taxonomy":"autor_id","embeddable":true,"href":"https:\/\/wizardly-davinci.82-223-8-23.plesk.page\/en\/wp-json\/wp\/v2\/autor_id?post=17130"},{"taxonomy":"universidades_coeditoras","embeddable":true,"href":"https:\/\/wizardly-davinci.82-223-8-23.plesk.page\/en\/wp-json\/wp\/v2\/universidades_coeditoras?post=17130"},{"taxonomy":"palabras_clave","embeddable":true,"href":"https:\/\/wizardly-davinci.82-223-8-23.plesk.page\/en\/wp-json\/wp\/v2\/palabras_clave?post=17130"},{"taxonomy":"listado_alfabetico","embeddable":true,"href":"https:\/\/wizardly-davinci.82-223-8-23.plesk.page\/en\/wp-json\/wp\/v2\/listado_alfabetico?post=17130"}],"curies":[{"name":"wp","href":"https:\/\/api.w.org\/{rel}","templated":true}]}}