{"id":17138,"date":"2019-04-09T22:22:32","date_gmt":"2019-04-09T22:22:32","guid":{"rendered":"https:\/\/octaedro.com\/producto\/jugar-a-pensar-con-ninos-de-3-a-4-anos-guia\/"},"modified":"2023-04-20T11:31:32","modified_gmt":"2023-04-20T09:31:32","slug":"jugar-a-pensar-con-ninos-de-3-a-4-anos-guia","status":"publish","type":"product","link":"https:\/\/wizardly-davinci.82-223-8-23.plesk.page\/en\/producto\/jugar-a-pensar-con-ninos-de-3-a-4-anos-guia\/","title":{"rendered":"Jugar a pensar con ni\u00f1os de 3 a 4 a\u00f1os"},"content":{"rendered":"<p>Jugar a pensar con ni\u00f1os de 3 a 4 a\u00f1os es un libro que presenta m\u00e1s de 200 actividades para desarrollar: habilidades del pensamiento creativo, actitudes \u00e9ticas y valores para convivir y autoconocerse.Todas las actividades parten del libro de cuentos La mariquita Juanita y se ampl\u00edan con la utilizaci\u00f3n de distintos recursos: pintura, m\u00fasica, poes\u00eda y diferentes tipos de juegos y actividades. Esta gu\u00eda para educadores, junto con los mencionados cuentos, forman parte de la etapa (3-4 a\u00f1os) del proyecto NORIA: una amplia propuesta de materiales para una educaci\u00f3n infantil orientada a ense\u00f1ar a pensar creativamente y actuar \u00e9ticamente. Le siguen seis m\u00e1s, hasta los 10-11 a\u00f1os, todos editados por Octaedro.<\/p>\n","protected":false},"excerpt":{"rendered":"<p>Jugar a pensar con ni\u00f1os de 3 a 4 a\u00f1os es un libro que presenta m\u00e1s de 200 actividades para desarrollar: habilidades del pensamiento creativo, actitudes \u00e9ticas y valores para convivir y autoconocerse.Todas las actividades parten del libro de cuentos La mariquita Juanita y se ampl\u00edan con la utilizaci\u00f3n de distintos recursos: pintura, m\u00fasica, poes\u00eda y diferentes tipos de juegos y actividades. Esta gu\u00eda para educadores, junto con los mencionados cuentos, forman parte de la etapa (3-4 a\u00f1os) del proyecto NORIA: una amplia propuesta de materiales para una educaci\u00f3n infantil orientada a ense\u00f1ar a pensar creativamente y actuar \u00e9ticamente. Le siguen seis m\u00e1s, hasta los 10-11 a\u00f1os, todos editados por Octaedro.<\/p>\n","protected":false},"featured_media":37938,"comment_status":"open","ping_status":"closed","template":"","meta":{"_et_pb_use_builder":"","_et_pb_old_content":"","_et_gb_content_width":""},"product_cat":[2606,1512,6674,6675,7112],"product_tag":[2608],"edicion":[1085,1083],"editoriales":[1160],"tienda":[],"autor_id":[6468],"universidades_coeditoras":[],"palabras_clave":[],"listado_alfabetico":[],"acf":[],"_links":{"self":[{"href":"https:\/\/wizardly-davinci.82-223-8-23.plesk.page\/en\/wp-json\/wp\/v2\/product\/17138"}],"collection":[{"href":"https:\/\/wizardly-davinci.82-223-8-23.plesk.page\/en\/wp-json\/wp\/v2\/product"}],"about":[{"href":"https:\/\/wizardly-davinci.82-223-8-23.plesk.page\/en\/wp-json\/wp\/v2\/types\/product"}],"replies":[{"embeddable":true,"href":"https:\/\/wizardly-davinci.82-223-8-23.plesk.page\/en\/wp-json\/wp\/v2\/comments?post=17138"}],"wp:featuredmedia":[{"embeddable":true,"href":"https:\/\/wizardly-davinci.82-223-8-23.plesk.page\/en\/wp-json\/wp\/v2\/media\/37938"}],"wp:attachment":[{"href":"https:\/\/wizardly-davinci.82-223-8-23.plesk.page\/en\/wp-json\/wp\/v2\/media?parent=17138"}],"wp:term":[{"taxonomy":"product_cat","embeddable":true,"href":"https:\/\/wizardly-davinci.82-223-8-23.plesk.page\/en\/wp-json\/wp\/v2\/product_cat?post=17138"},{"taxonomy":"product_tag","embeddable":true,"href":"https:\/\/wizardly-davinci.82-223-8-23.plesk.page\/en\/wp-json\/wp\/v2\/product_tag?post=17138"},{"taxonomy":"edicion","embeddable":true,"href":"https:\/\/wizardly-davinci.82-223-8-23.plesk.page\/en\/wp-json\/wp\/v2\/edicion?post=17138"},{"taxonomy":"editoriales","embeddable":true,"href":"https:\/\/wizardly-davinci.82-223-8-23.plesk.page\/en\/wp-json\/wp\/v2\/editoriales?post=17138"},{"taxonomy":"tienda","embeddable":true,"href":"https:\/\/wizardly-davinci.82-223-8-23.plesk.page\/en\/wp-json\/wp\/v2\/tienda?post=17138"},{"taxonomy":"autor_id","embeddable":true,"href":"https:\/\/wizardly-davinci.82-223-8-23.plesk.page\/en\/wp-json\/wp\/v2\/autor_id?post=17138"},{"taxonomy":"universidades_coeditoras","embeddable":true,"href":"https:\/\/wizardly-davinci.82-223-8-23.plesk.page\/en\/wp-json\/wp\/v2\/universidades_coeditoras?post=17138"},{"taxonomy":"palabras_clave","embeddable":true,"href":"https:\/\/wizardly-davinci.82-223-8-23.plesk.page\/en\/wp-json\/wp\/v2\/palabras_clave?post=17138"},{"taxonomy":"listado_alfabetico","embeddable":true,"href":"https:\/\/wizardly-davinci.82-223-8-23.plesk.page\/en\/wp-json\/wp\/v2\/listado_alfabetico?post=17138"}],"curies":[{"name":"wp","href":"https:\/\/api.w.org\/{rel}","templated":true}]}}