{"id":17140,"date":"2019-04-09T22:22:32","date_gmt":"2019-04-09T22:22:32","guid":{"rendered":"https:\/\/octaedro.com\/producto\/jugar-a-pensar-con-ninos-y-ninas-de-4-a-5-anos-guia\/"},"modified":"2023-04-20T11:31:39","modified_gmt":"2023-04-20T09:31:39","slug":"jugar-a-pensar-con-ninos-y-ninas-de-4-a-5-anos-guia","status":"publish","type":"product","link":"https:\/\/wizardly-davinci.82-223-8-23.plesk.page\/en\/producto\/jugar-a-pensar-con-ninos-y-ninas-de-4-a-5-anos-guia\/","title":{"rendered":"Jugar a pensar con ni\u00f1os y ni\u00f1as de 4 a 5 a\u00f1os"},"content":{"rendered":"<p>Una de las tareas m\u00e1s importantes de la educaci\u00f3n es ayudar al alumnado a encontrar sentido a su experiencia. La escuela ha de estar preparada para llevar a cabo esta dif\u00edcil tarea: aprender a hablar, a pensar y a razonar desde la Educaci\u00f3n Infantil es esencial para asimilar las claves de interpretaci\u00f3n necesarias para una vida equilibrada.<br \/>\nEste libro, que se enmarca dentro del proyecto Noria, tiene como finalidad proporcionar herramientas para reforzar la capacidad de pensar en Educaci\u00f3n Infantil. El m\u00e9todo de aprendizaje hace especial hincapi\u00e9 en el desarrollo de las habilidades cognitivas (percepci\u00f3n, investigaci\u00f3n, conceptualizaci\u00f3n y an\u00e1lisis, razonamiento, traducci\u00f3n y formulaci\u00f3n y autoevaluaci\u00f3n) mediante un programa de actividades dise\u00f1ado expresamente para la etapa de 4 a 5 a\u00f1os.<br \/>\n<em>Jugar a pensar con ni\u00f1os y ni\u00f1as de 4 a 5 a\u00f1os (Gu\u00eda educativa)<\/em> forma parte de un completo proyecto educativo que consta de dos vol\u00famenes: el presente libro y el libro para el estudiante, <em><a href=\"http:\/\/www.wizardly-davinci.82-223-8-23.plesk.page\/\/OCTArt.asp?libro=42001&amp;id=es&amp;txt=Jugar\">Jugar a pensar con cuentos<\/a><\/em>. A trav\u00e9s del relato de seis cuentos tradicionales, y poniendo en pr\u00e1ctica las actividades propuestas en este manual para el profesorado, el ni\u00f1o desarrollar\u00e1 su propio imaginario y se ir\u00e1 descubriendo a s\u00ed mismo como individuo pensante.<br \/>\nEsta edici\u00f3n ha sido revisada y ampliada al cumplir diez a\u00f1os de la primera publicaci\u00f3n en castellano de la obra. Las propuestas que aparecen en el libro han sido aplicadas en las aulas de diversas partes del mundo. Esta nueva edici\u00f3n ha intentado recoger esta experiencia y modificar el material en funci\u00f3n de la pr\u00e1ctica.<\/p>\n","protected":false},"excerpt":{"rendered":"<p>Una de las tareas m\u00e1s importantes de la educaci\u00f3n es ayudar al alumnado a encontrar sentido a su experiencia. La escuela ha de estar preparada para llevar a cabo esta dif\u00edcil tarea: aprender a hablar, a pensar y a razonar desde la Educaci\u00f3n Infantil es esencial para asimilar las claves de interpretaci\u00f3n necesarias para una vida equilibrada.<br \/>\nEste libro, que se enmarca dentro del proyecto Noria, tiene como finalidad proporcionar herramientas para reforzar la capacidad de pensar en Educaci\u00f3n Infantil. El m\u00e9todo de aprendizaje hace especial hincapi\u00e9 en el desarrollo de las habilidades cognitivas (percepci\u00f3n, investigaci\u00f3n, conceptualizaci\u00f3n y an\u00e1lisis, razonamiento, traducci\u00f3n y formulaci\u00f3n y autoevaluaci\u00f3n) mediante un programa de actividades dise\u00f1ado expresamente para la etapa de 4 a 5 a\u00f1os.<br \/>\n<em>Jugar a pensar con ni\u00f1os y ni\u00f1as de 4 a 5 a\u00f1os (Gu\u00eda educativa)<\/em> forma parte de un completo proyecto educativo que consta de dos vol\u00famenes: el presente libro y el libro para el estudiante, <em><a href=\"http:\/\/www.wizardly-davinci.82-223-8-23.plesk.page\/\/OCTArt.asp?libro=42001&amp;id=es&amp;txt=Jugar\">Jugar a pensar con cuentos<\/a><\/em>. A trav\u00e9s del relato de seis cuentos tradicionales, y poniendo en pr\u00e1ctica las actividades propuestas en este manual para el profesorado, el ni\u00f1o desarrollar\u00e1 su propio imaginario y se ir\u00e1 descubriendo a s\u00ed mismo como individuo pensante.<br \/>\nEsta edici\u00f3n ha sido revisada y ampliada al cumplir diez a\u00f1os de la primera publicaci\u00f3n en castellano de la obra. Las propuestas que aparecen en el libro han sido aplicadas en las aulas de diversas partes del mundo. Esta nueva edici\u00f3n ha intentado recoger esta experiencia y modificar el material en funci\u00f3n de la pr\u00e1ctica.<\/p>\n","protected":false},"featured_media":35846,"comment_status":"open","ping_status":"closed","template":"","meta":{"_et_pb_use_builder":"","_et_pb_old_content":"","_et_gb_content_width":""},"product_cat":[2606,1512,6674,6675,7112,1511],"product_tag":[2608],"edicion":[1085,1083],"editoriales":[1160],"tienda":[],"autor_id":[6187,6468],"universidades_coeditoras":[],"palabras_clave":[],"listado_alfabetico":[],"acf":[],"_links":{"self":[{"href":"https:\/\/wizardly-davinci.82-223-8-23.plesk.page\/en\/wp-json\/wp\/v2\/product\/17140"}],"collection":[{"href":"https:\/\/wizardly-davinci.82-223-8-23.plesk.page\/en\/wp-json\/wp\/v2\/product"}],"about":[{"href":"https:\/\/wizardly-davinci.82-223-8-23.plesk.page\/en\/wp-json\/wp\/v2\/types\/product"}],"replies":[{"embeddable":true,"href":"https:\/\/wizardly-davinci.82-223-8-23.plesk.page\/en\/wp-json\/wp\/v2\/comments?post=17140"}],"wp:featuredmedia":[{"embeddable":true,"href":"https:\/\/wizardly-davinci.82-223-8-23.plesk.page\/en\/wp-json\/wp\/v2\/media\/35846"}],"wp:attachment":[{"href":"https:\/\/wizardly-davinci.82-223-8-23.plesk.page\/en\/wp-json\/wp\/v2\/media?parent=17140"}],"wp:term":[{"taxonomy":"product_cat","embeddable":true,"href":"https:\/\/wizardly-davinci.82-223-8-23.plesk.page\/en\/wp-json\/wp\/v2\/product_cat?post=17140"},{"taxonomy":"product_tag","embeddable":true,"href":"https:\/\/wizardly-davinci.82-223-8-23.plesk.page\/en\/wp-json\/wp\/v2\/product_tag?post=17140"},{"taxonomy":"edicion","embeddable":true,"href":"https:\/\/wizardly-davinci.82-223-8-23.plesk.page\/en\/wp-json\/wp\/v2\/edicion?post=17140"},{"taxonomy":"editoriales","embeddable":true,"href":"https:\/\/wizardly-davinci.82-223-8-23.plesk.page\/en\/wp-json\/wp\/v2\/editoriales?post=17140"},{"taxonomy":"tienda","embeddable":true,"href":"https:\/\/wizardly-davinci.82-223-8-23.plesk.page\/en\/wp-json\/wp\/v2\/tienda?post=17140"},{"taxonomy":"autor_id","embeddable":true,"href":"https:\/\/wizardly-davinci.82-223-8-23.plesk.page\/en\/wp-json\/wp\/v2\/autor_id?post=17140"},{"taxonomy":"universidades_coeditoras","embeddable":true,"href":"https:\/\/wizardly-davinci.82-223-8-23.plesk.page\/en\/wp-json\/wp\/v2\/universidades_coeditoras?post=17140"},{"taxonomy":"palabras_clave","embeddable":true,"href":"https:\/\/wizardly-davinci.82-223-8-23.plesk.page\/en\/wp-json\/wp\/v2\/palabras_clave?post=17140"},{"taxonomy":"listado_alfabetico","embeddable":true,"href":"https:\/\/wizardly-davinci.82-223-8-23.plesk.page\/en\/wp-json\/wp\/v2\/listado_alfabetico?post=17140"}],"curies":[{"name":"wp","href":"https:\/\/api.w.org\/{rel}","templated":true}]}}