{"id":17144,"date":"2019-04-09T22:22:33","date_gmt":"2019-04-09T22:22:33","guid":{"rendered":"https:\/\/octaedro.com\/producto\/jugar-a-pensar-con-mitos-8-9-anos\/"},"modified":"2023-04-20T11:31:52","modified_gmt":"2023-04-20T09:31:52","slug":"jugar-a-pensar-con-mitos-8-9-anos","status":"publish","type":"product","link":"https:\/\/wizardly-davinci.82-223-8-23.plesk.page\/en\/producto\/jugar-a-pensar-con-mitos-8-9-anos\/","title":{"rendered":"Jugar a pensar con mitos (8-9 a\u00f1os)"},"content":{"rendered":"<p>El prop\u00f3sito de este libro es ofrecer una praxis: la oportunidad de practicar un programa educativo de manera reflexionada y fundamentada. La educaci\u00f3n del siglo XXI no necesita discursos sin m\u00e9todo. Necesita recursos y posibilidades concretas para transformar ideas en realidad vivida en las aulas. Por m\u00e1s que algunas ideas educativas sean interesantes no servir\u00e1n de mucho si no se sabe c\u00f3mo transformarlas en acciones en el aula.<br \/>\nLas actividades se refieren al conjunto de 16 cap\u00edtulos presentados en el libro Juanita y los mitos al que acompa\u00f1a. Son 341 actividades, de las cuales 199 son para desarrollar habilidades de pensamiento, 70 para valores y 48 para desarrollar actitudes \u00e9ticas. El resto de las actividades son propuestas para trabajar el arte de manera intercultural y evaluaciones figuroanal\u00f3gicas. Los dos libros forman parte del PROYECTO NORIA: una propuesta de educaci\u00f3n innovadora orientada a ense\u00f1ar a pensar creativamente y a actuar \u00e9ticamente.<\/p>\n","protected":false},"excerpt":{"rendered":"<p>El prop\u00f3sito de este libro es ofrecer una praxis: la oportunidad de practicar un programa educativo de manera reflexionada y fundamentada. La educaci\u00f3n del siglo XXI no necesita discursos sin m\u00e9todo. Necesita recursos y posibilidades concretas para transformar ideas en realidad vivida en las aulas. Por m\u00e1s que algunas ideas educativas sean interesantes no servir\u00e1n de mucho si no se sabe c\u00f3mo transformarlas en acciones en el aula.<br \/>\nLas actividades se refieren al conjunto de 16 cap\u00edtulos presentados en el libro Juanita y los mitos al que acompa\u00f1a. Son 341 actividades, de las cuales 199 son para desarrollar habilidades de pensamiento, 70 para valores y 48 para desarrollar actitudes \u00e9ticas. El resto de las actividades son propuestas para trabajar el arte de manera intercultural y evaluaciones figuroanal\u00f3gicas. Los dos libros forman parte del PROYECTO NORIA: una propuesta de educaci\u00f3n innovadora orientada a ense\u00f1ar a pensar creativamente y a actuar \u00e9ticamente.<\/p>\n","protected":false},"featured_media":17145,"comment_status":"open","ping_status":"closed","template":"","meta":{"_et_pb_use_builder":"","_et_pb_old_content":"","_et_gb_content_width":""},"product_cat":[1512,6675],"product_tag":[2602],"edicion":[],"editoriales":[1160],"tienda":[],"autor_id":[6468],"universidades_coeditoras":[],"palabras_clave":[],"listado_alfabetico":[],"acf":[],"_links":{"self":[{"href":"https:\/\/wizardly-davinci.82-223-8-23.plesk.page\/en\/wp-json\/wp\/v2\/product\/17144"}],"collection":[{"href":"https:\/\/wizardly-davinci.82-223-8-23.plesk.page\/en\/wp-json\/wp\/v2\/product"}],"about":[{"href":"https:\/\/wizardly-davinci.82-223-8-23.plesk.page\/en\/wp-json\/wp\/v2\/types\/product"}],"replies":[{"embeddable":true,"href":"https:\/\/wizardly-davinci.82-223-8-23.plesk.page\/en\/wp-json\/wp\/v2\/comments?post=17144"}],"wp:featuredmedia":[{"embeddable":true,"href":"https:\/\/wizardly-davinci.82-223-8-23.plesk.page\/en\/wp-json\/wp\/v2\/media\/17145"}],"wp:attachment":[{"href":"https:\/\/wizardly-davinci.82-223-8-23.plesk.page\/en\/wp-json\/wp\/v2\/media?parent=17144"}],"wp:term":[{"taxonomy":"product_cat","embeddable":true,"href":"https:\/\/wizardly-davinci.82-223-8-23.plesk.page\/en\/wp-json\/wp\/v2\/product_cat?post=17144"},{"taxonomy":"product_tag","embeddable":true,"href":"https:\/\/wizardly-davinci.82-223-8-23.plesk.page\/en\/wp-json\/wp\/v2\/product_tag?post=17144"},{"taxonomy":"edicion","embeddable":true,"href":"https:\/\/wizardly-davinci.82-223-8-23.plesk.page\/en\/wp-json\/wp\/v2\/edicion?post=17144"},{"taxonomy":"editoriales","embeddable":true,"href":"https:\/\/wizardly-davinci.82-223-8-23.plesk.page\/en\/wp-json\/wp\/v2\/editoriales?post=17144"},{"taxonomy":"tienda","embeddable":true,"href":"https:\/\/wizardly-davinci.82-223-8-23.plesk.page\/en\/wp-json\/wp\/v2\/tienda?post=17144"},{"taxonomy":"autor_id","embeddable":true,"href":"https:\/\/wizardly-davinci.82-223-8-23.plesk.page\/en\/wp-json\/wp\/v2\/autor_id?post=17144"},{"taxonomy":"universidades_coeditoras","embeddable":true,"href":"https:\/\/wizardly-davinci.82-223-8-23.plesk.page\/en\/wp-json\/wp\/v2\/universidades_coeditoras?post=17144"},{"taxonomy":"palabras_clave","embeddable":true,"href":"https:\/\/wizardly-davinci.82-223-8-23.plesk.page\/en\/wp-json\/wp\/v2\/palabras_clave?post=17144"},{"taxonomy":"listado_alfabetico","embeddable":true,"href":"https:\/\/wizardly-davinci.82-223-8-23.plesk.page\/en\/wp-json\/wp\/v2\/listado_alfabetico?post=17144"}],"curies":[{"name":"wp","href":"https:\/\/api.w.org\/{rel}","templated":true}]}}