{"id":17146,"date":"2019-04-09T22:22:33","date_gmt":"2019-04-09T22:22:33","guid":{"rendered":"https:\/\/octaedro.com\/producto\/juegos-para-pensar\/"},"modified":"2023-04-20T11:32:00","modified_gmt":"2023-04-20T09:32:00","slug":"juegos-para-pensar","status":"publish","type":"product","link":"https:\/\/wizardly-davinci.82-223-8-23.plesk.page\/en\/producto\/juegos-para-pensar\/","title":{"rendered":"Juegos para pensar"},"content":{"rendered":"<p>\u201cEl juego es una acci\u00f3n u ocupaci\u00f3n libre, que se desarrolla dentro de unos l\u00edmites temporales y espaciales determinados, seg\u00fan reglas absolutamente obligatorias aunque libremente aceptadas, acci\u00f3n que tiene su fin en s\u00ed misma y va acompa\u00f1ada de un sentimiento de tensi\u00f3n y alegr\u00eda y de la conciencia de \u201cser de otro modo\u201d que en la vida corriente\u201d. J. Huizinga, <em>Homo ludens.<\/em><br \/>\nHablamos de juego y actividades l\u00fadicas, porque este es el punto de partida de la propuesta que presentamos: la relaci\u00f3n entre lo afectivo y lo intelectual. Es en el juego y en las actividades planteadas como divertidas y explorativas \u2013con la intervenci\u00f3n de todos los sentidos, la movilidad f\u00edsica, la expresi\u00f3n corporal y verbal- donde nos queremos situar y mostrar en la pr\u00e1ctica que pensar es tambi\u00e9n divertido y que, el esfuerzo que a veces supone, tiene muchas compensaciones, porque nos proporciona alegr\u00edas y satisfacciones.<br \/>\nEn este libro y en todo el proyecto Noria queremos recuperar el valor educativo del juego y, adem\u00e1s, queremos convertir actividades que podr\u00edamos denominar \u201cescolares\u201d en actividades l\u00fadicas, present\u00e1ndolas como ejercicios amenos.<\/p>\n","protected":false},"excerpt":{"rendered":"<p>\u201cEl juego es una acci\u00f3n u ocupaci\u00f3n libre, que se desarrolla dentro de unos l\u00edmites temporales y espaciales determinados, seg\u00fan reglas absolutamente obligatorias aunque libremente aceptadas, acci\u00f3n que tiene su fin en s\u00ed misma y va acompa\u00f1ada de un sentimiento de tensi\u00f3n y alegr\u00eda y de la conciencia de \u201cser de otro modo\u201d que en la vida corriente\u201d. J. Huizinga, <em>Homo ludens.<\/em><br \/>\nHablamos de juego y actividades l\u00fadicas, porque este es el punto de partida de la propuesta que presentamos: la relaci\u00f3n entre lo afectivo y lo intelectual. Es en el juego y en las actividades planteadas como divertidas y explorativas \u2013con la intervenci\u00f3n de todos los sentidos, la movilidad f\u00edsica, la expresi\u00f3n corporal y verbal- donde nos queremos situar y mostrar en la pr\u00e1ctica que pensar es tambi\u00e9n divertido y que, el esfuerzo que a veces supone, tiene muchas compensaciones, porque nos proporciona alegr\u00edas y satisfacciones.<br \/>\nEn este libro y en todo el proyecto Noria queremos recuperar el valor educativo del juego y, adem\u00e1s, queremos convertir actividades que podr\u00edamos denominar \u201cescolares\u201d en actividades l\u00fadicas, present\u00e1ndolas como ejercicios amenos.<\/p>\n","protected":false},"featured_media":17147,"comment_status":"open","ping_status":"closed","template":"","meta":{"_et_pb_use_builder":"","_et_pb_old_content":"","_et_gb_content_width":""},"product_cat":[1512,6675],"product_tag":[2602],"edicion":[1083],"editoriales":[1160],"tienda":[],"autor_id":[6187],"universidades_coeditoras":[],"palabras_clave":[],"listado_alfabetico":[],"acf":[],"_links":{"self":[{"href":"https:\/\/wizardly-davinci.82-223-8-23.plesk.page\/en\/wp-json\/wp\/v2\/product\/17146"}],"collection":[{"href":"https:\/\/wizardly-davinci.82-223-8-23.plesk.page\/en\/wp-json\/wp\/v2\/product"}],"about":[{"href":"https:\/\/wizardly-davinci.82-223-8-23.plesk.page\/en\/wp-json\/wp\/v2\/types\/product"}],"replies":[{"embeddable":true,"href":"https:\/\/wizardly-davinci.82-223-8-23.plesk.page\/en\/wp-json\/wp\/v2\/comments?post=17146"}],"wp:featuredmedia":[{"embeddable":true,"href":"https:\/\/wizardly-davinci.82-223-8-23.plesk.page\/en\/wp-json\/wp\/v2\/media\/17147"}],"wp:attachment":[{"href":"https:\/\/wizardly-davinci.82-223-8-23.plesk.page\/en\/wp-json\/wp\/v2\/media?parent=17146"}],"wp:term":[{"taxonomy":"product_cat","embeddable":true,"href":"https:\/\/wizardly-davinci.82-223-8-23.plesk.page\/en\/wp-json\/wp\/v2\/product_cat?post=17146"},{"taxonomy":"product_tag","embeddable":true,"href":"https:\/\/wizardly-davinci.82-223-8-23.plesk.page\/en\/wp-json\/wp\/v2\/product_tag?post=17146"},{"taxonomy":"edicion","embeddable":true,"href":"https:\/\/wizardly-davinci.82-223-8-23.plesk.page\/en\/wp-json\/wp\/v2\/edicion?post=17146"},{"taxonomy":"editoriales","embeddable":true,"href":"https:\/\/wizardly-davinci.82-223-8-23.plesk.page\/en\/wp-json\/wp\/v2\/editoriales?post=17146"},{"taxonomy":"tienda","embeddable":true,"href":"https:\/\/wizardly-davinci.82-223-8-23.plesk.page\/en\/wp-json\/wp\/v2\/tienda?post=17146"},{"taxonomy":"autor_id","embeddable":true,"href":"https:\/\/wizardly-davinci.82-223-8-23.plesk.page\/en\/wp-json\/wp\/v2\/autor_id?post=17146"},{"taxonomy":"universidades_coeditoras","embeddable":true,"href":"https:\/\/wizardly-davinci.82-223-8-23.plesk.page\/en\/wp-json\/wp\/v2\/universidades_coeditoras?post=17146"},{"taxonomy":"palabras_clave","embeddable":true,"href":"https:\/\/wizardly-davinci.82-223-8-23.plesk.page\/en\/wp-json\/wp\/v2\/palabras_clave?post=17146"},{"taxonomy":"listado_alfabetico","embeddable":true,"href":"https:\/\/wizardly-davinci.82-223-8-23.plesk.page\/en\/wp-json\/wp\/v2\/listado_alfabetico?post=17146"}],"curies":[{"name":"wp","href":"https:\/\/api.w.org\/{rel}","templated":true}]}}