{"id":17148,"date":"2019-04-09T22:22:33","date_gmt":"2019-04-09T22:22:33","guid":{"rendered":"https:\/\/octaedro.com\/producto\/los-derechos-de-las-ninas-y-los-ninos\/"},"modified":"2023-04-20T11:32:07","modified_gmt":"2023-04-20T09:32:07","slug":"los-derechos-de-las-ninas-y-los-ninos","status":"publish","type":"product","link":"https:\/\/wizardly-davinci.82-223-8-23.plesk.page\/en\/producto\/los-derechos-de-las-ninas-y-los-ninos\/","title":{"rendered":"Los derechos de las ni\u00f1as y los ni\u00f1os"},"content":{"rendered":"<p>Este libro va dirigido a los profesionales de la educaci\u00f3n (docentes, monitores, madres y padres, educadores del tiempo libre, etc.) y est\u00e1 pensado para ni\u00f1os y ni\u00f1as del \u00faltimo ciclo de educaci\u00f3n primaria, coincidiendo con la preadolescencia y la curiosidad hacia s\u00ed mismos y hacia el mundo que les rodea en un momento en que est\u00e1n explorando su entorno y forjando su propia identidad.<br \/>\nHemos optado por guiar este trabajo a trav\u00e9s de los diez art\u00edculos de la Declaraci\u00f3n de los Derechos de los ni\u00f1os de 1959 en lugar de la Convenci\u00f3n adoptada el a\u00f1o 1989. Es cierto que la Convenci\u00f3n a\u00f1ade algunos aspectos jur\u00eddicos a la Declaraci\u00f3n y, por el mero hecho de ser una Convenci\u00f3n obliga a los pa\u00edses firmantes a respetarla, pero la brevedad en la formulaci\u00f3n de la Declaraci\u00f3n, la s\u00edntesis en s\u00f3lo diez art\u00edculos o principios nos simplifica la tarea de memorizar y retener.En muchos casos, las ni\u00f1as y los ni\u00f1os no ejercen ni exigen sus derechos porque ignoran que los tienen. Por ello debemos procurar que los conozcan, los comenten y los interioricen para que puedan exigirlos ya sea individual o colectivamente.<\/p>\n","protected":false},"excerpt":{"rendered":"<p>Este libro va dirigido a los profesionales de la educaci\u00f3n (docentes, monitores, madres y padres, educadores del tiempo libre, etc.) y est\u00e1 pensado para ni\u00f1os y ni\u00f1as del \u00faltimo ciclo de educaci\u00f3n primaria, coincidiendo con la preadolescencia y la curiosidad hacia s\u00ed mismos y hacia el mundo que les rodea en un momento en que est\u00e1n explorando su entorno y forjando su propia identidad.<br \/>\nHemos optado por guiar este trabajo a trav\u00e9s de los diez art\u00edculos de la Declaraci\u00f3n de los Derechos de los ni\u00f1os de 1959 en lugar de la Convenci\u00f3n adoptada el a\u00f1o 1989. Es cierto que la Convenci\u00f3n a\u00f1ade algunos aspectos jur\u00eddicos a la Declaraci\u00f3n y, por el mero hecho de ser una Convenci\u00f3n obliga a los pa\u00edses firmantes a respetarla, pero la brevedad en la formulaci\u00f3n de la Declaraci\u00f3n, la s\u00edntesis en s\u00f3lo diez art\u00edculos o principios nos simplifica la tarea de memorizar y retener.En muchos casos, las ni\u00f1as y los ni\u00f1os no ejercen ni exigen sus derechos porque ignoran que los tienen. Por ello debemos procurar que los conozcan, los comenten y los interioricen para que puedan exigirlos ya sea individual o colectivamente.<\/p>\n","protected":false},"featured_media":17149,"comment_status":"open","ping_status":"closed","template":"","meta":{"_et_pb_use_builder":"","_et_pb_old_content":"","_et_gb_content_width":""},"product_cat":[1512],"product_tag":[2602],"edicion":[],"editoriales":[1160],"tienda":[],"autor_id":[6187],"universidades_coeditoras":[],"palabras_clave":[],"listado_alfabetico":[],"acf":[],"_links":{"self":[{"href":"https:\/\/wizardly-davinci.82-223-8-23.plesk.page\/en\/wp-json\/wp\/v2\/product\/17148"}],"collection":[{"href":"https:\/\/wizardly-davinci.82-223-8-23.plesk.page\/en\/wp-json\/wp\/v2\/product"}],"about":[{"href":"https:\/\/wizardly-davinci.82-223-8-23.plesk.page\/en\/wp-json\/wp\/v2\/types\/product"}],"replies":[{"embeddable":true,"href":"https:\/\/wizardly-davinci.82-223-8-23.plesk.page\/en\/wp-json\/wp\/v2\/comments?post=17148"}],"wp:featuredmedia":[{"embeddable":true,"href":"https:\/\/wizardly-davinci.82-223-8-23.plesk.page\/en\/wp-json\/wp\/v2\/media\/17149"}],"wp:attachment":[{"href":"https:\/\/wizardly-davinci.82-223-8-23.plesk.page\/en\/wp-json\/wp\/v2\/media?parent=17148"}],"wp:term":[{"taxonomy":"product_cat","embeddable":true,"href":"https:\/\/wizardly-davinci.82-223-8-23.plesk.page\/en\/wp-json\/wp\/v2\/product_cat?post=17148"},{"taxonomy":"product_tag","embeddable":true,"href":"https:\/\/wizardly-davinci.82-223-8-23.plesk.page\/en\/wp-json\/wp\/v2\/product_tag?post=17148"},{"taxonomy":"edicion","embeddable":true,"href":"https:\/\/wizardly-davinci.82-223-8-23.plesk.page\/en\/wp-json\/wp\/v2\/edicion?post=17148"},{"taxonomy":"editoriales","embeddable":true,"href":"https:\/\/wizardly-davinci.82-223-8-23.plesk.page\/en\/wp-json\/wp\/v2\/editoriales?post=17148"},{"taxonomy":"tienda","embeddable":true,"href":"https:\/\/wizardly-davinci.82-223-8-23.plesk.page\/en\/wp-json\/wp\/v2\/tienda?post=17148"},{"taxonomy":"autor_id","embeddable":true,"href":"https:\/\/wizardly-davinci.82-223-8-23.plesk.page\/en\/wp-json\/wp\/v2\/autor_id?post=17148"},{"taxonomy":"universidades_coeditoras","embeddable":true,"href":"https:\/\/wizardly-davinci.82-223-8-23.plesk.page\/en\/wp-json\/wp\/v2\/universidades_coeditoras?post=17148"},{"taxonomy":"palabras_clave","embeddable":true,"href":"https:\/\/wizardly-davinci.82-223-8-23.plesk.page\/en\/wp-json\/wp\/v2\/palabras_clave?post=17148"},{"taxonomy":"listado_alfabetico","embeddable":true,"href":"https:\/\/wizardly-davinci.82-223-8-23.plesk.page\/en\/wp-json\/wp\/v2\/listado_alfabetico?post=17148"}],"curies":[{"name":"wp","href":"https:\/\/api.w.org\/{rel}","templated":true}]}}