{"id":17154,"date":"2019-04-09T22:22:34","date_gmt":"2019-04-09T22:22:34","guid":{"rendered":"https:\/\/octaedro.com\/producto\/manual-de-tutoria-universitaria\/"},"modified":"2023-04-20T11:32:27","modified_gmt":"2023-04-20T09:32:27","slug":"manual-de-tutoria-universitaria","status":"publish","type":"product","link":"https:\/\/wizardly-davinci.82-223-8-23.plesk.page\/en\/producto\/manual-de-tutoria-universitaria\/","title":{"rendered":"Manual de tutor\u00eda universitaria"},"content":{"rendered":"<p>El Manual de Tutor\u00eda Universitaria que se presenta, fruto de la reflexi\u00f3n de un equipo de profesores-tutores, pretende ser un recurso t\u00e9cnico-profesional que pueda ayudar a fundamentar, dise\u00f1ar, ejecutar y evaluar la propia pr\u00e1ctica de la acci\u00f3n tutorial. Los retos derivados de la creaci\u00f3n de un espacio europeo de ense\u00f1anza superior, as\u00ed como la adopci\u00f3n de los presupuestos educativos impl\u00edcitos en el enfoque del aprendizaje que se postula, exigen generar un sistema de apoyo al estudiante que le permita convertirse en el verdadero protagonista de su propio proceso de formaci\u00f3n. La figura del tutor y su acci\u00f3n coordinada dentro de un plan de actuaci\u00f3n colegiada ha de convertirse en el elemento clave y de apoyo a dicho proceso. El contenido de este libro se articula en torno al cap\u00edtulo dedicado al Plan de Acci\u00f3n Tutorial, tras haber contextualizado, fundamentado e ilustrado la pr\u00e1ctica tutorial universitaria en los primeros cap\u00edtulos. Los recursos para la acci\u00f3n se presentan en formato CD \u2013con el fin de facilitar su utilizaci\u00f3n y aplicaci\u00f3n por parte del tutor.<\/p>\n","protected":false},"excerpt":{"rendered":"<p>El Manual de Tutor\u00eda Universitaria que se presenta, fruto de la reflexi\u00f3n de un equipo de profesores-tutores, pretende ser un recurso t\u00e9cnico-profesional que pueda ayudar a fundamentar, dise\u00f1ar, ejecutar y evaluar la propia pr\u00e1ctica de la acci\u00f3n tutorial. Los retos derivados de la creaci\u00f3n de un espacio europeo de ense\u00f1anza superior, as\u00ed como la adopci\u00f3n de los presupuestos educativos impl\u00edcitos en el enfoque del aprendizaje que se postula, exigen generar un sistema de apoyo al estudiante que le permita convertirse en el verdadero protagonista de su propio proceso de formaci\u00f3n. La figura del tutor y su acci\u00f3n coordinada dentro de un plan de actuaci\u00f3n colegiada ha de convertirse en el elemento clave y de apoyo a dicho proceso. El contenido de este libro se articula en torno al cap\u00edtulo dedicado al Plan de Acci\u00f3n Tutorial, tras haber contextualizado, fundamentado e ilustrado la pr\u00e1ctica tutorial universitaria en los primeros cap\u00edtulos. Los recursos para la acci\u00f3n se presentan en formato CD \u2013con el fin de facilitar su utilizaci\u00f3n y aplicaci\u00f3n por parte del tutor.<\/p>\n","protected":false},"featured_media":17155,"comment_status":"open","ping_status":"closed","template":"","meta":{"_et_pb_use_builder":"","_et_pb_old_content":"","_et_gb_content_width":""},"product_cat":[2606,1512,6940,6675,6673],"product_tag":[2604],"edicion":[1084,1083],"editoriales":[1160,8810],"tienda":[],"autor_id":[5030,5383,5484,5489,5498,5886,18905,6064,6265,6497],"universidades_coeditoras":[],"palabras_clave":[],"listado_alfabetico":[],"acf":[],"_links":{"self":[{"href":"https:\/\/wizardly-davinci.82-223-8-23.plesk.page\/en\/wp-json\/wp\/v2\/product\/17154"}],"collection":[{"href":"https:\/\/wizardly-davinci.82-223-8-23.plesk.page\/en\/wp-json\/wp\/v2\/product"}],"about":[{"href":"https:\/\/wizardly-davinci.82-223-8-23.plesk.page\/en\/wp-json\/wp\/v2\/types\/product"}],"replies":[{"embeddable":true,"href":"https:\/\/wizardly-davinci.82-223-8-23.plesk.page\/en\/wp-json\/wp\/v2\/comments?post=17154"}],"wp:featuredmedia":[{"embeddable":true,"href":"https:\/\/wizardly-davinci.82-223-8-23.plesk.page\/en\/wp-json\/wp\/v2\/media\/17155"}],"wp:attachment":[{"href":"https:\/\/wizardly-davinci.82-223-8-23.plesk.page\/en\/wp-json\/wp\/v2\/media?parent=17154"}],"wp:term":[{"taxonomy":"product_cat","embeddable":true,"href":"https:\/\/wizardly-davinci.82-223-8-23.plesk.page\/en\/wp-json\/wp\/v2\/product_cat?post=17154"},{"taxonomy":"product_tag","embeddable":true,"href":"https:\/\/wizardly-davinci.82-223-8-23.plesk.page\/en\/wp-json\/wp\/v2\/product_tag?post=17154"},{"taxonomy":"edicion","embeddable":true,"href":"https:\/\/wizardly-davinci.82-223-8-23.plesk.page\/en\/wp-json\/wp\/v2\/edicion?post=17154"},{"taxonomy":"editoriales","embeddable":true,"href":"https:\/\/wizardly-davinci.82-223-8-23.plesk.page\/en\/wp-json\/wp\/v2\/editoriales?post=17154"},{"taxonomy":"tienda","embeddable":true,"href":"https:\/\/wizardly-davinci.82-223-8-23.plesk.page\/en\/wp-json\/wp\/v2\/tienda?post=17154"},{"taxonomy":"autor_id","embeddable":true,"href":"https:\/\/wizardly-davinci.82-223-8-23.plesk.page\/en\/wp-json\/wp\/v2\/autor_id?post=17154"},{"taxonomy":"universidades_coeditoras","embeddable":true,"href":"https:\/\/wizardly-davinci.82-223-8-23.plesk.page\/en\/wp-json\/wp\/v2\/universidades_coeditoras?post=17154"},{"taxonomy":"palabras_clave","embeddable":true,"href":"https:\/\/wizardly-davinci.82-223-8-23.plesk.page\/en\/wp-json\/wp\/v2\/palabras_clave?post=17154"},{"taxonomy":"listado_alfabetico","embeddable":true,"href":"https:\/\/wizardly-davinci.82-223-8-23.plesk.page\/en\/wp-json\/wp\/v2\/listado_alfabetico?post=17154"}],"curies":[{"name":"wp","href":"https:\/\/api.w.org\/{rel}","templated":true}]}}