{"id":17158,"date":"2019-04-09T22:22:35","date_gmt":"2019-04-09T22:22:35","guid":{"rendered":"https:\/\/octaedro.com\/producto\/el-portafolios-del-profesorado-universitario\/"},"modified":"2023-04-20T11:32:40","modified_gmt":"2023-04-20T09:32:40","slug":"el-portafolios-del-profesorado-universitario","status":"publish","type":"product","link":"https:\/\/wizardly-davinci.82-223-8-23.plesk.page\/en\/producto\/el-portafolios-del-profesorado-universitario\/","title":{"rendered":"El portafolios del profesorado universitario"},"content":{"rendered":"<p>En la actualidad, la tarea docente del profesorado universitario adquiere una nueva dimensi\u00f3n. El profesorado necesita instrumentos y recursos que puedan ayudar a mejorar su desarrollo profesional y que resulten \u00fatiles en la formaci\u00f3n a lo largo de la vida universitaria. El portafolio o carpeta docente constituye uno de esos instrumentos al servicio de la mejora de los docentes y de su proceso de formaci\u00f3n. Este libro aborda el portafolio del profesor universitario, consider\u00e1ndolo en todo momento desde la doble concepci\u00f3n de herramienta para la evaluaci\u00f3n de los docentes (para acreditar, certificar, concursar&#8230;) y, especialmente, como un instrumento para el desarrollo profesional. Se define qu\u00e9 es un portafolio docente, se reflejan sus bases te\u00f3ricas, se muestran diversos posibles formatos y estructuras y finalmente se sugieren modos de realizarlo, con la voluntad de que sea un recurso \u00fatil para todo el profesorado que desee realizar su portafolio docente.<\/p>\n","protected":false},"excerpt":{"rendered":"<p>En la actualidad, la tarea docente del profesorado universitario adquiere una nueva dimensi\u00f3n. El profesorado necesita instrumentos y recursos que puedan ayudar a mejorar su desarrollo profesional y que resulten \u00fatiles en la formaci\u00f3n a lo largo de la vida universitaria. El portafolio o carpeta docente constituye uno de esos instrumentos al servicio de la mejora de los docentes y de su proceso de formaci\u00f3n. Este libro aborda el portafolio del profesor universitario, consider\u00e1ndolo en todo momento desde la doble concepci\u00f3n de herramienta para la evaluaci\u00f3n de los docentes (para acreditar, certificar, concursar&#8230;) y, especialmente, como un instrumento para el desarrollo profesional. Se define qu\u00e9 es un portafolio docente, se reflejan sus bases te\u00f3ricas, se muestran diversos posibles formatos y estructuras y finalmente se sugieren modos de realizarlo, con la voluntad de que sea un recurso \u00fatil para todo el profesorado que desee realizar su portafolio docente.<\/p>\n","protected":false},"featured_media":17159,"comment_status":"open","ping_status":"closed","template":"","meta":{"_et_pb_use_builder":"","_et_pb_old_content":"","_et_gb_content_width":""},"product_cat":[1512,6944,6936,6940,6675],"product_tag":[2602],"edicion":[1083],"editoriales":[1160,8810],"tienda":[],"autor_id":[5241],"universidades_coeditoras":[],"palabras_clave":[],"listado_alfabetico":[],"acf":[],"_links":{"self":[{"href":"https:\/\/wizardly-davinci.82-223-8-23.plesk.page\/en\/wp-json\/wp\/v2\/product\/17158"}],"collection":[{"href":"https:\/\/wizardly-davinci.82-223-8-23.plesk.page\/en\/wp-json\/wp\/v2\/product"}],"about":[{"href":"https:\/\/wizardly-davinci.82-223-8-23.plesk.page\/en\/wp-json\/wp\/v2\/types\/product"}],"replies":[{"embeddable":true,"href":"https:\/\/wizardly-davinci.82-223-8-23.plesk.page\/en\/wp-json\/wp\/v2\/comments?post=17158"}],"wp:featuredmedia":[{"embeddable":true,"href":"https:\/\/wizardly-davinci.82-223-8-23.plesk.page\/en\/wp-json\/wp\/v2\/media\/17159"}],"wp:attachment":[{"href":"https:\/\/wizardly-davinci.82-223-8-23.plesk.page\/en\/wp-json\/wp\/v2\/media?parent=17158"}],"wp:term":[{"taxonomy":"product_cat","embeddable":true,"href":"https:\/\/wizardly-davinci.82-223-8-23.plesk.page\/en\/wp-json\/wp\/v2\/product_cat?post=17158"},{"taxonomy":"product_tag","embeddable":true,"href":"https:\/\/wizardly-davinci.82-223-8-23.plesk.page\/en\/wp-json\/wp\/v2\/product_tag?post=17158"},{"taxonomy":"edicion","embeddable":true,"href":"https:\/\/wizardly-davinci.82-223-8-23.plesk.page\/en\/wp-json\/wp\/v2\/edicion?post=17158"},{"taxonomy":"editoriales","embeddable":true,"href":"https:\/\/wizardly-davinci.82-223-8-23.plesk.page\/en\/wp-json\/wp\/v2\/editoriales?post=17158"},{"taxonomy":"tienda","embeddable":true,"href":"https:\/\/wizardly-davinci.82-223-8-23.plesk.page\/en\/wp-json\/wp\/v2\/tienda?post=17158"},{"taxonomy":"autor_id","embeddable":true,"href":"https:\/\/wizardly-davinci.82-223-8-23.plesk.page\/en\/wp-json\/wp\/v2\/autor_id?post=17158"},{"taxonomy":"universidades_coeditoras","embeddable":true,"href":"https:\/\/wizardly-davinci.82-223-8-23.plesk.page\/en\/wp-json\/wp\/v2\/universidades_coeditoras?post=17158"},{"taxonomy":"palabras_clave","embeddable":true,"href":"https:\/\/wizardly-davinci.82-223-8-23.plesk.page\/en\/wp-json\/wp\/v2\/palabras_clave?post=17158"},{"taxonomy":"listado_alfabetico","embeddable":true,"href":"https:\/\/wizardly-davinci.82-223-8-23.plesk.page\/en\/wp-json\/wp\/v2\/listado_alfabetico?post=17158"}],"curies":[{"name":"wp","href":"https:\/\/api.w.org\/{rel}","templated":true}]}}