{"id":17160,"date":"2019-04-09T22:22:35","date_gmt":"2019-04-09T22:22:35","guid":{"rendered":"https:\/\/octaedro.com\/producto\/el-espacio-europeo-de-educacion-superior-un-reto-para-la-universidad\/"},"modified":"2023-04-20T11:32:47","modified_gmt":"2023-04-20T09:32:47","slug":"el-espacio-europeo-de-educacion-superior-un-reto-para-la-universidad","status":"publish","type":"product","link":"https:\/\/wizardly-davinci.82-223-8-23.plesk.page\/en\/producto\/el-espacio-europeo-de-educacion-superior-un-reto-para-la-universidad\/","title":{"rendered":"El espacio europeo de educaci\u00f3n superior, un reto para la universidad"},"content":{"rendered":"<p>Estamos, sin duda alguna, en un momento de efervescencia en la universidad debido a la confluencia simult\u00e1nea de dos cambios sociales de gran calado. Por una parte est\u00e1 el proceso de confluencia con el Espacio Europeo de Educaci\u00f3n Superior, m\u00e1s conocido como tratado de Bolonia, y por otra la creciente presi\u00f3n que la sociedad y sus instituciones sociales y pol\u00edticas hacen para que la universidad se convierta en una instituci\u00f3n impulsora de los cambios de todo tipo a los que la sociedad actual debe hacer frente. La comunidad educativa universitaria es cada vez m\u00e1s consciente de esta situaci\u00f3n y m\u00e1s permeable al discurso que la asocia al devenir social de la comunidad de la que forma parte. Por esta raz\u00f3n asistimos, en este momento, a una amplia serie de actividades, jornadas, simposios, etc. que toman como tema a trabajar la reforma de la universidad espa\u00f1ola en el contexto de la convergencia europea.Este libro expone de manera divulgativa, por una parte, las consecuencias que tiene el proceso de confluencia para la organizaci\u00f3n de los estudios universitarios y, por otra, la influencia que todo esto ejerce sobre los modelos instructivos que son m\u00e1s habituales en la universidad actual. Es una obra de inter\u00e9s para todos los docentes universitarios y para aquellas personas interesadas en los problemas educativos actuales.<\/p>\n","protected":false},"excerpt":{"rendered":"<p>Estamos, sin duda alguna, en un momento de efervescencia en la universidad debido a la confluencia simult\u00e1nea de dos cambios sociales de gran calado. Por una parte est\u00e1 el proceso de confluencia con el Espacio Europeo de Educaci\u00f3n Superior, m\u00e1s conocido como tratado de Bolonia, y por otra la creciente presi\u00f3n que la sociedad y sus instituciones sociales y pol\u00edticas hacen para que la universidad se convierta en una instituci\u00f3n impulsora de los cambios de todo tipo a los que la sociedad actual debe hacer frente. La comunidad educativa universitaria es cada vez m\u00e1s consciente de esta situaci\u00f3n y m\u00e1s permeable al discurso que la asocia al devenir social de la comunidad de la que forma parte. Por esta raz\u00f3n asistimos, en este momento, a una amplia serie de actividades, jornadas, simposios, etc. que toman como tema a trabajar la reforma de la universidad espa\u00f1ola en el contexto de la convergencia europea.Este libro expone de manera divulgativa, por una parte, las consecuencias que tiene el proceso de confluencia para la organizaci\u00f3n de los estudios universitarios y, por otra, la influencia que todo esto ejerce sobre los modelos instructivos que son m\u00e1s habituales en la universidad actual. Es una obra de inter\u00e9s para todos los docentes universitarios y para aquellas personas interesadas en los problemas educativos actuales.<\/p>\n","protected":false},"featured_media":17161,"comment_status":"open","ping_status":"closed","template":"","meta":{"_et_pb_use_builder":"","_et_pb_old_content":"","_et_gb_content_width":""},"product_cat":[1512,6936,6940,6675],"product_tag":[2602],"edicion":[1083],"editoriales":[1160,8810],"tienda":[],"autor_id":[5621],"universidades_coeditoras":[],"palabras_clave":[],"listado_alfabetico":[],"acf":[],"_links":{"self":[{"href":"https:\/\/wizardly-davinci.82-223-8-23.plesk.page\/en\/wp-json\/wp\/v2\/product\/17160"}],"collection":[{"href":"https:\/\/wizardly-davinci.82-223-8-23.plesk.page\/en\/wp-json\/wp\/v2\/product"}],"about":[{"href":"https:\/\/wizardly-davinci.82-223-8-23.plesk.page\/en\/wp-json\/wp\/v2\/types\/product"}],"replies":[{"embeddable":true,"href":"https:\/\/wizardly-davinci.82-223-8-23.plesk.page\/en\/wp-json\/wp\/v2\/comments?post=17160"}],"wp:featuredmedia":[{"embeddable":true,"href":"https:\/\/wizardly-davinci.82-223-8-23.plesk.page\/en\/wp-json\/wp\/v2\/media\/17161"}],"wp:attachment":[{"href":"https:\/\/wizardly-davinci.82-223-8-23.plesk.page\/en\/wp-json\/wp\/v2\/media?parent=17160"}],"wp:term":[{"taxonomy":"product_cat","embeddable":true,"href":"https:\/\/wizardly-davinci.82-223-8-23.plesk.page\/en\/wp-json\/wp\/v2\/product_cat?post=17160"},{"taxonomy":"product_tag","embeddable":true,"href":"https:\/\/wizardly-davinci.82-223-8-23.plesk.page\/en\/wp-json\/wp\/v2\/product_tag?post=17160"},{"taxonomy":"edicion","embeddable":true,"href":"https:\/\/wizardly-davinci.82-223-8-23.plesk.page\/en\/wp-json\/wp\/v2\/edicion?post=17160"},{"taxonomy":"editoriales","embeddable":true,"href":"https:\/\/wizardly-davinci.82-223-8-23.plesk.page\/en\/wp-json\/wp\/v2\/editoriales?post=17160"},{"taxonomy":"tienda","embeddable":true,"href":"https:\/\/wizardly-davinci.82-223-8-23.plesk.page\/en\/wp-json\/wp\/v2\/tienda?post=17160"},{"taxonomy":"autor_id","embeddable":true,"href":"https:\/\/wizardly-davinci.82-223-8-23.plesk.page\/en\/wp-json\/wp\/v2\/autor_id?post=17160"},{"taxonomy":"universidades_coeditoras","embeddable":true,"href":"https:\/\/wizardly-davinci.82-223-8-23.plesk.page\/en\/wp-json\/wp\/v2\/universidades_coeditoras?post=17160"},{"taxonomy":"palabras_clave","embeddable":true,"href":"https:\/\/wizardly-davinci.82-223-8-23.plesk.page\/en\/wp-json\/wp\/v2\/palabras_clave?post=17160"},{"taxonomy":"listado_alfabetico","embeddable":true,"href":"https:\/\/wizardly-davinci.82-223-8-23.plesk.page\/en\/wp-json\/wp\/v2\/listado_alfabetico?post=17160"}],"curies":[{"name":"wp","href":"https:\/\/api.w.org\/{rel}","templated":true}]}}