{"id":17162,"date":"2019-04-09T22:22:36","date_gmt":"2019-04-09T22:22:36","guid":{"rendered":"https:\/\/octaedro.com\/producto\/la-carpeta-de-aprendizaje-del-alumnado-universitario\/"},"modified":"2023-04-20T11:32:54","modified_gmt":"2023-04-20T09:32:54","slug":"la-carpeta-de-aprendizaje-del-alumnado-universitario","status":"publish","type":"product","link":"https:\/\/wizardly-davinci.82-223-8-23.plesk.page\/en\/producto\/la-carpeta-de-aprendizaje-del-alumnado-universitario\/","title":{"rendered":"La carpeta de aprendizaje del alumnado universitario"},"content":{"rendered":"<p>La carpeta de aprendizaje es uno de los instrumentos que se ha mostrado especialmente id\u00f3neo para organizar y fomentar el proceso formativo aut\u00f3nomo del estudiante universitario, puesto que deviene un elemento que estructura el conocimiento, se adapta a la diversidad de los y las estudiantes, de los contenidos y potencia cada uno de los saberes y procesos necesarios para aprender con autonom\u00eda. El libro presenta las grandes l\u00edneas conceptuales respecto del proceso de aprendizaje aut\u00f3nomo del alumnado. Propone los elementos esenciales y las posibilidades que presenta la carpeta de aprendizaje en favor de la autonom\u00eda del estudiante durante el proceso formativo e ilustra la versatilidad y adaptaci\u00f3n de la carpeta de aprendizaje a diferentes pr\u00e1cticas docentes, a distintos grupos de alumnos y a diferentes asignaturas.<\/p>\n","protected":false},"excerpt":{"rendered":"<p>La carpeta de aprendizaje es uno de los instrumentos que se ha mostrado especialmente id\u00f3neo para organizar y fomentar el proceso formativo aut\u00f3nomo del estudiante universitario, puesto que deviene un elemento que estructura el conocimiento, se adapta a la diversidad de los y las estudiantes, de los contenidos y potencia cada uno de los saberes y procesos necesarios para aprender con autonom\u00eda. El libro presenta las grandes l\u00edneas conceptuales respecto del proceso de aprendizaje aut\u00f3nomo del alumnado. Propone los elementos esenciales y las posibilidades que presenta la carpeta de aprendizaje en favor de la autonom\u00eda del estudiante durante el proceso formativo e ilustra la versatilidad y adaptaci\u00f3n de la carpeta de aprendizaje a diferentes pr\u00e1cticas docentes, a distintos grupos de alumnos y a diferentes asignaturas.<\/p>\n","protected":false},"featured_media":17163,"comment_status":"open","ping_status":"closed","template":"","meta":{"_et_pb_use_builder":"","_et_pb_old_content":"","_et_gb_content_width":""},"product_cat":[1512,6936,6940,6675],"product_tag":[2602],"edicion":[1083],"editoriales":[1160,8810],"tienda":[],"autor_id":[5315,5593,5719],"universidades_coeditoras":[],"palabras_clave":[],"listado_alfabetico":[],"acf":[],"_links":{"self":[{"href":"https:\/\/wizardly-davinci.82-223-8-23.plesk.page\/en\/wp-json\/wp\/v2\/product\/17162"}],"collection":[{"href":"https:\/\/wizardly-davinci.82-223-8-23.plesk.page\/en\/wp-json\/wp\/v2\/product"}],"about":[{"href":"https:\/\/wizardly-davinci.82-223-8-23.plesk.page\/en\/wp-json\/wp\/v2\/types\/product"}],"replies":[{"embeddable":true,"href":"https:\/\/wizardly-davinci.82-223-8-23.plesk.page\/en\/wp-json\/wp\/v2\/comments?post=17162"}],"wp:featuredmedia":[{"embeddable":true,"href":"https:\/\/wizardly-davinci.82-223-8-23.plesk.page\/en\/wp-json\/wp\/v2\/media\/17163"}],"wp:attachment":[{"href":"https:\/\/wizardly-davinci.82-223-8-23.plesk.page\/en\/wp-json\/wp\/v2\/media?parent=17162"}],"wp:term":[{"taxonomy":"product_cat","embeddable":true,"href":"https:\/\/wizardly-davinci.82-223-8-23.plesk.page\/en\/wp-json\/wp\/v2\/product_cat?post=17162"},{"taxonomy":"product_tag","embeddable":true,"href":"https:\/\/wizardly-davinci.82-223-8-23.plesk.page\/en\/wp-json\/wp\/v2\/product_tag?post=17162"},{"taxonomy":"edicion","embeddable":true,"href":"https:\/\/wizardly-davinci.82-223-8-23.plesk.page\/en\/wp-json\/wp\/v2\/edicion?post=17162"},{"taxonomy":"editoriales","embeddable":true,"href":"https:\/\/wizardly-davinci.82-223-8-23.plesk.page\/en\/wp-json\/wp\/v2\/editoriales?post=17162"},{"taxonomy":"tienda","embeddable":true,"href":"https:\/\/wizardly-davinci.82-223-8-23.plesk.page\/en\/wp-json\/wp\/v2\/tienda?post=17162"},{"taxonomy":"autor_id","embeddable":true,"href":"https:\/\/wizardly-davinci.82-223-8-23.plesk.page\/en\/wp-json\/wp\/v2\/autor_id?post=17162"},{"taxonomy":"universidades_coeditoras","embeddable":true,"href":"https:\/\/wizardly-davinci.82-223-8-23.plesk.page\/en\/wp-json\/wp\/v2\/universidades_coeditoras?post=17162"},{"taxonomy":"palabras_clave","embeddable":true,"href":"https:\/\/wizardly-davinci.82-223-8-23.plesk.page\/en\/wp-json\/wp\/v2\/palabras_clave?post=17162"},{"taxonomy":"listado_alfabetico","embeddable":true,"href":"https:\/\/wizardly-davinci.82-223-8-23.plesk.page\/en\/wp-json\/wp\/v2\/listado_alfabetico?post=17162"}],"curies":[{"name":"wp","href":"https:\/\/api.w.org\/{rel}","templated":true}]}}