{"id":17166,"date":"2019-04-09T22:22:37","date_gmt":"2019-04-09T22:22:37","guid":{"rendered":"https:\/\/octaedro.com\/producto\/aprender-en-la-universidad-el-punto-de-vista-estudiantil\/"},"modified":"2023-04-20T11:33:09","modified_gmt":"2023-04-20T09:33:09","slug":"aprender-en-la-universidad-el-punto-de-vista-estudiantil","status":"publish","type":"product","link":"https:\/\/wizardly-davinci.82-223-8-23.plesk.page\/en\/producto\/aprender-en-la-universidad-el-punto-de-vista-estudiantil\/","title":{"rendered":"Aprender en la universidad: el punto de vista estudiantil"},"content":{"rendered":"<p>El profesorado precisa investigar, observar y analizar en qu\u00e9 situaciones, en qu\u00e9 contextos y mediando qu\u00e9 tipo de actividades o tareas did\u00e1cticas, el alumnado universitario aprende m\u00e1s y mejor, porque s\u00f3lo incrementado nuestro conocimiento sobre esta cuesti\u00f3n podremos buscar estrategias de ense\u00f1anza y de acompa\u00f1amiento de los y las estudiantes que faciliten un aprendizaje mayor y de m\u00e1s calidad. Por su parte, el estudiantado universitario posee conocimiento privilegiado sobre situaciones en que aprende, pues cada estudiante es protagonista de su propio proceso de aprendizaje.<br \/>\nLa publicaci\u00f3n recoge este conocimiento estudiantil, \u201cde primera mano\u201d, que la autora ha construido junto con estudiantes de la Universidad de Barcelona, y que se edita con el inter\u00e9s de promover la reflexi\u00f3n y la mejora de la universidad, tanto entre el colectivo de docentes, como entre el colectivo estudiantil.<\/p>\n","protected":false},"excerpt":{"rendered":"<p>El profesorado precisa investigar, observar y analizar en qu\u00e9 situaciones, en qu\u00e9 contextos y mediando qu\u00e9 tipo de actividades o tareas did\u00e1cticas, el alumnado universitario aprende m\u00e1s y mejor, porque s\u00f3lo incrementado nuestro conocimiento sobre esta cuesti\u00f3n podremos buscar estrategias de ense\u00f1anza y de acompa\u00f1amiento de los y las estudiantes que faciliten un aprendizaje mayor y de m\u00e1s calidad. Por su parte, el estudiantado universitario posee conocimiento privilegiado sobre situaciones en que aprende, pues cada estudiante es protagonista de su propio proceso de aprendizaje.<br \/>\nLa publicaci\u00f3n recoge este conocimiento estudiantil, \u201cde primera mano\u201d, que la autora ha construido junto con estudiantes de la Universidad de Barcelona, y que se edita con el inter\u00e9s de promover la reflexi\u00f3n y la mejora de la universidad, tanto entre el colectivo de docentes, como entre el colectivo estudiantil.<\/p>\n","protected":false},"featured_media":17167,"comment_status":"open","ping_status":"closed","template":"","meta":{"_et_pb_use_builder":"","_et_pb_old_content":"","_et_gb_content_width":""},"product_cat":[1512,6936,6940,6675],"product_tag":[2602],"edicion":[1083],"editoriales":[1160,8810],"tienda":[],"autor_id":[5592],"universidades_coeditoras":[],"palabras_clave":[],"listado_alfabetico":[],"acf":[],"_links":{"self":[{"href":"https:\/\/wizardly-davinci.82-223-8-23.plesk.page\/en\/wp-json\/wp\/v2\/product\/17166"}],"collection":[{"href":"https:\/\/wizardly-davinci.82-223-8-23.plesk.page\/en\/wp-json\/wp\/v2\/product"}],"about":[{"href":"https:\/\/wizardly-davinci.82-223-8-23.plesk.page\/en\/wp-json\/wp\/v2\/types\/product"}],"replies":[{"embeddable":true,"href":"https:\/\/wizardly-davinci.82-223-8-23.plesk.page\/en\/wp-json\/wp\/v2\/comments?post=17166"}],"wp:featuredmedia":[{"embeddable":true,"href":"https:\/\/wizardly-davinci.82-223-8-23.plesk.page\/en\/wp-json\/wp\/v2\/media\/17167"}],"wp:attachment":[{"href":"https:\/\/wizardly-davinci.82-223-8-23.plesk.page\/en\/wp-json\/wp\/v2\/media?parent=17166"}],"wp:term":[{"taxonomy":"product_cat","embeddable":true,"href":"https:\/\/wizardly-davinci.82-223-8-23.plesk.page\/en\/wp-json\/wp\/v2\/product_cat?post=17166"},{"taxonomy":"product_tag","embeddable":true,"href":"https:\/\/wizardly-davinci.82-223-8-23.plesk.page\/en\/wp-json\/wp\/v2\/product_tag?post=17166"},{"taxonomy":"edicion","embeddable":true,"href":"https:\/\/wizardly-davinci.82-223-8-23.plesk.page\/en\/wp-json\/wp\/v2\/edicion?post=17166"},{"taxonomy":"editoriales","embeddable":true,"href":"https:\/\/wizardly-davinci.82-223-8-23.plesk.page\/en\/wp-json\/wp\/v2\/editoriales?post=17166"},{"taxonomy":"tienda","embeddable":true,"href":"https:\/\/wizardly-davinci.82-223-8-23.plesk.page\/en\/wp-json\/wp\/v2\/tienda?post=17166"},{"taxonomy":"autor_id","embeddable":true,"href":"https:\/\/wizardly-davinci.82-223-8-23.plesk.page\/en\/wp-json\/wp\/v2\/autor_id?post=17166"},{"taxonomy":"universidades_coeditoras","embeddable":true,"href":"https:\/\/wizardly-davinci.82-223-8-23.plesk.page\/en\/wp-json\/wp\/v2\/universidades_coeditoras?post=17166"},{"taxonomy":"palabras_clave","embeddable":true,"href":"https:\/\/wizardly-davinci.82-223-8-23.plesk.page\/en\/wp-json\/wp\/v2\/palabras_clave?post=17166"},{"taxonomy":"listado_alfabetico","embeddable":true,"href":"https:\/\/wizardly-davinci.82-223-8-23.plesk.page\/en\/wp-json\/wp\/v2\/listado_alfabetico?post=17166"}],"curies":[{"name":"wp","href":"https:\/\/api.w.org\/{rel}","templated":true}]}}