{"id":17169,"date":"2019-04-09T22:25:13","date_gmt":"2019-04-09T22:25:13","guid":{"rendered":"https:\/\/octaedro.com\/producto\/de-la-biblioteca-al-centro-de-recursos-para-el-aprendizaje-y-la-investigacion\/"},"modified":"2023-04-20T11:33:16","modified_gmt":"2023-04-20T09:33:16","slug":"de-la-biblioteca-al-centro-de-recursos-para-el-aprendizaje-y-la-investigacion","status":"publish","type":"product","link":"https:\/\/wizardly-davinci.82-223-8-23.plesk.page\/en\/producto\/de-la-biblioteca-al-centro-de-recursos-para-el-aprendizaje-y-la-investigacion\/","title":{"rendered":"De la biblioteca al centro de recursos para el aprendizaje y la investigaci\u00f3n"},"content":{"rendered":"<p>Uno de los actuales desaf\u00edos que afecta a la ense\u00f1anza superior hace referencia a la necesidad de transformar la gesti\u00f3n y el acceso a los recursos para el aprendizaje y la investigaci\u00f3n. Esta situaci\u00f3n demanda, por ejemplo, que las bibliotecas ampl\u00eden su concepci\u00f3n y funciones y pasen a ser afectivos Centros de Recursos para el Aprendizaje y la Investigaci\u00f3n (CRAI). Pero tambi\u00e9n reclama que profesores, investigadores y estudiantes contribuyan con sus iniciativas, demanda y, sobre todo, con una utilizaci\u00f3n efectiva y creativa de estos recursos, a que este cambio tenga lugar.<br \/>\nEste libro puede interesar a todos aquellos que sientan inquietud ante los cambios que est\u00e1n afectando a la universidad o que tengan inter\u00e9s por explorar lo que puede significar aprender en la sociedad del conocimiento.<br \/>\nEsta publicaci\u00f3n se basa en la investigaci\u00f3n llevada a cabo en ocho universidades espa\u00f1olas, por profesores de las mismas y en colaboraci\u00f3n con la REBIUN (Red de Bibliotecas Universitarias). El objetivo fue explorar las percepciones del profesorado y personal de las bibliotecas ante las formas alternativas de proyectar y gestionar los recursos para el aprendizaje y la investigaci\u00f3n en una universidad en proceso de cambio. Este estudio ha sido financiado por el Programa de Estudios y An\u00e1lisis de la Direcci\u00f3n General de Universidades.<\/p>\n","protected":false},"excerpt":{"rendered":"<p>Uno de los actuales desaf\u00edos que afecta a la ense\u00f1anza superior hace referencia a la necesidad de transformar la gesti\u00f3n y el acceso a los recursos para el aprendizaje y la investigaci\u00f3n. Esta situaci\u00f3n demanda, por ejemplo, que las bibliotecas ampl\u00eden su concepci\u00f3n y funciones y pasen a ser afectivos Centros de Recursos para el Aprendizaje y la Investigaci\u00f3n (CRAI). Pero tambi\u00e9n reclama que profesores, investigadores y estudiantes contribuyan con sus iniciativas, demanda y, sobre todo, con una utilizaci\u00f3n efectiva y creativa de estos recursos, a que este cambio tenga lugar.<br \/>\nEste libro puede interesar a todos aquellos que sientan inquietud ante los cambios que est\u00e1n afectando a la universidad o que tengan inter\u00e9s por explorar lo que puede significar aprender en la sociedad del conocimiento.<br \/>\nEsta publicaci\u00f3n se basa en la investigaci\u00f3n llevada a cabo en ocho universidades espa\u00f1olas, por profesores de las mismas y en colaboraci\u00f3n con la REBIUN (Red de Bibliotecas Universitarias). El objetivo fue explorar las percepciones del profesorado y personal de las bibliotecas ante las formas alternativas de proyectar y gestionar los recursos para el aprendizaje y la investigaci\u00f3n en una universidad en proceso de cambio. Este estudio ha sido financiado por el Programa de Estudios y An\u00e1lisis de la Direcci\u00f3n General de Universidades.<\/p>\n","protected":false},"featured_media":17170,"comment_status":"open","ping_status":"closed","template":"","meta":{"_et_pb_use_builder":"","_et_pb_old_content":"","_et_gb_content_width":""},"product_cat":[1512,6944,6936,6940,6675],"product_tag":[2602],"edicion":[1083],"editoriales":[1160,8810],"tienda":[],"autor_id":[5062,5675,5938],"universidades_coeditoras":[],"palabras_clave":[],"listado_alfabetico":[],"acf":[],"_links":{"self":[{"href":"https:\/\/wizardly-davinci.82-223-8-23.plesk.page\/en\/wp-json\/wp\/v2\/product\/17169"}],"collection":[{"href":"https:\/\/wizardly-davinci.82-223-8-23.plesk.page\/en\/wp-json\/wp\/v2\/product"}],"about":[{"href":"https:\/\/wizardly-davinci.82-223-8-23.plesk.page\/en\/wp-json\/wp\/v2\/types\/product"}],"replies":[{"embeddable":true,"href":"https:\/\/wizardly-davinci.82-223-8-23.plesk.page\/en\/wp-json\/wp\/v2\/comments?post=17169"}],"wp:featuredmedia":[{"embeddable":true,"href":"https:\/\/wizardly-davinci.82-223-8-23.plesk.page\/en\/wp-json\/wp\/v2\/media\/17170"}],"wp:attachment":[{"href":"https:\/\/wizardly-davinci.82-223-8-23.plesk.page\/en\/wp-json\/wp\/v2\/media?parent=17169"}],"wp:term":[{"taxonomy":"product_cat","embeddable":true,"href":"https:\/\/wizardly-davinci.82-223-8-23.plesk.page\/en\/wp-json\/wp\/v2\/product_cat?post=17169"},{"taxonomy":"product_tag","embeddable":true,"href":"https:\/\/wizardly-davinci.82-223-8-23.plesk.page\/en\/wp-json\/wp\/v2\/product_tag?post=17169"},{"taxonomy":"edicion","embeddable":true,"href":"https:\/\/wizardly-davinci.82-223-8-23.plesk.page\/en\/wp-json\/wp\/v2\/edicion?post=17169"},{"taxonomy":"editoriales","embeddable":true,"href":"https:\/\/wizardly-davinci.82-223-8-23.plesk.page\/en\/wp-json\/wp\/v2\/editoriales?post=17169"},{"taxonomy":"tienda","embeddable":true,"href":"https:\/\/wizardly-davinci.82-223-8-23.plesk.page\/en\/wp-json\/wp\/v2\/tienda?post=17169"},{"taxonomy":"autor_id","embeddable":true,"href":"https:\/\/wizardly-davinci.82-223-8-23.plesk.page\/en\/wp-json\/wp\/v2\/autor_id?post=17169"},{"taxonomy":"universidades_coeditoras","embeddable":true,"href":"https:\/\/wizardly-davinci.82-223-8-23.plesk.page\/en\/wp-json\/wp\/v2\/universidades_coeditoras?post=17169"},{"taxonomy":"palabras_clave","embeddable":true,"href":"https:\/\/wizardly-davinci.82-223-8-23.plesk.page\/en\/wp-json\/wp\/v2\/palabras_clave?post=17169"},{"taxonomy":"listado_alfabetico","embeddable":true,"href":"https:\/\/wizardly-davinci.82-223-8-23.plesk.page\/en\/wp-json\/wp\/v2\/listado_alfabetico?post=17169"}],"curies":[{"name":"wp","href":"https:\/\/api.w.org\/{rel}","templated":true}]}}