{"id":17179,"date":"2019-04-09T22:25:14","date_gmt":"2019-04-09T22:25:14","guid":{"rendered":"https:\/\/octaedro.com\/producto\/politicas-practicas-e-investigacion-en-tecnologia-educativa\/"},"modified":"2023-04-20T11:33:49","modified_gmt":"2023-04-20T09:33:49","slug":"politicas-practicas-e-investigacion-en-tecnologia-educativa","status":"publish","type":"product","link":"https:\/\/wizardly-davinci.82-223-8-23.plesk.page\/en\/producto\/politicas-practicas-e-investigacion-en-tecnologia-educativa\/","title":{"rendered":"Pol\u00edticas, pr\u00e1cticas e investigaci\u00f3n en tecnolog\u00eda educativa"},"content":{"rendered":"<p>Este libro analiza las interconexiones que podemos encontrar entre pol\u00edticas, investigaci\u00f3n y pr\u00e1cticas educativas en el \u00e1mbito universitario. Se toma como referencia, fundamentalmente, el proceso del EEES (Espacio Europeo de Educaci\u00f3n Superior) y el discurso que domina con respecto a las propuestas de innovaci\u00f3n de la ense\u00f1anza y la integraci\u00f3n de las tecnolog\u00edas en ella.<\/p>\n<p>Examinamos tambi\u00e9n c\u00f3mo las pol\u00edticas son contestadas, interpretadas y resueltas en una gran variedad de terrenos pr\u00e1cticos y c\u00f3mo las ret\u00f3ricas, textos y comprensiones de los pol\u00edticos no siempre pueden traducirse directa y obviamente dentro de las pr\u00e1cticas institucionales.<\/p>\n<p>Nos dirigimos, pues, a todos aquellos interesados en la universidad como objeto de estudio en este momento hist\u00f3rico en el que la instituci\u00f3n est\u00e1 fuertemente demandada ante el desaf\u00edo de enfrentarse a las demandas provenientes de la sociedad de la informaci\u00f3n y el conocimiento (SIC).<\/p>\n","protected":false},"excerpt":{"rendered":"<p>Este libro analiza las interconexiones que podemos encontrar entre pol\u00edticas, investigaci\u00f3n y pr\u00e1cticas educativas en el \u00e1mbito universitario. Se toma como referencia, fundamentalmente, el proceso del EEES (Espacio Europeo de Educaci\u00f3n Superior) y el discurso que domina con respecto a las propuestas de innovaci\u00f3n de la ense\u00f1anza y la integraci\u00f3n de las tecnolog\u00edas en ella.<\/p>\n<p>Examinamos tambi\u00e9n c\u00f3mo las pol\u00edticas son contestadas, interpretadas y resueltas en una gran variedad de terrenos pr\u00e1cticos y c\u00f3mo las ret\u00f3ricas, textos y comprensiones de los pol\u00edticos no siempre pueden traducirse directa y obviamente dentro de las pr\u00e1cticas institucionales.<\/p>\n<p>Nos dirigimos, pues, a todos aquellos interesados en la universidad como objeto de estudio en este momento hist\u00f3rico en el que la instituci\u00f3n est\u00e1 fuertemente demandada ante el desaf\u00edo de enfrentarse a las demandas provenientes de la sociedad de la informaci\u00f3n y el conocimiento (SIC).<\/p>\n","protected":false},"featured_media":17180,"comment_status":"open","ping_status":"closed","template":"","meta":{"_et_pb_use_builder":"","_et_pb_old_content":"","_et_gb_content_width":""},"product_cat":[1512,6936,6940,6675],"product_tag":[2602],"edicion":[1083],"editoriales":[1160,8810],"tienda":[],"autor_id":[5062,5128,5129,5464,5578,5994,6102,6227,6261,6321,5938,6376],"universidades_coeditoras":[],"palabras_clave":[],"listado_alfabetico":[],"acf":[],"_links":{"self":[{"href":"https:\/\/wizardly-davinci.82-223-8-23.plesk.page\/en\/wp-json\/wp\/v2\/product\/17179"}],"collection":[{"href":"https:\/\/wizardly-davinci.82-223-8-23.plesk.page\/en\/wp-json\/wp\/v2\/product"}],"about":[{"href":"https:\/\/wizardly-davinci.82-223-8-23.plesk.page\/en\/wp-json\/wp\/v2\/types\/product"}],"replies":[{"embeddable":true,"href":"https:\/\/wizardly-davinci.82-223-8-23.plesk.page\/en\/wp-json\/wp\/v2\/comments?post=17179"}],"wp:featuredmedia":[{"embeddable":true,"href":"https:\/\/wizardly-davinci.82-223-8-23.plesk.page\/en\/wp-json\/wp\/v2\/media\/17180"}],"wp:attachment":[{"href":"https:\/\/wizardly-davinci.82-223-8-23.plesk.page\/en\/wp-json\/wp\/v2\/media?parent=17179"}],"wp:term":[{"taxonomy":"product_cat","embeddable":true,"href":"https:\/\/wizardly-davinci.82-223-8-23.plesk.page\/en\/wp-json\/wp\/v2\/product_cat?post=17179"},{"taxonomy":"product_tag","embeddable":true,"href":"https:\/\/wizardly-davinci.82-223-8-23.plesk.page\/en\/wp-json\/wp\/v2\/product_tag?post=17179"},{"taxonomy":"edicion","embeddable":true,"href":"https:\/\/wizardly-davinci.82-223-8-23.plesk.page\/en\/wp-json\/wp\/v2\/edicion?post=17179"},{"taxonomy":"editoriales","embeddable":true,"href":"https:\/\/wizardly-davinci.82-223-8-23.plesk.page\/en\/wp-json\/wp\/v2\/editoriales?post=17179"},{"taxonomy":"tienda","embeddable":true,"href":"https:\/\/wizardly-davinci.82-223-8-23.plesk.page\/en\/wp-json\/wp\/v2\/tienda?post=17179"},{"taxonomy":"autor_id","embeddable":true,"href":"https:\/\/wizardly-davinci.82-223-8-23.plesk.page\/en\/wp-json\/wp\/v2\/autor_id?post=17179"},{"taxonomy":"universidades_coeditoras","embeddable":true,"href":"https:\/\/wizardly-davinci.82-223-8-23.plesk.page\/en\/wp-json\/wp\/v2\/universidades_coeditoras?post=17179"},{"taxonomy":"palabras_clave","embeddable":true,"href":"https:\/\/wizardly-davinci.82-223-8-23.plesk.page\/en\/wp-json\/wp\/v2\/palabras_clave?post=17179"},{"taxonomy":"listado_alfabetico","embeddable":true,"href":"https:\/\/wizardly-davinci.82-223-8-23.plesk.page\/en\/wp-json\/wp\/v2\/listado_alfabetico?post=17179"}],"curies":[{"name":"wp","href":"https:\/\/api.w.org\/{rel}","templated":true}]}}