{"id":17181,"date":"2019-04-09T22:25:15","date_gmt":"2019-04-09T22:25:15","guid":{"rendered":"https:\/\/octaedro.com\/producto\/sistemas-comparados-de-educacion-superior-en-europa\/"},"modified":"2023-04-20T11:33:55","modified_gmt":"2023-04-20T09:33:55","slug":"sistemas-comparados-de-educacion-superior-en-europa","status":"publish","type":"product","link":"https:\/\/wizardly-davinci.82-223-8-23.plesk.page\/en\/producto\/sistemas-comparados-de-educacion-superior-en-europa\/","title":{"rendered":"Sistemas comparados de educaci\u00f3n superior en Europa"},"content":{"rendered":"<p>En los pa\u00edses avanzados econ\u00f3micamente las formas y las dimensiones de los sistemas de educaci\u00f3n superior var\u00edan considerablemente. En algunos pa\u00edses, el acceso se vuelve casi universal, mientras que en otros s\u00f3lo un tercio de los grupos de edad correspondientes tienen acceso a las ense\u00f1anzas superiores. Todos los sistemas de educaci\u00f3n superior se encuentran diversificados, pero las dimensiones formales, tales como los tipos de instituciones o los niveles de los programas de estudio y los t\u00edtulos, juegan diferentes roles, en tanto que las dimensiones informales no son el modo alguno irrelevantes. En algunos pa\u00edses la jerarqu\u00eda en funci\u00f3n de la calidad y la reputaci\u00f3n lograda es realmente abrupta y en otros, relativamente plana.<br \/>\nEste libro, basado en m\u00e1s de tres d\u00e9cadas de investigaci\u00f3n de uno de los investigadores europeos m\u00e1s relevantes en el campo, tiene como objetivo mostrar las tendencias actuales en el desarrollo de los sistemas de educaci\u00f3n superior en Europa. En \u00e9l se describen los debates de las pol\u00edticas en una amplia gama de pa\u00edses. Adem\u00e1s, ofrece una visi\u00f3n general de diferentes conceptos que definen el campo y las pol\u00edticas de la ense\u00f1anza superior, de la investigaci\u00f3n y el empleo con el fin de explicar las din\u00e1micas de las evoluciones estructurales. Invita a mirar m\u00e1s all\u00e1 de la idiosincrasia de los debates naciones y m\u00e1s all\u00e1 de la <em>zeitgeist<\/em> de los debates internacionales actualmente de moda (por ejemplo, el proceso de Bolonia, aqu\u00ed abordado, o la clasificaci\u00f3n mundial de las universidades) para considerar las tensiones, los desaf\u00edos y los cambios que hoy definen las condiciones que delimitan la convergencia y la diversidad de los sistemas de ense\u00f1anza superior en Europa.<\/p>\n","protected":false},"excerpt":{"rendered":"<p>En los pa\u00edses avanzados econ\u00f3micamente las formas y las dimensiones de los sistemas de educaci\u00f3n superior var\u00edan considerablemente. En algunos pa\u00edses, el acceso se vuelve casi universal, mientras que en otros s\u00f3lo un tercio de los grupos de edad correspondientes tienen acceso a las ense\u00f1anzas superiores. Todos los sistemas de educaci\u00f3n superior se encuentran diversificados, pero las dimensiones formales, tales como los tipos de instituciones o los niveles de los programas de estudio y los t\u00edtulos, juegan diferentes roles, en tanto que las dimensiones informales no son el modo alguno irrelevantes. En algunos pa\u00edses la jerarqu\u00eda en funci\u00f3n de la calidad y la reputaci\u00f3n lograda es realmente abrupta y en otros, relativamente plana.<br \/>\nEste libro, basado en m\u00e1s de tres d\u00e9cadas de investigaci\u00f3n de uno de los investigadores europeos m\u00e1s relevantes en el campo, tiene como objetivo mostrar las tendencias actuales en el desarrollo de los sistemas de educaci\u00f3n superior en Europa. En \u00e9l se describen los debates de las pol\u00edticas en una amplia gama de pa\u00edses. Adem\u00e1s, ofrece una visi\u00f3n general de diferentes conceptos que definen el campo y las pol\u00edticas de la ense\u00f1anza superior, de la investigaci\u00f3n y el empleo con el fin de explicar las din\u00e1micas de las evoluciones estructurales. Invita a mirar m\u00e1s all\u00e1 de la idiosincrasia de los debates naciones y m\u00e1s all\u00e1 de la <em>zeitgeist<\/em> de los debates internacionales actualmente de moda (por ejemplo, el proceso de Bolonia, aqu\u00ed abordado, o la clasificaci\u00f3n mundial de las universidades) para considerar las tensiones, los desaf\u00edos y los cambios que hoy definen las condiciones que delimitan la convergencia y la diversidad de los sistemas de ense\u00f1anza superior en Europa.<\/p>\n","protected":false},"featured_media":17182,"comment_status":"open","ping_status":"closed","template":"","meta":{"_et_pb_use_builder":"","_et_pb_old_content":"","_et_gb_content_width":""},"product_cat":[1512,6936,6940,6675],"product_tag":[2602],"edicion":[1083],"editoriales":[1160,8810],"tienda":[],"autor_id":[6476],"universidades_coeditoras":[],"palabras_clave":[],"listado_alfabetico":[],"acf":[],"_links":{"self":[{"href":"https:\/\/wizardly-davinci.82-223-8-23.plesk.page\/en\/wp-json\/wp\/v2\/product\/17181"}],"collection":[{"href":"https:\/\/wizardly-davinci.82-223-8-23.plesk.page\/en\/wp-json\/wp\/v2\/product"}],"about":[{"href":"https:\/\/wizardly-davinci.82-223-8-23.plesk.page\/en\/wp-json\/wp\/v2\/types\/product"}],"replies":[{"embeddable":true,"href":"https:\/\/wizardly-davinci.82-223-8-23.plesk.page\/en\/wp-json\/wp\/v2\/comments?post=17181"}],"wp:featuredmedia":[{"embeddable":true,"href":"https:\/\/wizardly-davinci.82-223-8-23.plesk.page\/en\/wp-json\/wp\/v2\/media\/17182"}],"wp:attachment":[{"href":"https:\/\/wizardly-davinci.82-223-8-23.plesk.page\/en\/wp-json\/wp\/v2\/media?parent=17181"}],"wp:term":[{"taxonomy":"product_cat","embeddable":true,"href":"https:\/\/wizardly-davinci.82-223-8-23.plesk.page\/en\/wp-json\/wp\/v2\/product_cat?post=17181"},{"taxonomy":"product_tag","embeddable":true,"href":"https:\/\/wizardly-davinci.82-223-8-23.plesk.page\/en\/wp-json\/wp\/v2\/product_tag?post=17181"},{"taxonomy":"edicion","embeddable":true,"href":"https:\/\/wizardly-davinci.82-223-8-23.plesk.page\/en\/wp-json\/wp\/v2\/edicion?post=17181"},{"taxonomy":"editoriales","embeddable":true,"href":"https:\/\/wizardly-davinci.82-223-8-23.plesk.page\/en\/wp-json\/wp\/v2\/editoriales?post=17181"},{"taxonomy":"tienda","embeddable":true,"href":"https:\/\/wizardly-davinci.82-223-8-23.plesk.page\/en\/wp-json\/wp\/v2\/tienda?post=17181"},{"taxonomy":"autor_id","embeddable":true,"href":"https:\/\/wizardly-davinci.82-223-8-23.plesk.page\/en\/wp-json\/wp\/v2\/autor_id?post=17181"},{"taxonomy":"universidades_coeditoras","embeddable":true,"href":"https:\/\/wizardly-davinci.82-223-8-23.plesk.page\/en\/wp-json\/wp\/v2\/universidades_coeditoras?post=17181"},{"taxonomy":"palabras_clave","embeddable":true,"href":"https:\/\/wizardly-davinci.82-223-8-23.plesk.page\/en\/wp-json\/wp\/v2\/palabras_clave?post=17181"},{"taxonomy":"listado_alfabetico","embeddable":true,"href":"https:\/\/wizardly-davinci.82-223-8-23.plesk.page\/en\/wp-json\/wp\/v2\/listado_alfabetico?post=17181"}],"curies":[{"name":"wp","href":"https:\/\/api.w.org\/{rel}","templated":true}]}}