{"id":17191,"date":"2019-04-09T22:25:17","date_gmt":"2019-04-09T22:25:17","guid":{"rendered":"https:\/\/octaedro.com\/producto\/la-gobernanza-en-la-ensenanza-superior\/"},"modified":"2023-04-20T11:38:03","modified_gmt":"2023-04-20T09:38:03","slug":"la-gobernanza-en-la-ensenanza-superior","status":"publish","type":"product","link":"https:\/\/wizardly-davinci.82-223-8-23.plesk.page\/en\/producto\/la-gobernanza-en-la-ensenanza-superior\/","title":{"rendered":"La gobernanza en la ense\u00f1anza superior"},"content":{"rendered":"<p>Esta publicaci\u00f3n aborda las siguientes cuestiones: \u00bfqu\u00e9 es la gobernanza?, \u00bfqu\u00e9 pretende?, \u00bfc\u00f3mo cobra importancia en los sistemas?, \u00bfes importante en las instituciones?<\/p>\n<p>Pretendemos, as\u00ed, ayudar a los l\u00edderes universitarios y responsables de pol\u00edticas educativas universitarias a comprender la noci\u00f3n de gobernanza, qu\u00e9 tiene que ver con las reformas de la Nueva Gesti\u00f3n P\u00fablica (NGP), y cu\u00e1les son sus efectos en los sistemas de direcci\u00f3n, la gesti\u00f3n institucional y la labor acad\u00e9mica. Las reformas universitarias inspiradas en la NGP van dirigidas a transformar ciertas instituciones burocr\u00e1ticas en organizaciones corporativas que sean capaces de desempe\u00f1ar la funci\u00f3n de actores en esta competici\u00f3n global por los recursos y los mejores talentos. Las contribuciones de este libro tienen la intenci\u00f3n de mostrar c\u00f3mo se han llevado a cabo estos cambios en \u00e1mbitos supranacionales y nacionales, as\u00ed como en la base de la labor acad\u00e9mica.<\/p>\n","protected":false},"excerpt":{"rendered":"<p>Esta publicaci\u00f3n aborda las siguientes cuestiones: \u00bfqu\u00e9 es la gobernanza?, \u00bfqu\u00e9 pretende?, \u00bfc\u00f3mo cobra importancia en los sistemas?, \u00bfes importante en las instituciones?<\/p>\n<p>Pretendemos, as\u00ed, ayudar a los l\u00edderes universitarios y responsables de pol\u00edticas educativas universitarias a comprender la noci\u00f3n de gobernanza, qu\u00e9 tiene que ver con las reformas de la Nueva Gesti\u00f3n P\u00fablica (NGP), y cu\u00e1les son sus efectos en los sistemas de direcci\u00f3n, la gesti\u00f3n institucional y la labor acad\u00e9mica. Las reformas universitarias inspiradas en la NGP van dirigidas a transformar ciertas instituciones burocr\u00e1ticas en organizaciones corporativas que sean capaces de desempe\u00f1ar la funci\u00f3n de actores en esta competici\u00f3n global por los recursos y los mejores talentos. Las contribuciones de este libro tienen la intenci\u00f3n de mostrar c\u00f3mo se han llevado a cabo estos cambios en \u00e1mbitos supranacionales y nacionales, as\u00ed como en la base de la labor acad\u00e9mica.<\/p>\n","protected":false},"featured_media":17192,"comment_status":"open","ping_status":"closed","template":"","meta":{"_et_pb_use_builder":"","_et_pb_old_content":"","_et_gb_content_width":""},"product_cat":[2606,1512,6936,6940,6675,6673],"product_tag":[2604],"edicion":[1084,1083],"editoriales":[1160,8810],"tienda":[],"autor_id":[5770],"universidades_coeditoras":[],"palabras_clave":[],"listado_alfabetico":[],"acf":[],"_links":{"self":[{"href":"https:\/\/wizardly-davinci.82-223-8-23.plesk.page\/en\/wp-json\/wp\/v2\/product\/17191"}],"collection":[{"href":"https:\/\/wizardly-davinci.82-223-8-23.plesk.page\/en\/wp-json\/wp\/v2\/product"}],"about":[{"href":"https:\/\/wizardly-davinci.82-223-8-23.plesk.page\/en\/wp-json\/wp\/v2\/types\/product"}],"replies":[{"embeddable":true,"href":"https:\/\/wizardly-davinci.82-223-8-23.plesk.page\/en\/wp-json\/wp\/v2\/comments?post=17191"}],"wp:featuredmedia":[{"embeddable":true,"href":"https:\/\/wizardly-davinci.82-223-8-23.plesk.page\/en\/wp-json\/wp\/v2\/media\/17192"}],"wp:attachment":[{"href":"https:\/\/wizardly-davinci.82-223-8-23.plesk.page\/en\/wp-json\/wp\/v2\/media?parent=17191"}],"wp:term":[{"taxonomy":"product_cat","embeddable":true,"href":"https:\/\/wizardly-davinci.82-223-8-23.plesk.page\/en\/wp-json\/wp\/v2\/product_cat?post=17191"},{"taxonomy":"product_tag","embeddable":true,"href":"https:\/\/wizardly-davinci.82-223-8-23.plesk.page\/en\/wp-json\/wp\/v2\/product_tag?post=17191"},{"taxonomy":"edicion","embeddable":true,"href":"https:\/\/wizardly-davinci.82-223-8-23.plesk.page\/en\/wp-json\/wp\/v2\/edicion?post=17191"},{"taxonomy":"editoriales","embeddable":true,"href":"https:\/\/wizardly-davinci.82-223-8-23.plesk.page\/en\/wp-json\/wp\/v2\/editoriales?post=17191"},{"taxonomy":"tienda","embeddable":true,"href":"https:\/\/wizardly-davinci.82-223-8-23.plesk.page\/en\/wp-json\/wp\/v2\/tienda?post=17191"},{"taxonomy":"autor_id","embeddable":true,"href":"https:\/\/wizardly-davinci.82-223-8-23.plesk.page\/en\/wp-json\/wp\/v2\/autor_id?post=17191"},{"taxonomy":"universidades_coeditoras","embeddable":true,"href":"https:\/\/wizardly-davinci.82-223-8-23.plesk.page\/en\/wp-json\/wp\/v2\/universidades_coeditoras?post=17191"},{"taxonomy":"palabras_clave","embeddable":true,"href":"https:\/\/wizardly-davinci.82-223-8-23.plesk.page\/en\/wp-json\/wp\/v2\/palabras_clave?post=17191"},{"taxonomy":"listado_alfabetico","embeddable":true,"href":"https:\/\/wizardly-davinci.82-223-8-23.plesk.page\/en\/wp-json\/wp\/v2\/listado_alfabetico?post=17191"}],"curies":[{"name":"wp","href":"https:\/\/api.w.org\/{rel}","templated":true}]}}