{"id":17193,"date":"2019-04-09T22:25:17","date_gmt":"2019-04-09T22:25:17","guid":{"rendered":"https:\/\/octaedro.com\/producto\/experiencias-de-mejora-e-innovacion-docente-en-el-ambito-del-derecho\/"},"modified":"2023-04-20T11:38:09","modified_gmt":"2023-04-20T09:38:09","slug":"experiencias-de-mejora-e-innovacion-docente-en-el-ambito-del-derecho","status":"publish","type":"product","link":"https:\/\/wizardly-davinci.82-223-8-23.plesk.page\/en\/producto\/experiencias-de-mejora-e-innovacion-docente-en-el-ambito-del-derecho\/","title":{"rendered":"Experiencias de mejora e innovaci\u00f3n docente en el \u00e1mbito del Derecho"},"content":{"rendered":"<p>Se re\u00fanen en este libro las experiencias de innovaci\u00f3n, renovaci\u00f3n y mejora de la docencia del derecho de los 44 autores que firman los 28 art\u00edculos que conforman la obra. Desde casi todas las especialidades del derecho y bajo una \u00f3ptica exclusivamente aplicada, se presentan textos breves y concisos sobre experiencias de innovaci\u00f3n y mejora, metodolog\u00edas docentes, sistemas de evaluaci\u00f3n, innovaci\u00f3n e internacionalizaci\u00f3n, m\u00e9todo del caso, pr\u00e1cticums y actuaciones institucionales en materia de mejora docente.<\/p>\n<p>Completando este elenco experimental, los textos introductorios plantean la necesidad \u2014pero a la vez, los l\u00edmites\u2014 de una renovaci\u00f3n de la docencia del derecho con o sin Bolonia. El planteamiento que subyace en la obra es que la renovaci\u00f3n de la ense\u00f1anza del derecho es necesaria ante el profundo cambio social y cultural producido en nuestras universidades y en la sociedad en general; compatible, naturalmente, con lo mejor de una herencia centenaria en la ense\u00f1anza del derecho. Persigue la mejora del aprendizaje del estudiante \u2014y en consecuencia, de su rendimiento acad\u00e9mico\u2014 simult\u00e1neamente a un crecimiento sustancial de los est\u00e1ndares de calidad, exigencia y rigor. Incrementar el rendimiento acad\u00e9mico a cualquier precio es extremadamente peligroso, pero estimular la calidad y el rigor sin obtener resultados de aprendizaje es est\u00e9ril.<\/p>\n<p>Las experiencias aqu\u00ed expuestas persiguen, en suma, incrementar significativamente el rendimiento acad\u00e9mico de los estudiantes en un marco, indisociable del anterior, de mejora de la calidad docente, y de la exigencia y el rigor docentes.<\/p>\n","protected":false},"excerpt":{"rendered":"<p>Se re\u00fanen en este libro las experiencias de innovaci\u00f3n, renovaci\u00f3n y mejora de la docencia del derecho de los 44 autores que firman los 28 art\u00edculos que conforman la obra. Desde casi todas las especialidades del derecho y bajo una \u00f3ptica exclusivamente aplicada, se presentan textos breves y concisos sobre experiencias de innovaci\u00f3n y mejora, metodolog\u00edas docentes, sistemas de evaluaci\u00f3n, innovaci\u00f3n e internacionalizaci\u00f3n, m\u00e9todo del caso, pr\u00e1cticums y actuaciones institucionales en materia de mejora docente.<\/p>\n<p>Completando este elenco experimental, los textos introductorios plantean la necesidad \u2014pero a la vez, los l\u00edmites\u2014 de una renovaci\u00f3n de la docencia del derecho con o sin Bolonia. El planteamiento que subyace en la obra es que la renovaci\u00f3n de la ense\u00f1anza del derecho es necesaria ante el profundo cambio social y cultural producido en nuestras universidades y en la sociedad en general; compatible, naturalmente, con lo mejor de una herencia centenaria en la ense\u00f1anza del derecho. Persigue la mejora del aprendizaje del estudiante \u2014y en consecuencia, de su rendimiento acad\u00e9mico\u2014 simult\u00e1neamente a un crecimiento sustancial de los est\u00e1ndares de calidad, exigencia y rigor. Incrementar el rendimiento acad\u00e9mico a cualquier precio es extremadamente peligroso, pero estimular la calidad y el rigor sin obtener resultados de aprendizaje es est\u00e9ril.<\/p>\n<p>Las experiencias aqu\u00ed expuestas persiguen, en suma, incrementar significativamente el rendimiento acad\u00e9mico de los estudiantes en un marco, indisociable del anterior, de mejora de la calidad docente, y de la exigencia y el rigor docentes.<\/p>\n","protected":false},"featured_media":17194,"comment_status":"open","ping_status":"closed","template":"","meta":{"_et_pb_use_builder":"","_et_pb_old_content":"","_et_gb_content_width":""},"product_cat":[1512,6944,6936,6940,6675],"product_tag":[2602],"edicion":[1083],"editoriales":[1160,8810],"tienda":[],"autor_id":[6529],"universidades_coeditoras":[],"palabras_clave":[],"listado_alfabetico":[],"acf":[],"_links":{"self":[{"href":"https:\/\/wizardly-davinci.82-223-8-23.plesk.page\/en\/wp-json\/wp\/v2\/product\/17193"}],"collection":[{"href":"https:\/\/wizardly-davinci.82-223-8-23.plesk.page\/en\/wp-json\/wp\/v2\/product"}],"about":[{"href":"https:\/\/wizardly-davinci.82-223-8-23.plesk.page\/en\/wp-json\/wp\/v2\/types\/product"}],"replies":[{"embeddable":true,"href":"https:\/\/wizardly-davinci.82-223-8-23.plesk.page\/en\/wp-json\/wp\/v2\/comments?post=17193"}],"wp:featuredmedia":[{"embeddable":true,"href":"https:\/\/wizardly-davinci.82-223-8-23.plesk.page\/en\/wp-json\/wp\/v2\/media\/17194"}],"wp:attachment":[{"href":"https:\/\/wizardly-davinci.82-223-8-23.plesk.page\/en\/wp-json\/wp\/v2\/media?parent=17193"}],"wp:term":[{"taxonomy":"product_cat","embeddable":true,"href":"https:\/\/wizardly-davinci.82-223-8-23.plesk.page\/en\/wp-json\/wp\/v2\/product_cat?post=17193"},{"taxonomy":"product_tag","embeddable":true,"href":"https:\/\/wizardly-davinci.82-223-8-23.plesk.page\/en\/wp-json\/wp\/v2\/product_tag?post=17193"},{"taxonomy":"edicion","embeddable":true,"href":"https:\/\/wizardly-davinci.82-223-8-23.plesk.page\/en\/wp-json\/wp\/v2\/edicion?post=17193"},{"taxonomy":"editoriales","embeddable":true,"href":"https:\/\/wizardly-davinci.82-223-8-23.plesk.page\/en\/wp-json\/wp\/v2\/editoriales?post=17193"},{"taxonomy":"tienda","embeddable":true,"href":"https:\/\/wizardly-davinci.82-223-8-23.plesk.page\/en\/wp-json\/wp\/v2\/tienda?post=17193"},{"taxonomy":"autor_id","embeddable":true,"href":"https:\/\/wizardly-davinci.82-223-8-23.plesk.page\/en\/wp-json\/wp\/v2\/autor_id?post=17193"},{"taxonomy":"universidades_coeditoras","embeddable":true,"href":"https:\/\/wizardly-davinci.82-223-8-23.plesk.page\/en\/wp-json\/wp\/v2\/universidades_coeditoras?post=17193"},{"taxonomy":"palabras_clave","embeddable":true,"href":"https:\/\/wizardly-davinci.82-223-8-23.plesk.page\/en\/wp-json\/wp\/v2\/palabras_clave?post=17193"},{"taxonomy":"listado_alfabetico","embeddable":true,"href":"https:\/\/wizardly-davinci.82-223-8-23.plesk.page\/en\/wp-json\/wp\/v2\/listado_alfabetico?post=17193"}],"curies":[{"name":"wp","href":"https:\/\/api.w.org\/{rel}","templated":true}]}}