{"id":17195,"date":"2019-04-09T22:25:17","date_gmt":"2019-04-09T22:25:17","guid":{"rendered":"https:\/\/octaedro.com\/producto\/una-mirada-internacional-a-las-competencias-docentes-universitarias\/"},"modified":"2023-04-20T11:38:16","modified_gmt":"2023-04-20T09:38:16","slug":"una-mirada-internacional-a-las-competencias-docentes-universitarias","status":"publish","type":"product","link":"https:\/\/wizardly-davinci.82-223-8-23.plesk.page\/en\/producto\/una-mirada-internacional-a-las-competencias-docentes-universitarias\/","title":{"rendered":"Una mirada internacional a las competencias docentes universitarias"},"content":{"rendered":"<p>Las competencias docentes del profesorado universitario se han convertido en un tema emergente a partir de la reforma de las ense\u00f1anzas universitarias en Europa que activa el plan Bolonia, que quiere dar un protagonismo especial a los estudiantes y exige de los profesores un cambio en el hacer y discurrir de su labor docente.<\/p>\n<p>Este libro, fruto de m\u00e1s de tres a\u00f1os de investigaci\u00f3n, es el resultado de una experiencia de trabajo conjunto internacional entre la Universidad Aut\u00f3noma de Madrid y las universidades de El Salvador, Costa Rica, Panam\u00e1, Nicaragua y Honduras. Contando con el apoyo financiero de la Agencia Espa\u00f1ola de Cooperaci\u00f3n Internacional para el Desarrollo (AECID) y la colaboraci\u00f3n de cada una de las universidades participantes, la investigaci\u00f3n se plante\u00f3 conocer el dominio de las competencias docentes del profesorado universitario en varias universidades p\u00fablicas centroamericanas, dando la voz a los protagonistas de la Educaci\u00f3n Superior: profesores y estudiantes que hablan en primera persona sobre su vivencia personal de las competencias docentes, con sus debilidades y fortalezas. Las distintas experiencias de las universidades centroamericanas han constituido una mirada internacional a las competencias docentes universitarias a trav\u00e9s de una metodolog\u00eda cuantitativa, cualitativa y de triangulaci\u00f3n de resultados.<\/p>\n<p>Los cuestionarios, las entrevistas, los grupos de discusi\u00f3n, las historias de vida, los encuentros en los diferentes pa\u00edses y dem\u00e1s elementos de la investigaci\u00f3n han enriquecido extraordinariamente el estudio y han constituido la base para una propuesta de formaci\u00f3n del profesorado en estos pa\u00edses, que ampl\u00eda el trabajo conjunto y constituye un futuro de colaboraci\u00f3n, formaci\u00f3n e investigaci\u00f3n.<\/p>\n","protected":false},"excerpt":{"rendered":"<p>Las competencias docentes del profesorado universitario se han convertido en un tema emergente a partir de la reforma de las ense\u00f1anzas universitarias en Europa que activa el plan Bolonia, que quiere dar un protagonismo especial a los estudiantes y exige de los profesores un cambio en el hacer y discurrir de su labor docente.<\/p>\n<p>Este libro, fruto de m\u00e1s de tres a\u00f1os de investigaci\u00f3n, es el resultado de una experiencia de trabajo conjunto internacional entre la Universidad Aut\u00f3noma de Madrid y las universidades de El Salvador, Costa Rica, Panam\u00e1, Nicaragua y Honduras. Contando con el apoyo financiero de la Agencia Espa\u00f1ola de Cooperaci\u00f3n Internacional para el Desarrollo (AECID) y la colaboraci\u00f3n de cada una de las universidades participantes, la investigaci\u00f3n se plante\u00f3 conocer el dominio de las competencias docentes del profesorado universitario en varias universidades p\u00fablicas centroamericanas, dando la voz a los protagonistas de la Educaci\u00f3n Superior: profesores y estudiantes que hablan en primera persona sobre su vivencia personal de las competencias docentes, con sus debilidades y fortalezas. Las distintas experiencias de las universidades centroamericanas han constituido una mirada internacional a las competencias docentes universitarias a trav\u00e9s de una metodolog\u00eda cuantitativa, cualitativa y de triangulaci\u00f3n de resultados.<\/p>\n<p>Los cuestionarios, las entrevistas, los grupos de discusi\u00f3n, las historias de vida, los encuentros en los diferentes pa\u00edses y dem\u00e1s elementos de la investigaci\u00f3n han enriquecido extraordinariamente el estudio y han constituido la base para una propuesta de formaci\u00f3n del profesorado en estos pa\u00edses, que ampl\u00eda el trabajo conjunto y constituye un futuro de colaboraci\u00f3n, formaci\u00f3n e investigaci\u00f3n.<\/p>\n","protected":false},"featured_media":17196,"comment_status":"open","ping_status":"closed","template":"","meta":{"_et_pb_use_builder":"","_et_pb_old_content":"","_et_gb_content_width":""},"product_cat":[2606,1512,6936,6940,6675,6673],"product_tag":[2604],"edicion":[1084,1083],"editoriales":[1160,8810],"tienda":[],"autor_id":[5438,5964],"universidades_coeditoras":[7250],"palabras_clave":[],"listado_alfabetico":[],"acf":[],"_links":{"self":[{"href":"https:\/\/wizardly-davinci.82-223-8-23.plesk.page\/en\/wp-json\/wp\/v2\/product\/17195"}],"collection":[{"href":"https:\/\/wizardly-davinci.82-223-8-23.plesk.page\/en\/wp-json\/wp\/v2\/product"}],"about":[{"href":"https:\/\/wizardly-davinci.82-223-8-23.plesk.page\/en\/wp-json\/wp\/v2\/types\/product"}],"replies":[{"embeddable":true,"href":"https:\/\/wizardly-davinci.82-223-8-23.plesk.page\/en\/wp-json\/wp\/v2\/comments?post=17195"}],"wp:featuredmedia":[{"embeddable":true,"href":"https:\/\/wizardly-davinci.82-223-8-23.plesk.page\/en\/wp-json\/wp\/v2\/media\/17196"}],"wp:attachment":[{"href":"https:\/\/wizardly-davinci.82-223-8-23.plesk.page\/en\/wp-json\/wp\/v2\/media?parent=17195"}],"wp:term":[{"taxonomy":"product_cat","embeddable":true,"href":"https:\/\/wizardly-davinci.82-223-8-23.plesk.page\/en\/wp-json\/wp\/v2\/product_cat?post=17195"},{"taxonomy":"product_tag","embeddable":true,"href":"https:\/\/wizardly-davinci.82-223-8-23.plesk.page\/en\/wp-json\/wp\/v2\/product_tag?post=17195"},{"taxonomy":"edicion","embeddable":true,"href":"https:\/\/wizardly-davinci.82-223-8-23.plesk.page\/en\/wp-json\/wp\/v2\/edicion?post=17195"},{"taxonomy":"editoriales","embeddable":true,"href":"https:\/\/wizardly-davinci.82-223-8-23.plesk.page\/en\/wp-json\/wp\/v2\/editoriales?post=17195"},{"taxonomy":"tienda","embeddable":true,"href":"https:\/\/wizardly-davinci.82-223-8-23.plesk.page\/en\/wp-json\/wp\/v2\/tienda?post=17195"},{"taxonomy":"autor_id","embeddable":true,"href":"https:\/\/wizardly-davinci.82-223-8-23.plesk.page\/en\/wp-json\/wp\/v2\/autor_id?post=17195"},{"taxonomy":"universidades_coeditoras","embeddable":true,"href":"https:\/\/wizardly-davinci.82-223-8-23.plesk.page\/en\/wp-json\/wp\/v2\/universidades_coeditoras?post=17195"},{"taxonomy":"palabras_clave","embeddable":true,"href":"https:\/\/wizardly-davinci.82-223-8-23.plesk.page\/en\/wp-json\/wp\/v2\/palabras_clave?post=17195"},{"taxonomy":"listado_alfabetico","embeddable":true,"href":"https:\/\/wizardly-davinci.82-223-8-23.plesk.page\/en\/wp-json\/wp\/v2\/listado_alfabetico?post=17195"}],"curies":[{"name":"wp","href":"https:\/\/api.w.org\/{rel}","templated":true}]}}