{"id":17199,"date":"2019-04-09T22:25:17","date_gmt":"2019-04-09T22:25:17","guid":{"rendered":"https:\/\/octaedro.com\/producto\/la-gestion-de-la-tecnologia-en-la-educacion-superior\/"},"modified":"2023-04-20T11:38:29","modified_gmt":"2023-04-20T09:38:29","slug":"la-gestion-de-la-tecnologia-en-la-educacion-superior","status":"publish","type":"product","link":"https:\/\/wizardly-davinci.82-223-8-23.plesk.page\/en\/producto\/la-gestion-de-la-tecnologia-en-la-educacion-superior\/","title":{"rendered":"La gesti\u00f3n de la tecnolog\u00eda en la educaci\u00f3n superior"},"content":{"rendered":"<p>El uso de la tecnolog\u00eda en la ense\u00f1anza no deja de aumentar en los centros de estudios superiores. Sin embargo, el mundo acad\u00e9mico sigue teniendo dificultades para determinar la mejor forma de planificar y gestionar esta actividad.<\/p>\n<p>La gesti\u00f3n de las nuevas tecnolog\u00edas en la educaci\u00f3n superior ofrece a profesores y administradores una cantidad ingente de recomendaciones pr\u00e1cticas para integrar las tecnolog\u00edas de la comunicaci\u00f3n y la informaci\u00f3n en la universidad. Los autores exponen propuestas para el liderazgo, la planificaci\u00f3n estrat\u00e9gica de las estructuras organizativas, los sistemas de garant\u00eda de calidad, la formaci\u00f3n de profesores, docentees y administradores, y la gesti\u00f3n de recursos, teniendo en cuenta la cultura organizativa, los obst\u00e1culos para el cambio y el papel de los gobiernos. En particular, se centran en c\u00f3mo la tecnolog\u00eda puede transformar la ense\u00f1anza y el aprendizaje dentro de una instituci\u00f3n.<\/p>\n<p>A partir del an\u00e1lisis de las pr\u00e1cticas actuales sobre la incorporaci\u00f3n de la tecnolog\u00eda en m\u00e1s de 30 universidades y centros de postsecundaria, La gesti\u00f3n de las nuevas tecnolog\u00edas en la educaci\u00f3n superior propone un sistema radicalmente nuevo de administrar la tecnolog\u00eda en las instituciones de educaci\u00f3n superior, un sistema basado en la innovaci\u00f3n en el dise\u00f1o y la impartici\u00f3n de la ense\u00f1anza, y que propicie un acceso mayor y m\u00e1s flexible para los estudiantes y mejore la relaci\u00f3n entre costes y efectividad.<\/p>\n<p>El libro es de gran valor para quien desee asegurar que las grandes inversiones que se hacen en tecnolog\u00eda se integren de la forma m\u00e1s eficaz posible.<\/p>\n","protected":false},"excerpt":{"rendered":"<p>El uso de la tecnolog\u00eda en la ense\u00f1anza no deja de aumentar en los centros de estudios superiores. Sin embargo, el mundo acad\u00e9mico sigue teniendo dificultades para determinar la mejor forma de planificar y gestionar esta actividad.<\/p>\n<p>La gesti\u00f3n de las nuevas tecnolog\u00edas en la educaci\u00f3n superior ofrece a profesores y administradores una cantidad ingente de recomendaciones pr\u00e1cticas para integrar las tecnolog\u00edas de la comunicaci\u00f3n y la informaci\u00f3n en la universidad. Los autores exponen propuestas para el liderazgo, la planificaci\u00f3n estrat\u00e9gica de las estructuras organizativas, los sistemas de garant\u00eda de calidad, la formaci\u00f3n de profesores, docentees y administradores, y la gesti\u00f3n de recursos, teniendo en cuenta la cultura organizativa, los obst\u00e1culos para el cambio y el papel de los gobiernos. En particular, se centran en c\u00f3mo la tecnolog\u00eda puede transformar la ense\u00f1anza y el aprendizaje dentro de una instituci\u00f3n.<\/p>\n<p>A partir del an\u00e1lisis de las pr\u00e1cticas actuales sobre la incorporaci\u00f3n de la tecnolog\u00eda en m\u00e1s de 30 universidades y centros de postsecundaria, La gesti\u00f3n de las nuevas tecnolog\u00edas en la educaci\u00f3n superior propone un sistema radicalmente nuevo de administrar la tecnolog\u00eda en las instituciones de educaci\u00f3n superior, un sistema basado en la innovaci\u00f3n en el dise\u00f1o y la impartici\u00f3n de la ense\u00f1anza, y que propicie un acceso mayor y m\u00e1s flexible para los estudiantes y mejore la relaci\u00f3n entre costes y efectividad.<\/p>\n<p>El libro es de gran valor para quien desee asegurar que las grandes inversiones que se hacen en tecnolog\u00eda se integren de la forma m\u00e1s eficaz posible.<\/p>\n","protected":false},"featured_media":17200,"comment_status":"open","ping_status":"closed","template":"","meta":{"_et_pb_use_builder":"","_et_pb_old_content":"","_et_gb_content_width":""},"product_cat":[2606,1512,6936,6940,6675,6673],"product_tag":[2604],"edicion":[1084,1083],"editoriales":[1160,8810],"tienda":[],"autor_id":[4970,6350],"universidades_coeditoras":[],"palabras_clave":[],"listado_alfabetico":[],"acf":[],"_links":{"self":[{"href":"https:\/\/wizardly-davinci.82-223-8-23.plesk.page\/en\/wp-json\/wp\/v2\/product\/17199"}],"collection":[{"href":"https:\/\/wizardly-davinci.82-223-8-23.plesk.page\/en\/wp-json\/wp\/v2\/product"}],"about":[{"href":"https:\/\/wizardly-davinci.82-223-8-23.plesk.page\/en\/wp-json\/wp\/v2\/types\/product"}],"replies":[{"embeddable":true,"href":"https:\/\/wizardly-davinci.82-223-8-23.plesk.page\/en\/wp-json\/wp\/v2\/comments?post=17199"}],"wp:featuredmedia":[{"embeddable":true,"href":"https:\/\/wizardly-davinci.82-223-8-23.plesk.page\/en\/wp-json\/wp\/v2\/media\/17200"}],"wp:attachment":[{"href":"https:\/\/wizardly-davinci.82-223-8-23.plesk.page\/en\/wp-json\/wp\/v2\/media?parent=17199"}],"wp:term":[{"taxonomy":"product_cat","embeddable":true,"href":"https:\/\/wizardly-davinci.82-223-8-23.plesk.page\/en\/wp-json\/wp\/v2\/product_cat?post=17199"},{"taxonomy":"product_tag","embeddable":true,"href":"https:\/\/wizardly-davinci.82-223-8-23.plesk.page\/en\/wp-json\/wp\/v2\/product_tag?post=17199"},{"taxonomy":"edicion","embeddable":true,"href":"https:\/\/wizardly-davinci.82-223-8-23.plesk.page\/en\/wp-json\/wp\/v2\/edicion?post=17199"},{"taxonomy":"editoriales","embeddable":true,"href":"https:\/\/wizardly-davinci.82-223-8-23.plesk.page\/en\/wp-json\/wp\/v2\/editoriales?post=17199"},{"taxonomy":"tienda","embeddable":true,"href":"https:\/\/wizardly-davinci.82-223-8-23.plesk.page\/en\/wp-json\/wp\/v2\/tienda?post=17199"},{"taxonomy":"autor_id","embeddable":true,"href":"https:\/\/wizardly-davinci.82-223-8-23.plesk.page\/en\/wp-json\/wp\/v2\/autor_id?post=17199"},{"taxonomy":"universidades_coeditoras","embeddable":true,"href":"https:\/\/wizardly-davinci.82-223-8-23.plesk.page\/en\/wp-json\/wp\/v2\/universidades_coeditoras?post=17199"},{"taxonomy":"palabras_clave","embeddable":true,"href":"https:\/\/wizardly-davinci.82-223-8-23.plesk.page\/en\/wp-json\/wp\/v2\/palabras_clave?post=17199"},{"taxonomy":"listado_alfabetico","embeddable":true,"href":"https:\/\/wizardly-davinci.82-223-8-23.plesk.page\/en\/wp-json\/wp\/v2\/listado_alfabetico?post=17199"}],"curies":[{"name":"wp","href":"https:\/\/api.w.org\/{rel}","templated":true}]}}