{"id":17201,"date":"2019-04-09T22:25:18","date_gmt":"2019-04-09T22:25:18","guid":{"rendered":"https:\/\/octaedro.com\/producto\/la-nueva-gobernanza-de-los-sistemas-universitarios\/"},"modified":"2023-04-20T11:38:36","modified_gmt":"2023-04-20T09:38:36","slug":"la-nueva-gobernanza-de-los-sistemas-universitarios","status":"publish","type":"product","link":"https:\/\/wizardly-davinci.82-223-8-23.plesk.page\/en\/producto\/la-nueva-gobernanza-de-los-sistemas-universitarios\/","title":{"rendered":"La nueva gobernanza de los sistemas universitarios"},"content":{"rendered":"<p>Esta obra presenta los resultados de los recientes estudios de investigaci\u00f3n de quince reputados especialistas. La mayor parte se han realizado desde una perspectiva europea, aunque tambi\u00e9n desde una perspectiva comparativa, y ofrecen varios an\u00e1lisis avanzados sobre las ideolog\u00edas subyacentes y los objetivos de las reformas actuales en la gobernanza universitaria. Se estudia con atenci\u00f3n las reformas universitarias inspiradas en la nueva gesti\u00f3n p\u00fablica (NGP) y otros enfoques que aplican teor\u00edas y conceptos de las ciencias pol\u00edticas, la teor\u00eda de las organizaciones y la gesti\u00f3n p\u00fablica; todo ello dirigido a transformar ciertas instituciones burocr\u00e1ticas en organizaciones corporativas capaces de definir nuevas relaciones e interacciones entre universidad, Estado y mercado para modernizar el liderazgo y la gesti\u00f3n institucional, de acuerdo con los nuevos retos y demandas.<br \/>\nExplorando el cambio de la gobernanza (un t\u00e9rmino mucho m\u00e1s amplio que el antiguo concepto de gobierno), la aplicaci\u00f3n en las universidades de la NGP en los \u00faltimos a\u00f1os tiene numerosos y distintos significados; no es solamente un tipo de innovaci\u00f3n para aplicar herramientas de gesti\u00f3n espec\u00edficas del sector privado en el sector p\u00fablico. En este contexto, y analizando la realidad de los sistemas educativos de ense\u00f1anza superior de varios pa\u00edses europeos, este libro da respuesta a cuestiones como: \u00bfCu\u00e1l es la naturaleza de la \u00abrevoluci\u00f3n de la gesti\u00f3n\u00bb en la ense\u00f1anza superior? \u00bfCu\u00e1les son las caracter\u00edsticas b\u00e1sicas de las nuevas estructuras y pr\u00e1cticas de gesti\u00f3n introducidas en la ense\u00f1anza superior? \u00bfLas nuevas estructuras de gesti\u00f3n benefician a las instituciones de educaci\u00f3n superior y al p\u00fablico general m\u00e1s que las estructuras que se est\u00e1n eliminando?<\/p>\n","protected":false},"excerpt":{"rendered":"<p>Esta obra presenta los resultados de los recientes estudios de investigaci\u00f3n de quince reputados especialistas. La mayor parte se han realizado desde una perspectiva europea, aunque tambi\u00e9n desde una perspectiva comparativa, y ofrecen varios an\u00e1lisis avanzados sobre las ideolog\u00edas subyacentes y los objetivos de las reformas actuales en la gobernanza universitaria. Se estudia con atenci\u00f3n las reformas universitarias inspiradas en la nueva gesti\u00f3n p\u00fablica (NGP) y otros enfoques que aplican teor\u00edas y conceptos de las ciencias pol\u00edticas, la teor\u00eda de las organizaciones y la gesti\u00f3n p\u00fablica; todo ello dirigido a transformar ciertas instituciones burocr\u00e1ticas en organizaciones corporativas capaces de definir nuevas relaciones e interacciones entre universidad, Estado y mercado para modernizar el liderazgo y la gesti\u00f3n institucional, de acuerdo con los nuevos retos y demandas.<br \/>\nExplorando el cambio de la gobernanza (un t\u00e9rmino mucho m\u00e1s amplio que el antiguo concepto de gobierno), la aplicaci\u00f3n en las universidades de la NGP en los \u00faltimos a\u00f1os tiene numerosos y distintos significados; no es solamente un tipo de innovaci\u00f3n para aplicar herramientas de gesti\u00f3n espec\u00edficas del sector privado en el sector p\u00fablico. En este contexto, y analizando la realidad de los sistemas educativos de ense\u00f1anza superior de varios pa\u00edses europeos, este libro da respuesta a cuestiones como: \u00bfCu\u00e1l es la naturaleza de la \u00abrevoluci\u00f3n de la gesti\u00f3n\u00bb en la ense\u00f1anza superior? \u00bfCu\u00e1les son las caracter\u00edsticas b\u00e1sicas de las nuevas estructuras y pr\u00e1cticas de gesti\u00f3n introducidas en la ense\u00f1anza superior? \u00bfLas nuevas estructuras de gesti\u00f3n benefician a las instituciones de educaci\u00f3n superior y al p\u00fablico general m\u00e1s que las estructuras que se est\u00e1n eliminando?<\/p>\n","protected":false},"featured_media":17202,"comment_status":"open","ping_status":"closed","template":"","meta":{"_et_pb_use_builder":"","_et_pb_old_content":"","_et_gb_content_width":""},"product_cat":[2606,1512,6936,6940,6675,6673],"product_tag":[2604],"edicion":[1084,1083],"editoriales":[1160,8810],"tienda":[],"autor_id":[5770],"universidades_coeditoras":[],"palabras_clave":[],"listado_alfabetico":[],"acf":[],"_links":{"self":[{"href":"https:\/\/wizardly-davinci.82-223-8-23.plesk.page\/en\/wp-json\/wp\/v2\/product\/17201"}],"collection":[{"href":"https:\/\/wizardly-davinci.82-223-8-23.plesk.page\/en\/wp-json\/wp\/v2\/product"}],"about":[{"href":"https:\/\/wizardly-davinci.82-223-8-23.plesk.page\/en\/wp-json\/wp\/v2\/types\/product"}],"replies":[{"embeddable":true,"href":"https:\/\/wizardly-davinci.82-223-8-23.plesk.page\/en\/wp-json\/wp\/v2\/comments?post=17201"}],"wp:featuredmedia":[{"embeddable":true,"href":"https:\/\/wizardly-davinci.82-223-8-23.plesk.page\/en\/wp-json\/wp\/v2\/media\/17202"}],"wp:attachment":[{"href":"https:\/\/wizardly-davinci.82-223-8-23.plesk.page\/en\/wp-json\/wp\/v2\/media?parent=17201"}],"wp:term":[{"taxonomy":"product_cat","embeddable":true,"href":"https:\/\/wizardly-davinci.82-223-8-23.plesk.page\/en\/wp-json\/wp\/v2\/product_cat?post=17201"},{"taxonomy":"product_tag","embeddable":true,"href":"https:\/\/wizardly-davinci.82-223-8-23.plesk.page\/en\/wp-json\/wp\/v2\/product_tag?post=17201"},{"taxonomy":"edicion","embeddable":true,"href":"https:\/\/wizardly-davinci.82-223-8-23.plesk.page\/en\/wp-json\/wp\/v2\/edicion?post=17201"},{"taxonomy":"editoriales","embeddable":true,"href":"https:\/\/wizardly-davinci.82-223-8-23.plesk.page\/en\/wp-json\/wp\/v2\/editoriales?post=17201"},{"taxonomy":"tienda","embeddable":true,"href":"https:\/\/wizardly-davinci.82-223-8-23.plesk.page\/en\/wp-json\/wp\/v2\/tienda?post=17201"},{"taxonomy":"autor_id","embeddable":true,"href":"https:\/\/wizardly-davinci.82-223-8-23.plesk.page\/en\/wp-json\/wp\/v2\/autor_id?post=17201"},{"taxonomy":"universidades_coeditoras","embeddable":true,"href":"https:\/\/wizardly-davinci.82-223-8-23.plesk.page\/en\/wp-json\/wp\/v2\/universidades_coeditoras?post=17201"},{"taxonomy":"palabras_clave","embeddable":true,"href":"https:\/\/wizardly-davinci.82-223-8-23.plesk.page\/en\/wp-json\/wp\/v2\/palabras_clave?post=17201"},{"taxonomy":"listado_alfabetico","embeddable":true,"href":"https:\/\/wizardly-davinci.82-223-8-23.plesk.page\/en\/wp-json\/wp\/v2\/listado_alfabetico?post=17201"}],"curies":[{"name":"wp","href":"https:\/\/api.w.org\/{rel}","templated":true}]}}