{"id":17205,"date":"2019-04-09T22:25:18","date_gmt":"2019-04-09T22:25:18","guid":{"rendered":"https:\/\/octaedro.com\/producto\/las-politicas-de-formacion-profesional-en-espana-y-en-europa-perspectivas-comparadas\/"},"modified":"2023-04-20T11:38:49","modified_gmt":"2023-04-20T09:38:49","slug":"las-politicas-de-formacion-profesional-en-espana-y-en-europa-perspectivas-comparadas","status":"publish","type":"product","link":"https:\/\/wizardly-davinci.82-223-8-23.plesk.page\/en\/producto\/las-politicas-de-formacion-profesional-en-espana-y-en-europa-perspectivas-comparadas\/","title":{"rendered":"Las pol\u00edticas de formaci\u00f3n profesional en Espa\u00f1a y en Europa: perspectivas comparadas"},"content":{"rendered":"<p>Los sistemas de educaci\u00f3n y formaci\u00f3n profesional est\u00e1n sometidos a procesos de reformas tanto a nivel nacional como a nivel europeo para hacer frente a los nuevos retos que plantea la econom\u00eda mundial y que implican una nueva forma de entender y concebir la educaci\u00f3n y la formaci\u00f3n profesional, as\u00ed como el dise\u00f1o de novedosas pol\u00edticas educativas.<br \/>\nEste libro pretende ofrecer una perspectiva te\u00f3rica de gran utilidad para reflexionar en torno a las relaciones entre trabajo y educaci\u00f3n, al mismo tiempo que enriquece el debate de la educaci\u00f3n y formaci\u00f3n profesional. Est\u00e1 estructurado en tres secciones. La primera de ellas engloba contribuciones que abordan la transformaci\u00f3n de los conceptos de econom\u00eda y educaci\u00f3n y su relaci\u00f3n con la formaci\u00f3n profesional. Conceptos tales como la empleabilidad y las competencias, con sus diferentes tradiciones intelectuales, se han convertido en un nuevo imperativo a nivel individual y pol\u00edtico. La segunda parte analiza la educaci\u00f3n y la formaci\u00f3n profesional desde una perspectiva europea, con contribuciones cr\u00edticas con el discurso educativo generado en las \u00faltimas d\u00e9cadas. Y, finalmente, la tercera est\u00e1 dedicada al estudio de la formaci\u00f3n profesional en Espa\u00f1a desde una perspectiva interdisciplinar.<br \/>\nEn definitiva, he aqu\u00ed una obra que aborda problem\u00e1ticas y cuestiones relativas a las competencias, la gobernanza, la econom\u00eda y la producci\u00f3n de conocimiento, la educaci\u00f3n y la formaci\u00f3n continua, as\u00ed como la empleabilidad en el marco fijado por unas fronteras cada vez m\u00e1s difusas y cambiantes.<\/p>\n","protected":false},"excerpt":{"rendered":"<p>Los sistemas de educaci\u00f3n y formaci\u00f3n profesional est\u00e1n sometidos a procesos de reformas tanto a nivel nacional como a nivel europeo para hacer frente a los nuevos retos que plantea la econom\u00eda mundial y que implican una nueva forma de entender y concebir la educaci\u00f3n y la formaci\u00f3n profesional, as\u00ed como el dise\u00f1o de novedosas pol\u00edticas educativas.<br \/>\nEste libro pretende ofrecer una perspectiva te\u00f3rica de gran utilidad para reflexionar en torno a las relaciones entre trabajo y educaci\u00f3n, al mismo tiempo que enriquece el debate de la educaci\u00f3n y formaci\u00f3n profesional. Est\u00e1 estructurado en tres secciones. La primera de ellas engloba contribuciones que abordan la transformaci\u00f3n de los conceptos de econom\u00eda y educaci\u00f3n y su relaci\u00f3n con la formaci\u00f3n profesional. Conceptos tales como la empleabilidad y las competencias, con sus diferentes tradiciones intelectuales, se han convertido en un nuevo imperativo a nivel individual y pol\u00edtico. La segunda parte analiza la educaci\u00f3n y la formaci\u00f3n profesional desde una perspectiva europea, con contribuciones cr\u00edticas con el discurso educativo generado en las \u00faltimas d\u00e9cadas. Y, finalmente, la tercera est\u00e1 dedicada al estudio de la formaci\u00f3n profesional en Espa\u00f1a desde una perspectiva interdisciplinar.<br \/>\nEn definitiva, he aqu\u00ed una obra que aborda problem\u00e1ticas y cuestiones relativas a las competencias, la gobernanza, la econom\u00eda y la producci\u00f3n de conocimiento, la educaci\u00f3n y la formaci\u00f3n continua, as\u00ed como la empleabilidad en el marco fijado por unas fronteras cada vez m\u00e1s difusas y cambiantes.<\/p>\n","protected":false},"featured_media":17206,"comment_status":"open","ping_status":"closed","template":"","meta":{"_et_pb_use_builder":"","_et_pb_old_content":"","_et_gb_content_width":""},"product_cat":[2606,1512,6936,6940,6675,6673],"product_tag":[2604],"edicion":[1084,1083],"editoriales":[1160,8810],"tienda":[],"autor_id":[5847,6508],"universidades_coeditoras":[],"palabras_clave":[],"listado_alfabetico":[],"acf":[],"_links":{"self":[{"href":"https:\/\/wizardly-davinci.82-223-8-23.plesk.page\/en\/wp-json\/wp\/v2\/product\/17205"}],"collection":[{"href":"https:\/\/wizardly-davinci.82-223-8-23.plesk.page\/en\/wp-json\/wp\/v2\/product"}],"about":[{"href":"https:\/\/wizardly-davinci.82-223-8-23.plesk.page\/en\/wp-json\/wp\/v2\/types\/product"}],"replies":[{"embeddable":true,"href":"https:\/\/wizardly-davinci.82-223-8-23.plesk.page\/en\/wp-json\/wp\/v2\/comments?post=17205"}],"wp:featuredmedia":[{"embeddable":true,"href":"https:\/\/wizardly-davinci.82-223-8-23.plesk.page\/en\/wp-json\/wp\/v2\/media\/17206"}],"wp:attachment":[{"href":"https:\/\/wizardly-davinci.82-223-8-23.plesk.page\/en\/wp-json\/wp\/v2\/media?parent=17205"}],"wp:term":[{"taxonomy":"product_cat","embeddable":true,"href":"https:\/\/wizardly-davinci.82-223-8-23.plesk.page\/en\/wp-json\/wp\/v2\/product_cat?post=17205"},{"taxonomy":"product_tag","embeddable":true,"href":"https:\/\/wizardly-davinci.82-223-8-23.plesk.page\/en\/wp-json\/wp\/v2\/product_tag?post=17205"},{"taxonomy":"edicion","embeddable":true,"href":"https:\/\/wizardly-davinci.82-223-8-23.plesk.page\/en\/wp-json\/wp\/v2\/edicion?post=17205"},{"taxonomy":"editoriales","embeddable":true,"href":"https:\/\/wizardly-davinci.82-223-8-23.plesk.page\/en\/wp-json\/wp\/v2\/editoriales?post=17205"},{"taxonomy":"tienda","embeddable":true,"href":"https:\/\/wizardly-davinci.82-223-8-23.plesk.page\/en\/wp-json\/wp\/v2\/tienda?post=17205"},{"taxonomy":"autor_id","embeddable":true,"href":"https:\/\/wizardly-davinci.82-223-8-23.plesk.page\/en\/wp-json\/wp\/v2\/autor_id?post=17205"},{"taxonomy":"universidades_coeditoras","embeddable":true,"href":"https:\/\/wizardly-davinci.82-223-8-23.plesk.page\/en\/wp-json\/wp\/v2\/universidades_coeditoras?post=17205"},{"taxonomy":"palabras_clave","embeddable":true,"href":"https:\/\/wizardly-davinci.82-223-8-23.plesk.page\/en\/wp-json\/wp\/v2\/palabras_clave?post=17205"},{"taxonomy":"listado_alfabetico","embeddable":true,"href":"https:\/\/wizardly-davinci.82-223-8-23.plesk.page\/en\/wp-json\/wp\/v2\/listado_alfabetico?post=17205"}],"curies":[{"name":"wp","href":"https:\/\/api.w.org\/{rel}","templated":true}]}}