{"id":17207,"date":"2019-04-09T22:25:19","date_gmt":"2019-04-09T22:25:19","guid":{"rendered":"https:\/\/octaedro.com\/producto\/la-expansion-del-conocimiento-en-abierto-los-mooc\/"},"modified":"2023-04-20T11:38:57","modified_gmt":"2023-04-20T09:38:57","slug":"la-expansion-del-conocimiento-en-abierto-los-mooc","status":"publish","type":"product","link":"https:\/\/wizardly-davinci.82-223-8-23.plesk.page\/en\/producto\/la-expansion-del-conocimiento-en-abierto-los-mooc\/","title":{"rendered":"La expansi\u00f3n del conocimiento en abierto: los MOOC"},"content":{"rendered":"<p>Desde los inicios de los cursos masivos en abierto (MOOC) en 2008, han pasado cinco excitantes a\u00f1os en el mundo de la formaci\u00f3n. El panorama parece iniciado y relativamente consolidado, por lo que parece pertinente abordar las caracter\u00edsticas definitorias m\u00e1s relevantes hasta el momento.<\/p>\n<p>Presentamos en este libro unas claves sencillas para el entendimiento del movimiento MOOC y pretendemos proporcionar un marco contextual claro y preciso donde ubicar la formaci\u00f3n y difusi\u00f3n del conocimiento en abierto. No hemos querido presentar un panorama idealizado y adjetivado de bonismo con respecto al movimiento MOOC; como cualquier innovaci\u00f3n que ha requerido la atenci\u00f3n del mundo formativo y universitario mundial, y pasado ya el sarampi\u00f3n inicial, han surgido controversias que no hemos querido obviar. Por lo tanto, el lector encontrar\u00e1 los pros y contras del movimiento de forma que se pueda generar una opini\u00f3n propia y fundamentada sobre los principios de masividad y gratuidad aplicados a la formaci\u00f3n general y universitaria.<\/p>\n","protected":false},"excerpt":{"rendered":"<p>Desde los inicios de los cursos masivos en abierto (MOOC) en 2008, han pasado cinco excitantes a\u00f1os en el mundo de la formaci\u00f3n. El panorama parece iniciado y relativamente consolidado, por lo que parece pertinente abordar las caracter\u00edsticas definitorias m\u00e1s relevantes hasta el momento.<\/p>\n<p>Presentamos en este libro unas claves sencillas para el entendimiento del movimiento MOOC y pretendemos proporcionar un marco contextual claro y preciso donde ubicar la formaci\u00f3n y difusi\u00f3n del conocimiento en abierto. No hemos querido presentar un panorama idealizado y adjetivado de bonismo con respecto al movimiento MOOC; como cualquier innovaci\u00f3n que ha requerido la atenci\u00f3n del mundo formativo y universitario mundial, y pasado ya el sarampi\u00f3n inicial, han surgido controversias que no hemos querido obviar. Por lo tanto, el lector encontrar\u00e1 los pros y contras del movimiento de forma que se pueda generar una opini\u00f3n propia y fundamentada sobre los principios de masividad y gratuidad aplicados a la formaci\u00f3n general y universitaria.<\/p>\n","protected":false},"featured_media":17208,"comment_status":"open","ping_status":"closed","template":"","meta":{"_et_pb_use_builder":"","_et_pb_old_content":"","_et_gb_content_width":""},"product_cat":[2606,1512,6936,6940,6674,6675,6673],"product_tag":[2609],"edicion":[1085,1084,1083],"editoriales":[1160],"tienda":[],"autor_id":[5853,6372,6593],"universidades_coeditoras":[],"palabras_clave":[],"listado_alfabetico":[],"acf":[],"_links":{"self":[{"href":"https:\/\/wizardly-davinci.82-223-8-23.plesk.page\/en\/wp-json\/wp\/v2\/product\/17207"}],"collection":[{"href":"https:\/\/wizardly-davinci.82-223-8-23.plesk.page\/en\/wp-json\/wp\/v2\/product"}],"about":[{"href":"https:\/\/wizardly-davinci.82-223-8-23.plesk.page\/en\/wp-json\/wp\/v2\/types\/product"}],"replies":[{"embeddable":true,"href":"https:\/\/wizardly-davinci.82-223-8-23.plesk.page\/en\/wp-json\/wp\/v2\/comments?post=17207"}],"wp:featuredmedia":[{"embeddable":true,"href":"https:\/\/wizardly-davinci.82-223-8-23.plesk.page\/en\/wp-json\/wp\/v2\/media\/17208"}],"wp:attachment":[{"href":"https:\/\/wizardly-davinci.82-223-8-23.plesk.page\/en\/wp-json\/wp\/v2\/media?parent=17207"}],"wp:term":[{"taxonomy":"product_cat","embeddable":true,"href":"https:\/\/wizardly-davinci.82-223-8-23.plesk.page\/en\/wp-json\/wp\/v2\/product_cat?post=17207"},{"taxonomy":"product_tag","embeddable":true,"href":"https:\/\/wizardly-davinci.82-223-8-23.plesk.page\/en\/wp-json\/wp\/v2\/product_tag?post=17207"},{"taxonomy":"edicion","embeddable":true,"href":"https:\/\/wizardly-davinci.82-223-8-23.plesk.page\/en\/wp-json\/wp\/v2\/edicion?post=17207"},{"taxonomy":"editoriales","embeddable":true,"href":"https:\/\/wizardly-davinci.82-223-8-23.plesk.page\/en\/wp-json\/wp\/v2\/editoriales?post=17207"},{"taxonomy":"tienda","embeddable":true,"href":"https:\/\/wizardly-davinci.82-223-8-23.plesk.page\/en\/wp-json\/wp\/v2\/tienda?post=17207"},{"taxonomy":"autor_id","embeddable":true,"href":"https:\/\/wizardly-davinci.82-223-8-23.plesk.page\/en\/wp-json\/wp\/v2\/autor_id?post=17207"},{"taxonomy":"universidades_coeditoras","embeddable":true,"href":"https:\/\/wizardly-davinci.82-223-8-23.plesk.page\/en\/wp-json\/wp\/v2\/universidades_coeditoras?post=17207"},{"taxonomy":"palabras_clave","embeddable":true,"href":"https:\/\/wizardly-davinci.82-223-8-23.plesk.page\/en\/wp-json\/wp\/v2\/palabras_clave?post=17207"},{"taxonomy":"listado_alfabetico","embeddable":true,"href":"https:\/\/wizardly-davinci.82-223-8-23.plesk.page\/en\/wp-json\/wp\/v2\/listado_alfabetico?post=17207"}],"curies":[{"name":"wp","href":"https:\/\/api.w.org\/{rel}","templated":true}]}}