{"id":17209,"date":"2019-04-09T22:25:20","date_gmt":"2019-04-09T22:25:20","guid":{"rendered":"https:\/\/octaedro.com\/producto\/empleo-y-trabajo-en-los-graduados-universitarios\/"},"modified":"2023-04-20T11:39:04","modified_gmt":"2023-04-20T09:39:04","slug":"empleo-y-trabajo-en-los-graduados-universitarios","status":"publish","type":"product","link":"https:\/\/wizardly-davinci.82-223-8-23.plesk.page\/en\/producto\/empleo-y-trabajo-en-los-graduados-universitarios\/","title":{"rendered":"Empleo y trabajo de los graduados universitarios"},"content":{"rendered":"<p>Se recogen aqu\u00ed una serie de art\u00edculos sobre las relaciones entre educaci\u00f3n superior y empleo escritos por especialistas en este tema. La mayor\u00eda de estos art\u00edculos est\u00e1n basados en estudios de seguimiento de graduados que permiten comprender el papel de la educaci\u00f3n superior en el empleo y el trabajo de los mismos en unos tiempos en que el sistema universitario ya no prepara para un reducido n\u00famero de puestos de \u00ab\u00e9lite\u00bb, sino para una \u00absociedad altamente formada\u00bb, como la define U. Teichler, uno de los autores de este libro.<br \/>\nLos estudios complejos sobre el empleo y el trabajo de las personas con titulaci\u00f3n universitaria son la fuente de informaci\u00f3n m\u00e1s valiosa para entender las relaciones entre la ense\u00f1anza superior y el mundo laboral. Sin embargo, es obvio que en este campo dominan la recopilaci\u00f3n insuficiente de datos y las interpretaciones tendenciosas, circunstancia que favorece que prevalezcan ideas como la sobreeducaci\u00f3n o los desajustes, y que se ignoren fen\u00f3menos que indican la relevancia de la educaci\u00f3n superior para aquellas esferas del sistema de empleo que hasta hoy apenas han absorbido graduados en educaci\u00f3n superior.<br \/>\nEste libro es una lectura imprescindible para quienes est\u00e9n interesados en profundizar en el estudio de la empleabilidad y el empleo de los titulados universitarios m\u00e1s all\u00e1 de t\u00f3picos y vaguedades tan al uso en la explicaci\u00f3n de estos hechos.<\/p>\n","protected":false},"excerpt":{"rendered":"<p>Se recogen aqu\u00ed una serie de art\u00edculos sobre las relaciones entre educaci\u00f3n superior y empleo escritos por especialistas en este tema. La mayor\u00eda de estos art\u00edculos est\u00e1n basados en estudios de seguimiento de graduados que permiten comprender el papel de la educaci\u00f3n superior en el empleo y el trabajo de los mismos en unos tiempos en que el sistema universitario ya no prepara para un reducido n\u00famero de puestos de \u00ab\u00e9lite\u00bb, sino para una \u00absociedad altamente formada\u00bb, como la define U. Teichler, uno de los autores de este libro.<br \/>\nLos estudios complejos sobre el empleo y el trabajo de las personas con titulaci\u00f3n universitaria son la fuente de informaci\u00f3n m\u00e1s valiosa para entender las relaciones entre la ense\u00f1anza superior y el mundo laboral. Sin embargo, es obvio que en este campo dominan la recopilaci\u00f3n insuficiente de datos y las interpretaciones tendenciosas, circunstancia que favorece que prevalezcan ideas como la sobreeducaci\u00f3n o los desajustes, y que se ignoren fen\u00f3menos que indican la relevancia de la educaci\u00f3n superior para aquellas esferas del sistema de empleo que hasta hoy apenas han absorbido graduados en educaci\u00f3n superior.<br \/>\nEste libro es una lectura imprescindible para quienes est\u00e9n interesados en profundizar en el estudio de la empleabilidad y el empleo de los titulados universitarios m\u00e1s all\u00e1 de t\u00f3picos y vaguedades tan al uso en la explicaci\u00f3n de estos hechos.<\/p>\n","protected":false},"featured_media":17210,"comment_status":"open","ping_status":"closed","template":"","meta":{"_et_pb_use_builder":"","_et_pb_old_content":"","_et_gb_content_width":""},"product_cat":[2606,1512,6936,6940,6675,6673],"product_tag":[2604],"edicion":[1084,1083],"editoriales":[1160,8810],"tienda":[],"autor_id":[6000,6382,6476],"universidades_coeditoras":[],"palabras_clave":[],"listado_alfabetico":[],"acf":[],"_links":{"self":[{"href":"https:\/\/wizardly-davinci.82-223-8-23.plesk.page\/en\/wp-json\/wp\/v2\/product\/17209"}],"collection":[{"href":"https:\/\/wizardly-davinci.82-223-8-23.plesk.page\/en\/wp-json\/wp\/v2\/product"}],"about":[{"href":"https:\/\/wizardly-davinci.82-223-8-23.plesk.page\/en\/wp-json\/wp\/v2\/types\/product"}],"replies":[{"embeddable":true,"href":"https:\/\/wizardly-davinci.82-223-8-23.plesk.page\/en\/wp-json\/wp\/v2\/comments?post=17209"}],"wp:featuredmedia":[{"embeddable":true,"href":"https:\/\/wizardly-davinci.82-223-8-23.plesk.page\/en\/wp-json\/wp\/v2\/media\/17210"}],"wp:attachment":[{"href":"https:\/\/wizardly-davinci.82-223-8-23.plesk.page\/en\/wp-json\/wp\/v2\/media?parent=17209"}],"wp:term":[{"taxonomy":"product_cat","embeddable":true,"href":"https:\/\/wizardly-davinci.82-223-8-23.plesk.page\/en\/wp-json\/wp\/v2\/product_cat?post=17209"},{"taxonomy":"product_tag","embeddable":true,"href":"https:\/\/wizardly-davinci.82-223-8-23.plesk.page\/en\/wp-json\/wp\/v2\/product_tag?post=17209"},{"taxonomy":"edicion","embeddable":true,"href":"https:\/\/wizardly-davinci.82-223-8-23.plesk.page\/en\/wp-json\/wp\/v2\/edicion?post=17209"},{"taxonomy":"editoriales","embeddable":true,"href":"https:\/\/wizardly-davinci.82-223-8-23.plesk.page\/en\/wp-json\/wp\/v2\/editoriales?post=17209"},{"taxonomy":"tienda","embeddable":true,"href":"https:\/\/wizardly-davinci.82-223-8-23.plesk.page\/en\/wp-json\/wp\/v2\/tienda?post=17209"},{"taxonomy":"autor_id","embeddable":true,"href":"https:\/\/wizardly-davinci.82-223-8-23.plesk.page\/en\/wp-json\/wp\/v2\/autor_id?post=17209"},{"taxonomy":"universidades_coeditoras","embeddable":true,"href":"https:\/\/wizardly-davinci.82-223-8-23.plesk.page\/en\/wp-json\/wp\/v2\/universidades_coeditoras?post=17209"},{"taxonomy":"palabras_clave","embeddable":true,"href":"https:\/\/wizardly-davinci.82-223-8-23.plesk.page\/en\/wp-json\/wp\/v2\/palabras_clave?post=17209"},{"taxonomy":"listado_alfabetico","embeddable":true,"href":"https:\/\/wizardly-davinci.82-223-8-23.plesk.page\/en\/wp-json\/wp\/v2\/listado_alfabetico?post=17209"}],"curies":[{"name":"wp","href":"https:\/\/api.w.org\/{rel}","templated":true}]}}