{"id":17213,"date":"2019-04-09T22:25:20","date_gmt":"2019-04-09T22:25:20","guid":{"rendered":"https:\/\/octaedro.com\/producto\/la-escritura-academica-a-traves-de-las-disciplinas\/"},"modified":"2023-04-20T11:39:17","modified_gmt":"2023-04-20T09:39:17","slug":"la-escritura-academica-a-traves-de-las-disciplinas","status":"publish","type":"product","link":"https:\/\/wizardly-davinci.82-223-8-23.plesk.page\/en\/producto\/la-escritura-academica-a-traves-de-las-disciplinas\/","title":{"rendered":"La escritura acad\u00e9mica a trav\u00e9s de las disciplinas"},"content":{"rendered":"<p>La comunicaci\u00f3n escrita es fundamental para el funcionamiento de la vida acad\u00e9mica, y la publicaci\u00f3n, su principal mecanismo de promoci\u00f3n. Aunque las funciones que cumple la escritura son v\u00e1lidas para cualquier dominio de conocimiento, cada comunidad discursiva las realiza por medio de recursos ling\u00fc\u00edsticos y g\u00e9neros espec\u00edficos.<br \/>\nLa primera parte del presente volumen presenta un conjunto de recursos generales, \u00fatiles para redactar en cualquier disciplina o dominio de conocimiento. La segunda parte se centra en los g\u00e9neros propios de diversas especialidades que poseen tradiciones metodol\u00f3gicas diferentes.<\/p>\n","protected":false},"excerpt":{"rendered":"<p>La comunicaci\u00f3n escrita es fundamental para el funcionamiento de la vida acad\u00e9mica, y la publicaci\u00f3n, su principal mecanismo de promoci\u00f3n. Aunque las funciones que cumple la escritura son v\u00e1lidas para cualquier dominio de conocimiento, cada comunidad discursiva las realiza por medio de recursos ling\u00fc\u00edsticos y g\u00e9neros espec\u00edficos.<br \/>\nLa primera parte del presente volumen presenta un conjunto de recursos generales, \u00fatiles para redactar en cualquier disciplina o dominio de conocimiento. La segunda parte se centra en los g\u00e9neros propios de diversas especialidades que poseen tradiciones metodol\u00f3gicas diferentes.<\/p>\n","protected":false},"featured_media":17214,"comment_status":"open","ping_status":"closed","template":"","meta":{"_et_pb_use_builder":"","_et_pb_old_content":"","_et_gb_content_width":""},"product_cat":[1512,6936,6940,6675],"product_tag":[2602],"edicion":[1083],"editoriales":[1160,8810],"tienda":[],"autor_id":[6490],"universidades_coeditoras":[],"palabras_clave":[],"listado_alfabetico":[],"acf":[],"_links":{"self":[{"href":"https:\/\/wizardly-davinci.82-223-8-23.plesk.page\/en\/wp-json\/wp\/v2\/product\/17213"}],"collection":[{"href":"https:\/\/wizardly-davinci.82-223-8-23.plesk.page\/en\/wp-json\/wp\/v2\/product"}],"about":[{"href":"https:\/\/wizardly-davinci.82-223-8-23.plesk.page\/en\/wp-json\/wp\/v2\/types\/product"}],"replies":[{"embeddable":true,"href":"https:\/\/wizardly-davinci.82-223-8-23.plesk.page\/en\/wp-json\/wp\/v2\/comments?post=17213"}],"wp:featuredmedia":[{"embeddable":true,"href":"https:\/\/wizardly-davinci.82-223-8-23.plesk.page\/en\/wp-json\/wp\/v2\/media\/17214"}],"wp:attachment":[{"href":"https:\/\/wizardly-davinci.82-223-8-23.plesk.page\/en\/wp-json\/wp\/v2\/media?parent=17213"}],"wp:term":[{"taxonomy":"product_cat","embeddable":true,"href":"https:\/\/wizardly-davinci.82-223-8-23.plesk.page\/en\/wp-json\/wp\/v2\/product_cat?post=17213"},{"taxonomy":"product_tag","embeddable":true,"href":"https:\/\/wizardly-davinci.82-223-8-23.plesk.page\/en\/wp-json\/wp\/v2\/product_tag?post=17213"},{"taxonomy":"edicion","embeddable":true,"href":"https:\/\/wizardly-davinci.82-223-8-23.plesk.page\/en\/wp-json\/wp\/v2\/edicion?post=17213"},{"taxonomy":"editoriales","embeddable":true,"href":"https:\/\/wizardly-davinci.82-223-8-23.plesk.page\/en\/wp-json\/wp\/v2\/editoriales?post=17213"},{"taxonomy":"tienda","embeddable":true,"href":"https:\/\/wizardly-davinci.82-223-8-23.plesk.page\/en\/wp-json\/wp\/v2\/tienda?post=17213"},{"taxonomy":"autor_id","embeddable":true,"href":"https:\/\/wizardly-davinci.82-223-8-23.plesk.page\/en\/wp-json\/wp\/v2\/autor_id?post=17213"},{"taxonomy":"universidades_coeditoras","embeddable":true,"href":"https:\/\/wizardly-davinci.82-223-8-23.plesk.page\/en\/wp-json\/wp\/v2\/universidades_coeditoras?post=17213"},{"taxonomy":"palabras_clave","embeddable":true,"href":"https:\/\/wizardly-davinci.82-223-8-23.plesk.page\/en\/wp-json\/wp\/v2\/palabras_clave?post=17213"},{"taxonomy":"listado_alfabetico","embeddable":true,"href":"https:\/\/wizardly-davinci.82-223-8-23.plesk.page\/en\/wp-json\/wp\/v2\/listado_alfabetico?post=17213"}],"curies":[{"name":"wp","href":"https:\/\/api.w.org\/{rel}","templated":true}]}}