{"id":17217,"date":"2019-04-09T22:25:21","date_gmt":"2019-04-09T22:25:21","guid":{"rendered":"https:\/\/octaedro.com\/producto\/la-ensenanza-del-derecho-en-europa-y-america\/"},"modified":"2023-04-20T11:39:30","modified_gmt":"2023-04-20T09:39:30","slug":"la-ensenanza-del-derecho-en-europa-y-america","status":"publish","type":"product","link":"https:\/\/wizardly-davinci.82-223-8-23.plesk.page\/en\/producto\/la-ensenanza-del-derecho-en-europa-y-america\/","title":{"rendered":"La ense\u00f1anza del Derecho en Europa y Am\u00e9rica"},"content":{"rendered":"<p>La obra que el lector tiene en sus manos trata de la ense\u00f1anza universitaria del Derecho en 19 pa\u00edses europeos y americanos: Alemania, Argentina, B\u00e9lgica, Brasil, Canad\u00e1, Chile, Dinamarca, Espa\u00f1a, Estados Unidos, Finlandia, Francia, Italia, M\u00e9xico, Pa\u00edses Bajos, Polonia, Reino Unido, Rusia, Suecia y Suiza.<br \/>\nNo se trata de una obra exhaustiva, sino de alta divulgaci\u00f3n; acad\u00e9mica pero no erudita. El cap\u00edtulo de cada pa\u00eds ha sido escrito por un autor espa\u00f1ol, experto o profundo conocedor del sistema universitario del pa\u00eds descrito, en estrecha colaboraci\u00f3n con un acad\u00e9mico del pa\u00eds estudiado, por lo que se ha obtenido informaci\u00f3n de primera mano y, adem\u00e1s, se ha recurrido a fuentes originales. Pretendemos informar a un amplio elenco de lectores, entre los que no faltaran juristas y profesionales de la docencia del Derecho.<br \/>\nTodos los cap\u00edtulos presentan la estructura de los estudios superiores y el acceso a la universidad; la descripci\u00f3n del plan de estudios del t\u00edtulo de Derecho: materias y asignaturas impartidas, duraci\u00f3n o peso acad\u00e9mico de cada una (unidad de medida, en su caso), semestralizaci\u00f3n, obligatoriedad y optatividad, etc.; la atenci\u00f3n a las metodolog\u00edas docentes y al sistema de evaluaci\u00f3n, dos elementos que se encuentran intr\u00ednsecamente unidos, y el acceso a las profesiones jur\u00eddicas. Finalmente, se presentan referencias legislativas, bibliograf\u00eda y enlaces a webs de inter\u00e9s.<\/p>\n","protected":false},"excerpt":{"rendered":"<p>La obra que el lector tiene en sus manos trata de la ense\u00f1anza universitaria del Derecho en 19 pa\u00edses europeos y americanos: Alemania, Argentina, B\u00e9lgica, Brasil, Canad\u00e1, Chile, Dinamarca, Espa\u00f1a, Estados Unidos, Finlandia, Francia, Italia, M\u00e9xico, Pa\u00edses Bajos, Polonia, Reino Unido, Rusia, Suecia y Suiza.<br \/>\nNo se trata de una obra exhaustiva, sino de alta divulgaci\u00f3n; acad\u00e9mica pero no erudita. El cap\u00edtulo de cada pa\u00eds ha sido escrito por un autor espa\u00f1ol, experto o profundo conocedor del sistema universitario del pa\u00eds descrito, en estrecha colaboraci\u00f3n con un acad\u00e9mico del pa\u00eds estudiado, por lo que se ha obtenido informaci\u00f3n de primera mano y, adem\u00e1s, se ha recurrido a fuentes originales. Pretendemos informar a un amplio elenco de lectores, entre los que no faltaran juristas y profesionales de la docencia del Derecho.<br \/>\nTodos los cap\u00edtulos presentan la estructura de los estudios superiores y el acceso a la universidad; la descripci\u00f3n del plan de estudios del t\u00edtulo de Derecho: materias y asignaturas impartidas, duraci\u00f3n o peso acad\u00e9mico de cada una (unidad de medida, en su caso), semestralizaci\u00f3n, obligatoriedad y optatividad, etc.; la atenci\u00f3n a las metodolog\u00edas docentes y al sistema de evaluaci\u00f3n, dos elementos que se encuentran intr\u00ednsecamente unidos, y el acceso a las profesiones jur\u00eddicas. Finalmente, se presentan referencias legislativas, bibliograf\u00eda y enlaces a webs de inter\u00e9s.<\/p>\n","protected":false},"featured_media":17218,"comment_status":"open","ping_status":"closed","template":"","meta":{"_et_pb_use_builder":"","_et_pb_old_content":"","_et_gb_content_width":""},"product_cat":[1512,6936,6940,6675],"product_tag":[2602],"edicion":[1083],"editoriales":[1160,8810],"tienda":[],"autor_id":[5005,6529],"universidades_coeditoras":[],"palabras_clave":[],"listado_alfabetico":[],"acf":[],"_links":{"self":[{"href":"https:\/\/wizardly-davinci.82-223-8-23.plesk.page\/en\/wp-json\/wp\/v2\/product\/17217"}],"collection":[{"href":"https:\/\/wizardly-davinci.82-223-8-23.plesk.page\/en\/wp-json\/wp\/v2\/product"}],"about":[{"href":"https:\/\/wizardly-davinci.82-223-8-23.plesk.page\/en\/wp-json\/wp\/v2\/types\/product"}],"replies":[{"embeddable":true,"href":"https:\/\/wizardly-davinci.82-223-8-23.plesk.page\/en\/wp-json\/wp\/v2\/comments?post=17217"}],"wp:featuredmedia":[{"embeddable":true,"href":"https:\/\/wizardly-davinci.82-223-8-23.plesk.page\/en\/wp-json\/wp\/v2\/media\/17218"}],"wp:attachment":[{"href":"https:\/\/wizardly-davinci.82-223-8-23.plesk.page\/en\/wp-json\/wp\/v2\/media?parent=17217"}],"wp:term":[{"taxonomy":"product_cat","embeddable":true,"href":"https:\/\/wizardly-davinci.82-223-8-23.plesk.page\/en\/wp-json\/wp\/v2\/product_cat?post=17217"},{"taxonomy":"product_tag","embeddable":true,"href":"https:\/\/wizardly-davinci.82-223-8-23.plesk.page\/en\/wp-json\/wp\/v2\/product_tag?post=17217"},{"taxonomy":"edicion","embeddable":true,"href":"https:\/\/wizardly-davinci.82-223-8-23.plesk.page\/en\/wp-json\/wp\/v2\/edicion?post=17217"},{"taxonomy":"editoriales","embeddable":true,"href":"https:\/\/wizardly-davinci.82-223-8-23.plesk.page\/en\/wp-json\/wp\/v2\/editoriales?post=17217"},{"taxonomy":"tienda","embeddable":true,"href":"https:\/\/wizardly-davinci.82-223-8-23.plesk.page\/en\/wp-json\/wp\/v2\/tienda?post=17217"},{"taxonomy":"autor_id","embeddable":true,"href":"https:\/\/wizardly-davinci.82-223-8-23.plesk.page\/en\/wp-json\/wp\/v2\/autor_id?post=17217"},{"taxonomy":"universidades_coeditoras","embeddable":true,"href":"https:\/\/wizardly-davinci.82-223-8-23.plesk.page\/en\/wp-json\/wp\/v2\/universidades_coeditoras?post=17217"},{"taxonomy":"palabras_clave","embeddable":true,"href":"https:\/\/wizardly-davinci.82-223-8-23.plesk.page\/en\/wp-json\/wp\/v2\/palabras_clave?post=17217"},{"taxonomy":"listado_alfabetico","embeddable":true,"href":"https:\/\/wizardly-davinci.82-223-8-23.plesk.page\/en\/wp-json\/wp\/v2\/listado_alfabetico?post=17217"}],"curies":[{"name":"wp","href":"https:\/\/api.w.org\/{rel}","templated":true}]}}