{"id":17219,"date":"2019-04-09T22:25:21","date_gmt":"2019-04-09T22:25:21","guid":{"rendered":"https:\/\/octaedro.com\/producto\/experiencias-de-evaluacion-continuada-en-la-universidad\/"},"modified":"2023-04-20T11:39:37","modified_gmt":"2023-04-20T09:39:37","slug":"experiencias-de-evaluacion-continuada-en-la-universidad","status":"publish","type":"product","link":"https:\/\/wizardly-davinci.82-223-8-23.plesk.page\/en\/producto\/experiencias-de-evaluacion-continuada-en-la-universidad\/","title":{"rendered":"Experiencias de evaluaci\u00f3n continuada en la Universidad"},"content":{"rendered":"<p>El Grupo Transversal de Innovaci\u00f3n Docente sobre Aprendizaje Aut\u00f3nomo (TRANS.EDU) de la Universidad de Barcelona lleva unos a\u00f1os innovando e investigando sobre c\u00f3mo mejorar la evaluaci\u00f3n continuada en la educaci\u00f3n superior. Fruto de su trabajo junto con el de otros docentes, son las experiencias que se incluyen en este libro. Se ha tratado de recoger ejemplos de pr\u00e1cticas de evaluaci\u00f3n continuada que se est\u00e1n desarrollando en titulaciones muy diversas y de distintas ramas de conocimiento. El contenido de las experiencias es tambi\u00e9n variado, y se refieren a distintas fases de la secuencia formativa, pero se presentan siguiendo el mismo formato para facilitar su lectura.<br \/>\nLas experiencias van precedidas de algunas ideas clave sobre la evaluaci\u00f3n continuada, que pretenden poner de manifiesto lo que debe entenderse por este tipo de evaluaci\u00f3n, as\u00ed como algunas cuestiones que la favorecen. Tambi\u00e9n se analiza cu\u00e1les son los puntos de coincidencia entre las distintas pr\u00e1cticas de cara a identificar los componentes m\u00e1s relevantes en los procesos de evaluaci\u00f3n continuada.<br \/>\nLa muestra que se recoge en el libro permite ver posibilidades distintas para evaluar de manera continuada en la Universidad. Asimismo, propone consideraciones que pueden ayudar a pensar c\u00f3mo mejorar esta concepci\u00f3n de evaluaci\u00f3n y c\u00f3mo introducir innovaciones para un mejor aprendizaje del estudiantado, que es, en definitiva, lo que nos importa.<\/p>\n","protected":false},"excerpt":{"rendered":"<p>El Grupo Transversal de Innovaci\u00f3n Docente sobre Aprendizaje Aut\u00f3nomo (TRANS.EDU) de la Universidad de Barcelona lleva unos a\u00f1os innovando e investigando sobre c\u00f3mo mejorar la evaluaci\u00f3n continuada en la educaci\u00f3n superior. Fruto de su trabajo junto con el de otros docentes, son las experiencias que se incluyen en este libro. Se ha tratado de recoger ejemplos de pr\u00e1cticas de evaluaci\u00f3n continuada que se est\u00e1n desarrollando en titulaciones muy diversas y de distintas ramas de conocimiento. El contenido de las experiencias es tambi\u00e9n variado, y se refieren a distintas fases de la secuencia formativa, pero se presentan siguiendo el mismo formato para facilitar su lectura.<br \/>\nLas experiencias van precedidas de algunas ideas clave sobre la evaluaci\u00f3n continuada, que pretenden poner de manifiesto lo que debe entenderse por este tipo de evaluaci\u00f3n, as\u00ed como algunas cuestiones que la favorecen. Tambi\u00e9n se analiza cu\u00e1les son los puntos de coincidencia entre las distintas pr\u00e1cticas de cara a identificar los componentes m\u00e1s relevantes en los procesos de evaluaci\u00f3n continuada.<br \/>\nLa muestra que se recoge en el libro permite ver posibilidades distintas para evaluar de manera continuada en la Universidad. Asimismo, propone consideraciones que pueden ayudar a pensar c\u00f3mo mejorar esta concepci\u00f3n de evaluaci\u00f3n y c\u00f3mo introducir innovaciones para un mejor aprendizaje del estudiantado, que es, en definitiva, lo que nos importa.<\/p>\n","protected":false},"featured_media":17220,"comment_status":"open","ping_status":"closed","template":"","meta":{"_et_pb_use_builder":"","_et_pb_old_content":"","_et_gb_content_width":""},"product_cat":[1512,6936,6940,6675],"product_tag":[2602],"edicion":[1083],"editoriales":[1160,8810],"tienda":[],"autor_id":[5635,6118],"universidades_coeditoras":[],"palabras_clave":[],"listado_alfabetico":[],"acf":[],"_links":{"self":[{"href":"https:\/\/wizardly-davinci.82-223-8-23.plesk.page\/en\/wp-json\/wp\/v2\/product\/17219"}],"collection":[{"href":"https:\/\/wizardly-davinci.82-223-8-23.plesk.page\/en\/wp-json\/wp\/v2\/product"}],"about":[{"href":"https:\/\/wizardly-davinci.82-223-8-23.plesk.page\/en\/wp-json\/wp\/v2\/types\/product"}],"replies":[{"embeddable":true,"href":"https:\/\/wizardly-davinci.82-223-8-23.plesk.page\/en\/wp-json\/wp\/v2\/comments?post=17219"}],"wp:featuredmedia":[{"embeddable":true,"href":"https:\/\/wizardly-davinci.82-223-8-23.plesk.page\/en\/wp-json\/wp\/v2\/media\/17220"}],"wp:attachment":[{"href":"https:\/\/wizardly-davinci.82-223-8-23.plesk.page\/en\/wp-json\/wp\/v2\/media?parent=17219"}],"wp:term":[{"taxonomy":"product_cat","embeddable":true,"href":"https:\/\/wizardly-davinci.82-223-8-23.plesk.page\/en\/wp-json\/wp\/v2\/product_cat?post=17219"},{"taxonomy":"product_tag","embeddable":true,"href":"https:\/\/wizardly-davinci.82-223-8-23.plesk.page\/en\/wp-json\/wp\/v2\/product_tag?post=17219"},{"taxonomy":"edicion","embeddable":true,"href":"https:\/\/wizardly-davinci.82-223-8-23.plesk.page\/en\/wp-json\/wp\/v2\/edicion?post=17219"},{"taxonomy":"editoriales","embeddable":true,"href":"https:\/\/wizardly-davinci.82-223-8-23.plesk.page\/en\/wp-json\/wp\/v2\/editoriales?post=17219"},{"taxonomy":"tienda","embeddable":true,"href":"https:\/\/wizardly-davinci.82-223-8-23.plesk.page\/en\/wp-json\/wp\/v2\/tienda?post=17219"},{"taxonomy":"autor_id","embeddable":true,"href":"https:\/\/wizardly-davinci.82-223-8-23.plesk.page\/en\/wp-json\/wp\/v2\/autor_id?post=17219"},{"taxonomy":"universidades_coeditoras","embeddable":true,"href":"https:\/\/wizardly-davinci.82-223-8-23.plesk.page\/en\/wp-json\/wp\/v2\/universidades_coeditoras?post=17219"},{"taxonomy":"palabras_clave","embeddable":true,"href":"https:\/\/wizardly-davinci.82-223-8-23.plesk.page\/en\/wp-json\/wp\/v2\/palabras_clave?post=17219"},{"taxonomy":"listado_alfabetico","embeddable":true,"href":"https:\/\/wizardly-davinci.82-223-8-23.plesk.page\/en\/wp-json\/wp\/v2\/listado_alfabetico?post=17219"}],"curies":[{"name":"wp","href":"https:\/\/api.w.org\/{rel}","templated":true}]}}