{"id":17223,"date":"2019-04-09T22:25:22","date_gmt":"2019-04-09T22:25:22","guid":{"rendered":"https:\/\/octaedro.com\/producto\/el-aula-moodle\/"},"modified":"2023-04-20T11:39:51","modified_gmt":"2023-04-20T09:39:51","slug":"el-aula-moodle","status":"publish","type":"product","link":"https:\/\/wizardly-davinci.82-223-8-23.plesk.page\/en\/producto\/el-aula-moodle\/","title":{"rendered":"El aula moodle"},"content":{"rendered":"<p>La progresiva implantaci\u00f3n del Campus virtual en todas las facultades de la UB (Universidad de Barcelona) plante\u00f3 la necesidad de desarrollar una estrategia de formaci\u00f3n del profesorado que permitiera a los docentes utilizar con garant\u00edas los recursos que Moodle pon\u00eda a su disposici\u00f3n. Los cursos de formaci\u00f3n que se han ido realizando a lo largo de estos a\u00f1os han tenido un doble enfoque: por un lado, responden a una necesidad de formaci\u00f3n de tipo t\u00e9cnico; por otro, a una formaci\u00f3n m\u00e1s vinculada a los aspectos pedag\u00f3gicos y a los posibles usos y aplicaciones did\u00e1cticas del Campus virtual.<br \/>\nDesde la perspectiva de los aspectos pedag\u00f3gicos, se consider\u00f3 oportuno ofrecer un espacio para que el profesorado pudiera exponer, compartir y comentar dichas experiencias. Esta idea se concret\u00f3 en la realizaci\u00f3n de la jornada \u00abEl aula Moodle: aprender y ense\u00f1ar en la UB\u00bb, organizada por el ICE y el CRAI de la UB, en el marco del plan de formaci\u00f3n que se ofrece para su profesorado.<br \/>\nEsta publicaci\u00f3n pretende recoger los aspectos principales del contenido y del desarrollo de dicha jornada. Est\u00e1 dirigida a cualquier docente interesado en conocer experiencias pr\u00e1cticas respecto al uso de Moodle, y ofrece una reflexi\u00f3n sobre sus posibles ventajas, beneficios, inconvenientes y problemas.<\/p>\n","protected":false},"excerpt":{"rendered":"<p>La progresiva implantaci\u00f3n del Campus virtual en todas las facultades de la UB (Universidad de Barcelona) plante\u00f3 la necesidad de desarrollar una estrategia de formaci\u00f3n del profesorado que permitiera a los docentes utilizar con garant\u00edas los recursos que Moodle pon\u00eda a su disposici\u00f3n. Los cursos de formaci\u00f3n que se han ido realizando a lo largo de estos a\u00f1os han tenido un doble enfoque: por un lado, responden a una necesidad de formaci\u00f3n de tipo t\u00e9cnico; por otro, a una formaci\u00f3n m\u00e1s vinculada a los aspectos pedag\u00f3gicos y a los posibles usos y aplicaciones did\u00e1cticas del Campus virtual.<br \/>\nDesde la perspectiva de los aspectos pedag\u00f3gicos, se consider\u00f3 oportuno ofrecer un espacio para que el profesorado pudiera exponer, compartir y comentar dichas experiencias. Esta idea se concret\u00f3 en la realizaci\u00f3n de la jornada \u00abEl aula Moodle: aprender y ense\u00f1ar en la UB\u00bb, organizada por el ICE y el CRAI de la UB, en el marco del plan de formaci\u00f3n que se ofrece para su profesorado.<br \/>\nEsta publicaci\u00f3n pretende recoger los aspectos principales del contenido y del desarrollo de dicha jornada. Est\u00e1 dirigida a cualquier docente interesado en conocer experiencias pr\u00e1cticas respecto al uso de Moodle, y ofrece una reflexi\u00f3n sobre sus posibles ventajas, beneficios, inconvenientes y problemas.<\/p>\n","protected":false},"featured_media":17224,"comment_status":"open","ping_status":"closed","template":"","meta":{"_et_pb_use_builder":"","_et_pb_old_content":"","_et_gb_content_width":""},"product_cat":[2606,1512,6936,6940,6674,6675],"product_tag":[2608],"edicion":[1085,1083],"editoriales":[1160,8810],"tienda":[],"autor_id":[5226,6106],"universidades_coeditoras":[],"palabras_clave":[],"listado_alfabetico":[],"acf":[],"_links":{"self":[{"href":"https:\/\/wizardly-davinci.82-223-8-23.plesk.page\/en\/wp-json\/wp\/v2\/product\/17223"}],"collection":[{"href":"https:\/\/wizardly-davinci.82-223-8-23.plesk.page\/en\/wp-json\/wp\/v2\/product"}],"about":[{"href":"https:\/\/wizardly-davinci.82-223-8-23.plesk.page\/en\/wp-json\/wp\/v2\/types\/product"}],"replies":[{"embeddable":true,"href":"https:\/\/wizardly-davinci.82-223-8-23.plesk.page\/en\/wp-json\/wp\/v2\/comments?post=17223"}],"wp:featuredmedia":[{"embeddable":true,"href":"https:\/\/wizardly-davinci.82-223-8-23.plesk.page\/en\/wp-json\/wp\/v2\/media\/17224"}],"wp:attachment":[{"href":"https:\/\/wizardly-davinci.82-223-8-23.plesk.page\/en\/wp-json\/wp\/v2\/media?parent=17223"}],"wp:term":[{"taxonomy":"product_cat","embeddable":true,"href":"https:\/\/wizardly-davinci.82-223-8-23.plesk.page\/en\/wp-json\/wp\/v2\/product_cat?post=17223"},{"taxonomy":"product_tag","embeddable":true,"href":"https:\/\/wizardly-davinci.82-223-8-23.plesk.page\/en\/wp-json\/wp\/v2\/product_tag?post=17223"},{"taxonomy":"edicion","embeddable":true,"href":"https:\/\/wizardly-davinci.82-223-8-23.plesk.page\/en\/wp-json\/wp\/v2\/edicion?post=17223"},{"taxonomy":"editoriales","embeddable":true,"href":"https:\/\/wizardly-davinci.82-223-8-23.plesk.page\/en\/wp-json\/wp\/v2\/editoriales?post=17223"},{"taxonomy":"tienda","embeddable":true,"href":"https:\/\/wizardly-davinci.82-223-8-23.plesk.page\/en\/wp-json\/wp\/v2\/tienda?post=17223"},{"taxonomy":"autor_id","embeddable":true,"href":"https:\/\/wizardly-davinci.82-223-8-23.plesk.page\/en\/wp-json\/wp\/v2\/autor_id?post=17223"},{"taxonomy":"universidades_coeditoras","embeddable":true,"href":"https:\/\/wizardly-davinci.82-223-8-23.plesk.page\/en\/wp-json\/wp\/v2\/universidades_coeditoras?post=17223"},{"taxonomy":"palabras_clave","embeddable":true,"href":"https:\/\/wizardly-davinci.82-223-8-23.plesk.page\/en\/wp-json\/wp\/v2\/palabras_clave?post=17223"},{"taxonomy":"listado_alfabetico","embeddable":true,"href":"https:\/\/wizardly-davinci.82-223-8-23.plesk.page\/en\/wp-json\/wp\/v2\/listado_alfabetico?post=17223"}],"curies":[{"name":"wp","href":"https:\/\/api.w.org\/{rel}","templated":true}]}}