{"id":17225,"date":"2019-04-09T22:25:22","date_gmt":"2019-04-09T22:25:22","guid":{"rendered":"https:\/\/octaedro.com\/producto\/evaluacion-por-competencias-la-perspectiva-de-las-primeras-promociones-de-graduados-en-el-eees\/"},"modified":"2023-04-20T11:39:57","modified_gmt":"2023-04-20T09:39:57","slug":"evaluacion-por-competencias-la-perspectiva-de-las-primeras-promociones-de-graduados-en-el-eees","status":"publish","type":"product","link":"https:\/\/wizardly-davinci.82-223-8-23.plesk.page\/en\/producto\/evaluacion-por-competencias-la-perspectiva-de-las-primeras-promociones-de-graduados-en-el-eees\/","title":{"rendered":"Evaluaci\u00f3n por competencias: la perspectiva de las primeras promociones de graduados en el EEES"},"content":{"rendered":"<p>Se recogen en este libro los resultados de una investigaci\u00f3n sobre las tres primeras promociones de graduados en diversos estudios desarrollados desde la incorporaci\u00f3n de las universidades espa\u00f1olas al Espacio Europeo de Educaci\u00f3n Superior. Se analizan las opiniones de los egresados, pero tambi\u00e9n del profesorado, los coordinadores acad\u00e9micos, los empleadores y los expertos en pedagog\u00eda universitaria, desgranando sus aportaciones en sucesivos cap\u00edtulos y ofreciendo una visi\u00f3n coral y hol\u00edstica del estado de la cuesti\u00f3n.<br \/>\nEl libro est\u00e1 dirigido a diferentes colectivos: por una parte, a cargos acad\u00e9micos y a responsables institucionales, que deben tomar decisiones acerca del dise\u00f1o e implementaci\u00f3n de los enfoques competenciales en educaci\u00f3n superior; por otra parte, al profesorado universitario, que puede desarrollar una mayor comprensi\u00f3n de las implicaciones de los dise\u00f1os por competencias, especialmente en lo relativo a las metodolog\u00edas y a la evaluaci\u00f3n. Finalmente, tambi\u00e9n est\u00e1 destinado a estudiosos e interesados en la educaci\u00f3n superior, puesto que divulga los hallazgos derivados de la investigaci\u00f3n sobre el tema de las competencias en esta etapa.<\/p>\n","protected":false},"excerpt":{"rendered":"<p>Se recogen en este libro los resultados de una investigaci\u00f3n sobre las tres primeras promociones de graduados en diversos estudios desarrollados desde la incorporaci\u00f3n de las universidades espa\u00f1olas al Espacio Europeo de Educaci\u00f3n Superior. Se analizan las opiniones de los egresados, pero tambi\u00e9n del profesorado, los coordinadores acad\u00e9micos, los empleadores y los expertos en pedagog\u00eda universitaria, desgranando sus aportaciones en sucesivos cap\u00edtulos y ofreciendo una visi\u00f3n coral y hol\u00edstica del estado de la cuesti\u00f3n.<br \/>\nEl libro est\u00e1 dirigido a diferentes colectivos: por una parte, a cargos acad\u00e9micos y a responsables institucionales, que deben tomar decisiones acerca del dise\u00f1o e implementaci\u00f3n de los enfoques competenciales en educaci\u00f3n superior; por otra parte, al profesorado universitario, que puede desarrollar una mayor comprensi\u00f3n de las implicaciones de los dise\u00f1os por competencias, especialmente en lo relativo a las metodolog\u00edas y a la evaluaci\u00f3n. Finalmente, tambi\u00e9n est\u00e1 destinado a estudiosos e interesados en la educaci\u00f3n superior, puesto que divulga los hallazgos derivados de la investigaci\u00f3n sobre el tema de las competencias en esta etapa.<\/p>\n","protected":false},"featured_media":17226,"comment_status":"open","ping_status":"closed","template":"","meta":{"_et_pb_use_builder":"","_et_pb_old_content":"","_et_gb_content_width":""},"product_cat":[2606,1512,6936,6940,6674,6675],"product_tag":[2608],"edicion":[1085,1083],"editoriales":[1160,8810],"tienda":[],"autor_id":[5241,5473],"universidades_coeditoras":[],"palabras_clave":[],"listado_alfabetico":[],"acf":[],"_links":{"self":[{"href":"https:\/\/wizardly-davinci.82-223-8-23.plesk.page\/en\/wp-json\/wp\/v2\/product\/17225"}],"collection":[{"href":"https:\/\/wizardly-davinci.82-223-8-23.plesk.page\/en\/wp-json\/wp\/v2\/product"}],"about":[{"href":"https:\/\/wizardly-davinci.82-223-8-23.plesk.page\/en\/wp-json\/wp\/v2\/types\/product"}],"replies":[{"embeddable":true,"href":"https:\/\/wizardly-davinci.82-223-8-23.plesk.page\/en\/wp-json\/wp\/v2\/comments?post=17225"}],"wp:featuredmedia":[{"embeddable":true,"href":"https:\/\/wizardly-davinci.82-223-8-23.plesk.page\/en\/wp-json\/wp\/v2\/media\/17226"}],"wp:attachment":[{"href":"https:\/\/wizardly-davinci.82-223-8-23.plesk.page\/en\/wp-json\/wp\/v2\/media?parent=17225"}],"wp:term":[{"taxonomy":"product_cat","embeddable":true,"href":"https:\/\/wizardly-davinci.82-223-8-23.plesk.page\/en\/wp-json\/wp\/v2\/product_cat?post=17225"},{"taxonomy":"product_tag","embeddable":true,"href":"https:\/\/wizardly-davinci.82-223-8-23.plesk.page\/en\/wp-json\/wp\/v2\/product_tag?post=17225"},{"taxonomy":"edicion","embeddable":true,"href":"https:\/\/wizardly-davinci.82-223-8-23.plesk.page\/en\/wp-json\/wp\/v2\/edicion?post=17225"},{"taxonomy":"editoriales","embeddable":true,"href":"https:\/\/wizardly-davinci.82-223-8-23.plesk.page\/en\/wp-json\/wp\/v2\/editoriales?post=17225"},{"taxonomy":"tienda","embeddable":true,"href":"https:\/\/wizardly-davinci.82-223-8-23.plesk.page\/en\/wp-json\/wp\/v2\/tienda?post=17225"},{"taxonomy":"autor_id","embeddable":true,"href":"https:\/\/wizardly-davinci.82-223-8-23.plesk.page\/en\/wp-json\/wp\/v2\/autor_id?post=17225"},{"taxonomy":"universidades_coeditoras","embeddable":true,"href":"https:\/\/wizardly-davinci.82-223-8-23.plesk.page\/en\/wp-json\/wp\/v2\/universidades_coeditoras?post=17225"},{"taxonomy":"palabras_clave","embeddable":true,"href":"https:\/\/wizardly-davinci.82-223-8-23.plesk.page\/en\/wp-json\/wp\/v2\/palabras_clave?post=17225"},{"taxonomy":"listado_alfabetico","embeddable":true,"href":"https:\/\/wizardly-davinci.82-223-8-23.plesk.page\/en\/wp-json\/wp\/v2\/listado_alfabetico?post=17225"}],"curies":[{"name":"wp","href":"https:\/\/api.w.org\/{rel}","templated":true}]}}