{"id":17227,"date":"2019-04-09T22:25:23","date_gmt":"2019-04-09T22:25:23","guid":{"rendered":"https:\/\/octaedro.com\/producto\/la-docencia-universitaria-mediante-el-enfoque-del-aula-invertida\/"},"modified":"2023-04-20T11:40:06","modified_gmt":"2023-04-20T09:40:06","slug":"la-docencia-universitaria-mediante-el-enfoque-del-aula-invertida","status":"publish","type":"product","link":"https:\/\/wizardly-davinci.82-223-8-23.plesk.page\/en\/producto\/la-docencia-universitaria-mediante-el-enfoque-del-aula-invertida\/","title":{"rendered":"La docencia universitaria mediante el enfoque del aula invertida"},"content":{"rendered":"<p>Esta obra presenta un enfoque de ense\u00f1anza universitaria cuya repercusi\u00f3n en la innovaci\u00f3n en la educaci\u00f3n superior y su potencial para la mejora de la ense\u00f1anza est\u00e1n todav\u00eda por explorar en nuestro pa\u00eds: the flipped classroom (el aula invertida). Este enfoque invierte la tradicional secuencia de actividades en la educaci\u00f3n superior: ense\u00f1anza\/estudio\/evaluaci\u00f3n, por la secuencia: estudio\/evaluaci\u00f3n\/ense\u00f1anza. Supone un desplazamiento intencional al exterior de determinadas partes del contenido de las asignaturas de una titulaci\u00f3n. A trav\u00e9s de actividades guiadas y de determinados recursos tecnol\u00f3gicos m\u00e1s o menos sofisticados, se transfiere intencionalmente, fuera del aula, parte de la informaci\u00f3n que el profesor ha de transmitir con la finalidad de liberar tiempo de la clase para dedicarlo a actividades de aprendizaje en las que la presencia del docente es imprescindible.<br \/>\nEl libro est\u00e1 dirigido principalmente al profesorado universitario, ya que recoge ocho experiencias de aula inversa en diversos campos disciplinares de la educaci\u00f3n superior. Pero m\u00e1s all\u00e1 de este \u00e1mbito, cualquier educador interesado en la innovaci\u00f3n y mejora de su pr\u00e1ctica pedag\u00f3gica encontrar\u00e1 aqu\u00ed un buen modelo.<\/p>\n","protected":false},"excerpt":{"rendered":"<p>Esta obra presenta un enfoque de ense\u00f1anza universitaria cuya repercusi\u00f3n en la innovaci\u00f3n en la educaci\u00f3n superior y su potencial para la mejora de la ense\u00f1anza est\u00e1n todav\u00eda por explorar en nuestro pa\u00eds: the flipped classroom (el aula invertida). Este enfoque invierte la tradicional secuencia de actividades en la educaci\u00f3n superior: ense\u00f1anza\/estudio\/evaluaci\u00f3n, por la secuencia: estudio\/evaluaci\u00f3n\/ense\u00f1anza. Supone un desplazamiento intencional al exterior de determinadas partes del contenido de las asignaturas de una titulaci\u00f3n. A trav\u00e9s de actividades guiadas y de determinados recursos tecnol\u00f3gicos m\u00e1s o menos sofisticados, se transfiere intencionalmente, fuera del aula, parte de la informaci\u00f3n que el profesor ha de transmitir con la finalidad de liberar tiempo de la clase para dedicarlo a actividades de aprendizaje en las que la presencia del docente es imprescindible.<br \/>\nEl libro est\u00e1 dirigido principalmente al profesorado universitario, ya que recoge ocho experiencias de aula inversa en diversos campos disciplinares de la educaci\u00f3n superior. Pero m\u00e1s all\u00e1 de este \u00e1mbito, cualquier educador interesado en la innovaci\u00f3n y mejora de su pr\u00e1ctica pedag\u00f3gica encontrar\u00e1 aqu\u00ed un buen modelo.<\/p>\n","protected":false},"featured_media":17228,"comment_status":"open","ping_status":"closed","template":"","meta":{"_et_pb_use_builder":"","_et_pb_old_content":"","_et_gb_content_width":""},"product_cat":[2606,1512,6936,6940,6674,6675],"product_tag":[2608],"edicion":[1085,1083],"editoriales":[1160,8810],"tienda":[],"autor_id":[5960],"universidades_coeditoras":[],"palabras_clave":[],"listado_alfabetico":[],"acf":[],"_links":{"self":[{"href":"https:\/\/wizardly-davinci.82-223-8-23.plesk.page\/en\/wp-json\/wp\/v2\/product\/17227"}],"collection":[{"href":"https:\/\/wizardly-davinci.82-223-8-23.plesk.page\/en\/wp-json\/wp\/v2\/product"}],"about":[{"href":"https:\/\/wizardly-davinci.82-223-8-23.plesk.page\/en\/wp-json\/wp\/v2\/types\/product"}],"replies":[{"embeddable":true,"href":"https:\/\/wizardly-davinci.82-223-8-23.plesk.page\/en\/wp-json\/wp\/v2\/comments?post=17227"}],"wp:featuredmedia":[{"embeddable":true,"href":"https:\/\/wizardly-davinci.82-223-8-23.plesk.page\/en\/wp-json\/wp\/v2\/media\/17228"}],"wp:attachment":[{"href":"https:\/\/wizardly-davinci.82-223-8-23.plesk.page\/en\/wp-json\/wp\/v2\/media?parent=17227"}],"wp:term":[{"taxonomy":"product_cat","embeddable":true,"href":"https:\/\/wizardly-davinci.82-223-8-23.plesk.page\/en\/wp-json\/wp\/v2\/product_cat?post=17227"},{"taxonomy":"product_tag","embeddable":true,"href":"https:\/\/wizardly-davinci.82-223-8-23.plesk.page\/en\/wp-json\/wp\/v2\/product_tag?post=17227"},{"taxonomy":"edicion","embeddable":true,"href":"https:\/\/wizardly-davinci.82-223-8-23.plesk.page\/en\/wp-json\/wp\/v2\/edicion?post=17227"},{"taxonomy":"editoriales","embeddable":true,"href":"https:\/\/wizardly-davinci.82-223-8-23.plesk.page\/en\/wp-json\/wp\/v2\/editoriales?post=17227"},{"taxonomy":"tienda","embeddable":true,"href":"https:\/\/wizardly-davinci.82-223-8-23.plesk.page\/en\/wp-json\/wp\/v2\/tienda?post=17227"},{"taxonomy":"autor_id","embeddable":true,"href":"https:\/\/wizardly-davinci.82-223-8-23.plesk.page\/en\/wp-json\/wp\/v2\/autor_id?post=17227"},{"taxonomy":"universidades_coeditoras","embeddable":true,"href":"https:\/\/wizardly-davinci.82-223-8-23.plesk.page\/en\/wp-json\/wp\/v2\/universidades_coeditoras?post=17227"},{"taxonomy":"palabras_clave","embeddable":true,"href":"https:\/\/wizardly-davinci.82-223-8-23.plesk.page\/en\/wp-json\/wp\/v2\/palabras_clave?post=17227"},{"taxonomy":"listado_alfabetico","embeddable":true,"href":"https:\/\/wizardly-davinci.82-223-8-23.plesk.page\/en\/wp-json\/wp\/v2\/listado_alfabetico?post=17227"}],"curies":[{"name":"wp","href":"https:\/\/api.w.org\/{rel}","templated":true}]}}