{"id":17229,"date":"2019-04-09T22:25:23","date_gmt":"2019-04-09T22:25:23","guid":{"rendered":"https:\/\/octaedro.com\/producto\/74-experiencias-docentes-del-grado-de-derecho\/"},"modified":"2023-04-20T11:40:14","modified_gmt":"2023-04-20T09:40:14","slug":"74-experiencias-docentes-del-grado-de-derecho","status":"publish","type":"product","link":"https:\/\/wizardly-davinci.82-223-8-23.plesk.page\/en\/producto\/74-experiencias-docentes-del-grado-de-derecho\/","title":{"rendered":"74 experiencias docentes del Grado de Derecho"},"content":{"rendered":"<p>Esta obra recoge 74 experiencias docentes realizadas por casi un centenar de profesores en el Grado en Derecho en 23 universidades espa\u00f1olas. Por tanto, si algo define el volumen es la pluralidad y la diversidad de enfoques, de situaciones, de asignaturas y materias, de tradiciones y, en definitiva, de experiencias.<br \/>\nEl objetivo del libro no consiste en recoger experiencias de innovaci\u00f3n docente pura, a menudo dif\u00edciles de exportar y casi siempre poco sostenibles o generalizables, sino en recopilar experiencias docentes \u00abfactibles\u00bb y contrastadas. Pero no solo eso, adem\u00e1s se ha puesto \u00e9nfasis en el relato detallado y en la descripci\u00f3n, paso a paso, concreta y precisa, de cada experiencia. A menudo, una experiencia docente exitosa es la suma de muchas peque\u00f1as buenas pr\u00e1cticas; una experiencia docente completa puede ser exportada a otra situaci\u00f3n o inspirar una iniciativa, pero tambi\u00e9n los peque\u00f1os detalles o las acciones concretas pueden poseer esta capacidad inspiradora y ser objeto de transferencia. Por eso, no se ha tratado de realizar grandes planteamientos te\u00f3ricos y abstractos, sino de dar valor a las experiencias concretas.<br \/>\nEn cada caso se presenta el contexto, con una breve descripci\u00f3n del entorno donde se desarrolla la experiencia; en segundo lugar, el planteamiento de la situaci\u00f3n, o sea, la narraci\u00f3n de los antecedentes, las caracter\u00edsticas del grupo, el problema o aspecto que se quiere mejorar, el objetivo que se pretende conseguir, etc.; el tercer y principal apartado corresponde al desarrollo de la experiencia; siguen unas conclusiones, con un breve comentario sobre el desenlace de la misma respecto al aspecto que se pretend\u00eda mejorar y su valoraci\u00f3n. Finalmente, los autores apuntan algunas cuestiones para reflexionar sobre la experiencia.<br \/>\nAdem\u00e1s de unas conclusiones generales, el libro incluye un \u00edndice tem\u00e1tico con m\u00e1s de 150 entradas que remiten a las contribuciones correspondientes.<\/p>\n","protected":false},"excerpt":{"rendered":"<p>Esta obra recoge 74 experiencias docentes realizadas por casi un centenar de profesores en el Grado en Derecho en 23 universidades espa\u00f1olas. Por tanto, si algo define el volumen es la pluralidad y la diversidad de enfoques, de situaciones, de asignaturas y materias, de tradiciones y, en definitiva, de experiencias.<br \/>\nEl objetivo del libro no consiste en recoger experiencias de innovaci\u00f3n docente pura, a menudo dif\u00edciles de exportar y casi siempre poco sostenibles o generalizables, sino en recopilar experiencias docentes \u00abfactibles\u00bb y contrastadas. Pero no solo eso, adem\u00e1s se ha puesto \u00e9nfasis en el relato detallado y en la descripci\u00f3n, paso a paso, concreta y precisa, de cada experiencia. A menudo, una experiencia docente exitosa es la suma de muchas peque\u00f1as buenas pr\u00e1cticas; una experiencia docente completa puede ser exportada a otra situaci\u00f3n o inspirar una iniciativa, pero tambi\u00e9n los peque\u00f1os detalles o las acciones concretas pueden poseer esta capacidad inspiradora y ser objeto de transferencia. Por eso, no se ha tratado de realizar grandes planteamientos te\u00f3ricos y abstractos, sino de dar valor a las experiencias concretas.<br \/>\nEn cada caso se presenta el contexto, con una breve descripci\u00f3n del entorno donde se desarrolla la experiencia; en segundo lugar, el planteamiento de la situaci\u00f3n, o sea, la narraci\u00f3n de los antecedentes, las caracter\u00edsticas del grupo, el problema o aspecto que se quiere mejorar, el objetivo que se pretende conseguir, etc.; el tercer y principal apartado corresponde al desarrollo de la experiencia; siguen unas conclusiones, con un breve comentario sobre el desenlace de la misma respecto al aspecto que se pretend\u00eda mejorar y su valoraci\u00f3n. Finalmente, los autores apuntan algunas cuestiones para reflexionar sobre la experiencia.<br \/>\nAdem\u00e1s de unas conclusiones generales, el libro incluye un \u00edndice tem\u00e1tico con m\u00e1s de 150 entradas que remiten a las contribuciones correspondientes.<\/p>\n","protected":false},"featured_media":17230,"comment_status":"open","ping_status":"closed","template":"","meta":{"_et_pb_use_builder":"","_et_pb_old_content":"","_et_gb_content_width":""},"product_cat":[2606,1512,6936,6940,6674,6675],"product_tag":[2608],"edicion":[1085,1083],"editoriales":[1160,8810],"tienda":[],"autor_id":[5005,6529],"universidades_coeditoras":[],"palabras_clave":[],"listado_alfabetico":[],"acf":[],"_links":{"self":[{"href":"https:\/\/wizardly-davinci.82-223-8-23.plesk.page\/en\/wp-json\/wp\/v2\/product\/17229"}],"collection":[{"href":"https:\/\/wizardly-davinci.82-223-8-23.plesk.page\/en\/wp-json\/wp\/v2\/product"}],"about":[{"href":"https:\/\/wizardly-davinci.82-223-8-23.plesk.page\/en\/wp-json\/wp\/v2\/types\/product"}],"replies":[{"embeddable":true,"href":"https:\/\/wizardly-davinci.82-223-8-23.plesk.page\/en\/wp-json\/wp\/v2\/comments?post=17229"}],"wp:featuredmedia":[{"embeddable":true,"href":"https:\/\/wizardly-davinci.82-223-8-23.plesk.page\/en\/wp-json\/wp\/v2\/media\/17230"}],"wp:attachment":[{"href":"https:\/\/wizardly-davinci.82-223-8-23.plesk.page\/en\/wp-json\/wp\/v2\/media?parent=17229"}],"wp:term":[{"taxonomy":"product_cat","embeddable":true,"href":"https:\/\/wizardly-davinci.82-223-8-23.plesk.page\/en\/wp-json\/wp\/v2\/product_cat?post=17229"},{"taxonomy":"product_tag","embeddable":true,"href":"https:\/\/wizardly-davinci.82-223-8-23.plesk.page\/en\/wp-json\/wp\/v2\/product_tag?post=17229"},{"taxonomy":"edicion","embeddable":true,"href":"https:\/\/wizardly-davinci.82-223-8-23.plesk.page\/en\/wp-json\/wp\/v2\/edicion?post=17229"},{"taxonomy":"editoriales","embeddable":true,"href":"https:\/\/wizardly-davinci.82-223-8-23.plesk.page\/en\/wp-json\/wp\/v2\/editoriales?post=17229"},{"taxonomy":"tienda","embeddable":true,"href":"https:\/\/wizardly-davinci.82-223-8-23.plesk.page\/en\/wp-json\/wp\/v2\/tienda?post=17229"},{"taxonomy":"autor_id","embeddable":true,"href":"https:\/\/wizardly-davinci.82-223-8-23.plesk.page\/en\/wp-json\/wp\/v2\/autor_id?post=17229"},{"taxonomy":"universidades_coeditoras","embeddable":true,"href":"https:\/\/wizardly-davinci.82-223-8-23.plesk.page\/en\/wp-json\/wp\/v2\/universidades_coeditoras?post=17229"},{"taxonomy":"palabras_clave","embeddable":true,"href":"https:\/\/wizardly-davinci.82-223-8-23.plesk.page\/en\/wp-json\/wp\/v2\/palabras_clave?post=17229"},{"taxonomy":"listado_alfabetico","embeddable":true,"href":"https:\/\/wizardly-davinci.82-223-8-23.plesk.page\/en\/wp-json\/wp\/v2\/listado_alfabetico?post=17229"}],"curies":[{"name":"wp","href":"https:\/\/api.w.org\/{rel}","templated":true}]}}