{"id":17241,"date":"2019-04-09T22:25:25","date_gmt":"2019-04-09T22:25:25","guid":{"rendered":"https:\/\/octaedro.com\/producto\/el-fin-de-la-educacion\/"},"modified":"2023-04-20T11:40:54","modified_gmt":"2023-04-20T09:40:54","slug":"el-fin-de-la-educacion","status":"publish","type":"product","link":"https:\/\/wizardly-davinci.82-223-8-23.plesk.page\/en\/producto\/el-fin-de-la-educacion\/","title":{"rendered":"El fin de la educaci\u00f3n"},"content":{"rendered":"<p>Postman plantea la crisis que atraviesa la educaci\u00f3n como el fracaso de los dioses que han regido nuestras sociedades hasta ahora. Ni las ideolog\u00edas nacionalistas, ni las nuevas tecnolog\u00edas, ni el consumismo exacerbado han sido capaces de proporcionar una base estable a la educaci\u00f3n. El fin de la educaci\u00f3n ofrece una serie de propuestas para que la escuela recupere una funci\u00f3n educativa que sustituya el enfoque instructivo dominante, demasiado pendiente de teor\u00edas pedag\u00f3gicas ef\u00edmeras, de intereses pol\u00edticos particulares y de cubrir las lagunas educativas que otrora se resolv\u00edan en el seno de la estructura familiar.<\/p>\n","protected":false},"excerpt":{"rendered":"<p>Postman plantea la crisis que atraviesa la educaci\u00f3n como el fracaso de los dioses que han regido nuestras sociedades hasta ahora. Ni las ideolog\u00edas nacionalistas, ni las nuevas tecnolog\u00edas, ni el consumismo exacerbado han sido capaces de proporcionar una base estable a la educaci\u00f3n. El fin de la educaci\u00f3n ofrece una serie de propuestas para que la escuela recupere una funci\u00f3n educativa que sustituya el enfoque instructivo dominante, demasiado pendiente de teor\u00edas pedag\u00f3gicas ef\u00edmeras, de intereses pol\u00edticos particulares y de cubrir las lagunas educativas que otrora se resolv\u00edan en el seno de la estructura familiar.<\/p>\n","protected":false},"featured_media":17242,"comment_status":"open","ping_status":"closed","template":"","meta":{"_et_pb_use_builder":"","_et_pb_old_content":"","_et_gb_content_width":""},"product_cat":[1512],"product_tag":[2602],"edicion":[1083],"editoriales":[1160],"tienda":[],"autor_id":[6173],"universidades_coeditoras":[],"palabras_clave":[],"listado_alfabetico":[],"acf":[],"_links":{"self":[{"href":"https:\/\/wizardly-davinci.82-223-8-23.plesk.page\/en\/wp-json\/wp\/v2\/product\/17241"}],"collection":[{"href":"https:\/\/wizardly-davinci.82-223-8-23.plesk.page\/en\/wp-json\/wp\/v2\/product"}],"about":[{"href":"https:\/\/wizardly-davinci.82-223-8-23.plesk.page\/en\/wp-json\/wp\/v2\/types\/product"}],"replies":[{"embeddable":true,"href":"https:\/\/wizardly-davinci.82-223-8-23.plesk.page\/en\/wp-json\/wp\/v2\/comments?post=17241"}],"wp:featuredmedia":[{"embeddable":true,"href":"https:\/\/wizardly-davinci.82-223-8-23.plesk.page\/en\/wp-json\/wp\/v2\/media\/17242"}],"wp:attachment":[{"href":"https:\/\/wizardly-davinci.82-223-8-23.plesk.page\/en\/wp-json\/wp\/v2\/media?parent=17241"}],"wp:term":[{"taxonomy":"product_cat","embeddable":true,"href":"https:\/\/wizardly-davinci.82-223-8-23.plesk.page\/en\/wp-json\/wp\/v2\/product_cat?post=17241"},{"taxonomy":"product_tag","embeddable":true,"href":"https:\/\/wizardly-davinci.82-223-8-23.plesk.page\/en\/wp-json\/wp\/v2\/product_tag?post=17241"},{"taxonomy":"edicion","embeddable":true,"href":"https:\/\/wizardly-davinci.82-223-8-23.plesk.page\/en\/wp-json\/wp\/v2\/edicion?post=17241"},{"taxonomy":"editoriales","embeddable":true,"href":"https:\/\/wizardly-davinci.82-223-8-23.plesk.page\/en\/wp-json\/wp\/v2\/editoriales?post=17241"},{"taxonomy":"tienda","embeddable":true,"href":"https:\/\/wizardly-davinci.82-223-8-23.plesk.page\/en\/wp-json\/wp\/v2\/tienda?post=17241"},{"taxonomy":"autor_id","embeddable":true,"href":"https:\/\/wizardly-davinci.82-223-8-23.plesk.page\/en\/wp-json\/wp\/v2\/autor_id?post=17241"},{"taxonomy":"universidades_coeditoras","embeddable":true,"href":"https:\/\/wizardly-davinci.82-223-8-23.plesk.page\/en\/wp-json\/wp\/v2\/universidades_coeditoras?post=17241"},{"taxonomy":"palabras_clave","embeddable":true,"href":"https:\/\/wizardly-davinci.82-223-8-23.plesk.page\/en\/wp-json\/wp\/v2\/palabras_clave?post=17241"},{"taxonomy":"listado_alfabetico","embeddable":true,"href":"https:\/\/wizardly-davinci.82-223-8-23.plesk.page\/en\/wp-json\/wp\/v2\/listado_alfabetico?post=17241"}],"curies":[{"name":"wp","href":"https:\/\/api.w.org\/{rel}","templated":true}]}}