{"id":17243,"date":"2019-04-09T22:25:25","date_gmt":"2019-04-09T22:25:25","guid":{"rendered":"https:\/\/octaedro.com\/producto\/repensar-el-multiculturalismo\/"},"modified":"2023-04-20T11:41:00","modified_gmt":"2023-04-20T09:41:00","slug":"repensar-el-multiculturalismo","status":"publish","type":"product","link":"https:\/\/wizardly-davinci.82-223-8-23.plesk.page\/en\/producto\/repensar-el-multiculturalismo\/","title":{"rendered":"Repensar el multiculturalismo"},"content":{"rendered":"<p>Este libro, se\u00f1ana Mary Nash en el pr\u00f3logo escrito para esta edici\u00f3n, nos abre una reflexi\u00f3n en torno a aspectos cruciales de la definici\u00f3n del otro en el marco del multiculturalismo. El poder, la consolidaci\u00f3n de la democracia, la articulaci\u00f3n de la justicia y las implicaciones de elementos entrecruzados como clase, g\u00e9nero y raza en la configuraci\u00f3n del multiculturalismo en la sociedad estadounidense de finales del siglo XX son algunas de las cuestiones tratadas por Kincheloe y Steinberg. A diferencia de la mayor\u00eda de los escritos sobre el tema disponibles en Espa\u00f1a, esta obra parte de un concepto amplio del escenario de la pedagog\u00eda, definido como cualquier espacio donde se realiza un proceso de formaci\u00f3n, a saber: la escuela, los medios de comunicaci\u00f3n, la calle o el universo de la vida cotidiana.<\/p>\n","protected":false},"excerpt":{"rendered":"<p>Este libro, se\u00f1ana Mary Nash en el pr\u00f3logo escrito para esta edici\u00f3n, nos abre una reflexi\u00f3n en torno a aspectos cruciales de la definici\u00f3n del otro en el marco del multiculturalismo. El poder, la consolidaci\u00f3n de la democracia, la articulaci\u00f3n de la justicia y las implicaciones de elementos entrecruzados como clase, g\u00e9nero y raza en la configuraci\u00f3n del multiculturalismo en la sociedad estadounidense de finales del siglo XX son algunas de las cuestiones tratadas por Kincheloe y Steinberg. A diferencia de la mayor\u00eda de los escritos sobre el tema disponibles en Espa\u00f1a, esta obra parte de un concepto amplio del escenario de la pedagog\u00eda, definido como cualquier espacio donde se realiza un proceso de formaci\u00f3n, a saber: la escuela, los medios de comunicaci\u00f3n, la calle o el universo de la vida cotidiana.<\/p>\n","protected":false},"featured_media":17244,"comment_status":"open","ping_status":"closed","template":"","meta":{"_et_pb_use_builder":"","_et_pb_old_content":"","_et_gb_content_width":""},"product_cat":[2606,1512,6936,6675,6673],"product_tag":[2604],"edicion":[1084,1083],"editoriales":[1160],"tienda":[],"autor_id":[5775,6440],"universidades_coeditoras":[],"palabras_clave":[],"listado_alfabetico":[],"acf":[],"_links":{"self":[{"href":"https:\/\/wizardly-davinci.82-223-8-23.plesk.page\/en\/wp-json\/wp\/v2\/product\/17243"}],"collection":[{"href":"https:\/\/wizardly-davinci.82-223-8-23.plesk.page\/en\/wp-json\/wp\/v2\/product"}],"about":[{"href":"https:\/\/wizardly-davinci.82-223-8-23.plesk.page\/en\/wp-json\/wp\/v2\/types\/product"}],"replies":[{"embeddable":true,"href":"https:\/\/wizardly-davinci.82-223-8-23.plesk.page\/en\/wp-json\/wp\/v2\/comments?post=17243"}],"wp:featuredmedia":[{"embeddable":true,"href":"https:\/\/wizardly-davinci.82-223-8-23.plesk.page\/en\/wp-json\/wp\/v2\/media\/17244"}],"wp:attachment":[{"href":"https:\/\/wizardly-davinci.82-223-8-23.plesk.page\/en\/wp-json\/wp\/v2\/media?parent=17243"}],"wp:term":[{"taxonomy":"product_cat","embeddable":true,"href":"https:\/\/wizardly-davinci.82-223-8-23.plesk.page\/en\/wp-json\/wp\/v2\/product_cat?post=17243"},{"taxonomy":"product_tag","embeddable":true,"href":"https:\/\/wizardly-davinci.82-223-8-23.plesk.page\/en\/wp-json\/wp\/v2\/product_tag?post=17243"},{"taxonomy":"edicion","embeddable":true,"href":"https:\/\/wizardly-davinci.82-223-8-23.plesk.page\/en\/wp-json\/wp\/v2\/edicion?post=17243"},{"taxonomy":"editoriales","embeddable":true,"href":"https:\/\/wizardly-davinci.82-223-8-23.plesk.page\/en\/wp-json\/wp\/v2\/editoriales?post=17243"},{"taxonomy":"tienda","embeddable":true,"href":"https:\/\/wizardly-davinci.82-223-8-23.plesk.page\/en\/wp-json\/wp\/v2\/tienda?post=17243"},{"taxonomy":"autor_id","embeddable":true,"href":"https:\/\/wizardly-davinci.82-223-8-23.plesk.page\/en\/wp-json\/wp\/v2\/autor_id?post=17243"},{"taxonomy":"universidades_coeditoras","embeddable":true,"href":"https:\/\/wizardly-davinci.82-223-8-23.plesk.page\/en\/wp-json\/wp\/v2\/universidades_coeditoras?post=17243"},{"taxonomy":"palabras_clave","embeddable":true,"href":"https:\/\/wizardly-davinci.82-223-8-23.plesk.page\/en\/wp-json\/wp\/v2\/palabras_clave?post=17243"},{"taxonomy":"listado_alfabetico","embeddable":true,"href":"https:\/\/wizardly-davinci.82-223-8-23.plesk.page\/en\/wp-json\/wp\/v2\/listado_alfabetico?post=17243"}],"curies":[{"name":"wp","href":"https:\/\/api.w.org\/{rel}","templated":true}]}}