{"id":17247,"date":"2019-04-09T22:25:27","date_gmt":"2019-04-09T22:25:27","guid":{"rendered":"https:\/\/octaedro.com\/producto\/el-cambio-en-el-curriculum\/"},"modified":"2023-04-20T11:47:29","modified_gmt":"2023-04-20T09:47:29","slug":"el-cambio-en-el-curriculum","status":"publish","type":"product","link":"https:\/\/wizardly-davinci.82-223-8-23.plesk.page\/en\/producto\/el-cambio-en-el-curriculum\/","title":{"rendered":"El cambio en el curr\u00edculum"},"content":{"rendered":"<p>El cambio en el curr\u00edculum en un libro que brinda una excelente introducci\u00f3n a las teor\u00edas sobre el curr\u00edculum de Ivor Goodson. Unas teor\u00edas que, como se\u00f1ala Kincheloe en el pr\u00f3logo, \u201crecogen la multidimensionalidad de las relaciones entre el pasado y el presente de la pr\u00e1ctica curricular. En este contexto, Goodson identifica los nexos entre la historia, la educaci\u00f3n y la pol\u00edtica\u201d.En El cambio en el curr\u00edculum se revisa la emergencia social e hist\u00f3rica del curr\u00edculum como concepto y de la teor\u00eda del curr\u00edculum como pr\u00e1ctica. Los primeros cap\u00edtulos tratan de situar la investigaci\u00f3n sobre el curr\u00edculum desde una dimensi\u00f3n social e ideol\u00f3gica. El resto del libro ofrece al lector ejemplos de esta manera de hacer teor\u00eda del curr\u00edculum prestando atenci\u00f3n a los estudios sobre las materias escolares, su g\u00e9nesis, los intereses corporativos y de clase social a los que responden su inclusi\u00f3n en un curr\u00edculum oficial y la relaci\u00f3n entre las definiciones del curr\u00edculum con diferentes formas de educaci\u00f3n.<\/p>\n","protected":false},"excerpt":{"rendered":"<p>El cambio en el curr\u00edculum en un libro que brinda una excelente introducci\u00f3n a las teor\u00edas sobre el curr\u00edculum de Ivor Goodson. Unas teor\u00edas que, como se\u00f1ala Kincheloe en el pr\u00f3logo, \u201crecogen la multidimensionalidad de las relaciones entre el pasado y el presente de la pr\u00e1ctica curricular. En este contexto, Goodson identifica los nexos entre la historia, la educaci\u00f3n y la pol\u00edtica\u201d.En El cambio en el curr\u00edculum se revisa la emergencia social e hist\u00f3rica del curr\u00edculum como concepto y de la teor\u00eda del curr\u00edculum como pr\u00e1ctica. Los primeros cap\u00edtulos tratan de situar la investigaci\u00f3n sobre el curr\u00edculum desde una dimensi\u00f3n social e ideol\u00f3gica. El resto del libro ofrece al lector ejemplos de esta manera de hacer teor\u00eda del curr\u00edculum prestando atenci\u00f3n a los estudios sobre las materias escolares, su g\u00e9nesis, los intereses corporativos y de clase social a los que responden su inclusi\u00f3n en un curr\u00edculum oficial y la relaci\u00f3n entre las definiciones del curr\u00edculum con diferentes formas de educaci\u00f3n.<\/p>\n","protected":false},"featured_media":17248,"comment_status":"open","ping_status":"closed","template":"","meta":{"_et_pb_use_builder":"","_et_pb_old_content":"","_et_gb_content_width":""},"product_cat":[1512],"product_tag":[2602],"edicion":[1083],"editoriales":[1160],"tienda":[],"autor_id":[5619],"universidades_coeditoras":[],"palabras_clave":[],"listado_alfabetico":[],"acf":[],"_links":{"self":[{"href":"https:\/\/wizardly-davinci.82-223-8-23.plesk.page\/en\/wp-json\/wp\/v2\/product\/17247"}],"collection":[{"href":"https:\/\/wizardly-davinci.82-223-8-23.plesk.page\/en\/wp-json\/wp\/v2\/product"}],"about":[{"href":"https:\/\/wizardly-davinci.82-223-8-23.plesk.page\/en\/wp-json\/wp\/v2\/types\/product"}],"replies":[{"embeddable":true,"href":"https:\/\/wizardly-davinci.82-223-8-23.plesk.page\/en\/wp-json\/wp\/v2\/comments?post=17247"}],"wp:featuredmedia":[{"embeddable":true,"href":"https:\/\/wizardly-davinci.82-223-8-23.plesk.page\/en\/wp-json\/wp\/v2\/media\/17248"}],"wp:attachment":[{"href":"https:\/\/wizardly-davinci.82-223-8-23.plesk.page\/en\/wp-json\/wp\/v2\/media?parent=17247"}],"wp:term":[{"taxonomy":"product_cat","embeddable":true,"href":"https:\/\/wizardly-davinci.82-223-8-23.plesk.page\/en\/wp-json\/wp\/v2\/product_cat?post=17247"},{"taxonomy":"product_tag","embeddable":true,"href":"https:\/\/wizardly-davinci.82-223-8-23.plesk.page\/en\/wp-json\/wp\/v2\/product_tag?post=17247"},{"taxonomy":"edicion","embeddable":true,"href":"https:\/\/wizardly-davinci.82-223-8-23.plesk.page\/en\/wp-json\/wp\/v2\/edicion?post=17247"},{"taxonomy":"editoriales","embeddable":true,"href":"https:\/\/wizardly-davinci.82-223-8-23.plesk.page\/en\/wp-json\/wp\/v2\/editoriales?post=17247"},{"taxonomy":"tienda","embeddable":true,"href":"https:\/\/wizardly-davinci.82-223-8-23.plesk.page\/en\/wp-json\/wp\/v2\/tienda?post=17247"},{"taxonomy":"autor_id","embeddable":true,"href":"https:\/\/wizardly-davinci.82-223-8-23.plesk.page\/en\/wp-json\/wp\/v2\/autor_id?post=17247"},{"taxonomy":"universidades_coeditoras","embeddable":true,"href":"https:\/\/wizardly-davinci.82-223-8-23.plesk.page\/en\/wp-json\/wp\/v2\/universidades_coeditoras?post=17247"},{"taxonomy":"palabras_clave","embeddable":true,"href":"https:\/\/wizardly-davinci.82-223-8-23.plesk.page\/en\/wp-json\/wp\/v2\/palabras_clave?post=17247"},{"taxonomy":"listado_alfabetico","embeddable":true,"href":"https:\/\/wizardly-davinci.82-223-8-23.plesk.page\/en\/wp-json\/wp\/v2\/listado_alfabetico?post=17247"}],"curies":[{"name":"wp","href":"https:\/\/api.w.org\/{rel}","templated":true}]}}