{"id":17249,"date":"2019-04-09T22:25:27","date_gmt":"2019-04-09T22:25:27","guid":{"rendered":"https:\/\/octaedro.com\/producto\/la-mejora-de-la-escuela\/"},"modified":"2023-04-20T11:47:36","modified_gmt":"2023-04-20T09:47:36","slug":"la-mejora-de-la-escuela","status":"publish","type":"product","link":"https:\/\/wizardly-davinci.82-223-8-23.plesk.page\/en\/producto\/la-mejora-de-la-escuela\/","title":{"rendered":"La mejora de la escuela"},"content":{"rendered":"<p>Los medios de comunicaci\u00f3n conceden una gran importancia a las malas noticias de la educaci\u00f3n. \u00c9ste, en cambio, es un libro de buenas noticias. Estructurado en dos partes, la primera nos ofrece un contexto acad\u00e9mico realista con cinco art\u00edculos de car\u00e1cter m\u00e1s te\u00f3rico y, la segunda, ocho ejemplos de buenas pr\u00e1cticas: experiencias concretas y variadas de mejora de la escuela. Los autores de cada parte conocen ambos aspectos de la mejora escolar y el fruto de su trabajo y de la coordinaci\u00f3n realizada por dos de ellos, es un libro \u00e1gil, coherente y revelador. En \u00e9l se muestra que hay en Espa\u00f1a muchos profesores entusiastas, que consiguen hacer de sus centros lugares humanizadores, donde ellos y sus alumnos trabajan duro pero a gusto y donde unos y otros crecen como personas. No tiene f\u00f3rmulas m\u00e1gicas, sus contextos son tan dif\u00edciles como el que m\u00e1s y est\u00e1n sujetos a las mismas limitaciones que cualquiera, pero con buenas ideas y esfuerzo consiguen que sus escuelas mejoren.<\/p>\n","protected":false},"excerpt":{"rendered":"<p>Los medios de comunicaci\u00f3n conceden una gran importancia a las malas noticias de la educaci\u00f3n. \u00c9ste, en cambio, es un libro de buenas noticias. Estructurado en dos partes, la primera nos ofrece un contexto acad\u00e9mico realista con cinco art\u00edculos de car\u00e1cter m\u00e1s te\u00f3rico y, la segunda, ocho ejemplos de buenas pr\u00e1cticas: experiencias concretas y variadas de mejora de la escuela. Los autores de cada parte conocen ambos aspectos de la mejora escolar y el fruto de su trabajo y de la coordinaci\u00f3n realizada por dos de ellos, es un libro \u00e1gil, coherente y revelador. En \u00e9l se muestra que hay en Espa\u00f1a muchos profesores entusiastas, que consiguen hacer de sus centros lugares humanizadores, donde ellos y sus alumnos trabajan duro pero a gusto y donde unos y otros crecen como personas. No tiene f\u00f3rmulas m\u00e1gicas, sus contextos son tan dif\u00edciles como el que m\u00e1s y est\u00e1n sujetos a las mismas limitaciones que cualquiera, pero con buenas ideas y esfuerzo consiguen que sus escuelas mejoren.<\/p>\n","protected":false},"featured_media":17250,"comment_status":"open","ping_status":"closed","template":"","meta":{"_et_pb_use_builder":"","_et_pb_old_content":"","_et_gb_content_width":""},"product_cat":[1512],"product_tag":[2602],"edicion":[1083],"editoriales":[1160],"tienda":[],"autor_id":[6038,6031],"universidades_coeditoras":[],"palabras_clave":[],"listado_alfabetico":[],"acf":[],"_links":{"self":[{"href":"https:\/\/wizardly-davinci.82-223-8-23.plesk.page\/en\/wp-json\/wp\/v2\/product\/17249"}],"collection":[{"href":"https:\/\/wizardly-davinci.82-223-8-23.plesk.page\/en\/wp-json\/wp\/v2\/product"}],"about":[{"href":"https:\/\/wizardly-davinci.82-223-8-23.plesk.page\/en\/wp-json\/wp\/v2\/types\/product"}],"replies":[{"embeddable":true,"href":"https:\/\/wizardly-davinci.82-223-8-23.plesk.page\/en\/wp-json\/wp\/v2\/comments?post=17249"}],"wp:featuredmedia":[{"embeddable":true,"href":"https:\/\/wizardly-davinci.82-223-8-23.plesk.page\/en\/wp-json\/wp\/v2\/media\/17250"}],"wp:attachment":[{"href":"https:\/\/wizardly-davinci.82-223-8-23.plesk.page\/en\/wp-json\/wp\/v2\/media?parent=17249"}],"wp:term":[{"taxonomy":"product_cat","embeddable":true,"href":"https:\/\/wizardly-davinci.82-223-8-23.plesk.page\/en\/wp-json\/wp\/v2\/product_cat?post=17249"},{"taxonomy":"product_tag","embeddable":true,"href":"https:\/\/wizardly-davinci.82-223-8-23.plesk.page\/en\/wp-json\/wp\/v2\/product_tag?post=17249"},{"taxonomy":"edicion","embeddable":true,"href":"https:\/\/wizardly-davinci.82-223-8-23.plesk.page\/en\/wp-json\/wp\/v2\/edicion?post=17249"},{"taxonomy":"editoriales","embeddable":true,"href":"https:\/\/wizardly-davinci.82-223-8-23.plesk.page\/en\/wp-json\/wp\/v2\/editoriales?post=17249"},{"taxonomy":"tienda","embeddable":true,"href":"https:\/\/wizardly-davinci.82-223-8-23.plesk.page\/en\/wp-json\/wp\/v2\/tienda?post=17249"},{"taxonomy":"autor_id","embeddable":true,"href":"https:\/\/wizardly-davinci.82-223-8-23.plesk.page\/en\/wp-json\/wp\/v2\/autor_id?post=17249"},{"taxonomy":"universidades_coeditoras","embeddable":true,"href":"https:\/\/wizardly-davinci.82-223-8-23.plesk.page\/en\/wp-json\/wp\/v2\/universidades_coeditoras?post=17249"},{"taxonomy":"palabras_clave","embeddable":true,"href":"https:\/\/wizardly-davinci.82-223-8-23.plesk.page\/en\/wp-json\/wp\/v2\/palabras_clave?post=17249"},{"taxonomy":"listado_alfabetico","embeddable":true,"href":"https:\/\/wizardly-davinci.82-223-8-23.plesk.page\/en\/wp-json\/wp\/v2\/listado_alfabetico?post=17249"}],"curies":[{"name":"wp","href":"https:\/\/api.w.org\/{rel}","templated":true}]}}