{"id":17257,"date":"2019-04-09T22:25:28","date_gmt":"2019-04-09T22:25:28","guid":{"rendered":"https:\/\/octaedro.com\/producto\/el-profesor-intuitivo\/"},"modified":"2023-04-20T11:48:05","modified_gmt":"2023-04-20T09:48:05","slug":"el-profesor-intuitivo","status":"publish","type":"product","link":"https:\/\/wizardly-davinci.82-223-8-23.plesk.page\/en\/producto\/el-profesor-intuitivo\/","title":{"rendered":"El profesor intuitivo"},"content":{"rendered":"<p>En muchas ocasiones, profesionales experimentados del campo de la educaci\u00f3n no pueden explicar lo que est\u00e1n haciendo, o contar lo que saben, as\u00ed como los estudiantes no pueden articular lo que aprenden. Sin embargo, al explicar el desarrollo y la pr\u00e1ctica profesional se suele considerar el entendimiento consciente como parte de su esencia.El profesor intuitivo aborda esta aparente paradoja y explora la din\u00e1mica relaci\u00f3n entre raz\u00f3n e intuici\u00f3n en el contexto de la pr\u00e1ctica profesional. Centr\u00e1ndose principalmente en el mundo del profesorado, con ejemplos ilustrativos de otras pr\u00e1cticas como la m\u00e9dica o la empresarial, los autores rescatan sutilmente el valor de la intuici\u00f3n y demuestran su importancia en el desarrollo de la pericia profesional.<\/p>\n","protected":false},"excerpt":{"rendered":"<p>En muchas ocasiones, profesionales experimentados del campo de la educaci\u00f3n no pueden explicar lo que est\u00e1n haciendo, o contar lo que saben, as\u00ed como los estudiantes no pueden articular lo que aprenden. Sin embargo, al explicar el desarrollo y la pr\u00e1ctica profesional se suele considerar el entendimiento consciente como parte de su esencia.El profesor intuitivo aborda esta aparente paradoja y explora la din\u00e1mica relaci\u00f3n entre raz\u00f3n e intuici\u00f3n en el contexto de la pr\u00e1ctica profesional. Centr\u00e1ndose principalmente en el mundo del profesorado, con ejemplos ilustrativos de otras pr\u00e1cticas como la m\u00e9dica o la empresarial, los autores rescatan sutilmente el valor de la intuici\u00f3n y demuestran su importancia en el desarrollo de la pericia profesional.<\/p>\n","protected":false},"featured_media":17258,"comment_status":"open","ping_status":"closed","template":"","meta":{"_et_pb_use_builder":"","_et_pb_old_content":"","_et_gb_content_width":""},"product_cat":[1512,6936],"product_tag":[2602],"edicion":[1083],"editoriales":[1160],"tienda":[],"autor_id":[5081,5300],"universidades_coeditoras":[],"palabras_clave":[],"listado_alfabetico":[],"acf":[],"_links":{"self":[{"href":"https:\/\/wizardly-davinci.82-223-8-23.plesk.page\/en\/wp-json\/wp\/v2\/product\/17257"}],"collection":[{"href":"https:\/\/wizardly-davinci.82-223-8-23.plesk.page\/en\/wp-json\/wp\/v2\/product"}],"about":[{"href":"https:\/\/wizardly-davinci.82-223-8-23.plesk.page\/en\/wp-json\/wp\/v2\/types\/product"}],"replies":[{"embeddable":true,"href":"https:\/\/wizardly-davinci.82-223-8-23.plesk.page\/en\/wp-json\/wp\/v2\/comments?post=17257"}],"wp:featuredmedia":[{"embeddable":true,"href":"https:\/\/wizardly-davinci.82-223-8-23.plesk.page\/en\/wp-json\/wp\/v2\/media\/17258"}],"wp:attachment":[{"href":"https:\/\/wizardly-davinci.82-223-8-23.plesk.page\/en\/wp-json\/wp\/v2\/media?parent=17257"}],"wp:term":[{"taxonomy":"product_cat","embeddable":true,"href":"https:\/\/wizardly-davinci.82-223-8-23.plesk.page\/en\/wp-json\/wp\/v2\/product_cat?post=17257"},{"taxonomy":"product_tag","embeddable":true,"href":"https:\/\/wizardly-davinci.82-223-8-23.plesk.page\/en\/wp-json\/wp\/v2\/product_tag?post=17257"},{"taxonomy":"edicion","embeddable":true,"href":"https:\/\/wizardly-davinci.82-223-8-23.plesk.page\/en\/wp-json\/wp\/v2\/edicion?post=17257"},{"taxonomy":"editoriales","embeddable":true,"href":"https:\/\/wizardly-davinci.82-223-8-23.plesk.page\/en\/wp-json\/wp\/v2\/editoriales?post=17257"},{"taxonomy":"tienda","embeddable":true,"href":"https:\/\/wizardly-davinci.82-223-8-23.plesk.page\/en\/wp-json\/wp\/v2\/tienda?post=17257"},{"taxonomy":"autor_id","embeddable":true,"href":"https:\/\/wizardly-davinci.82-223-8-23.plesk.page\/en\/wp-json\/wp\/v2\/autor_id?post=17257"},{"taxonomy":"universidades_coeditoras","embeddable":true,"href":"https:\/\/wizardly-davinci.82-223-8-23.plesk.page\/en\/wp-json\/wp\/v2\/universidades_coeditoras?post=17257"},{"taxonomy":"palabras_clave","embeddable":true,"href":"https:\/\/wizardly-davinci.82-223-8-23.plesk.page\/en\/wp-json\/wp\/v2\/palabras_clave?post=17257"},{"taxonomy":"listado_alfabetico","embeddable":true,"href":"https:\/\/wizardly-davinci.82-223-8-23.plesk.page\/en\/wp-json\/wp\/v2\/listado_alfabetico?post=17257"}],"curies":[{"name":"wp","href":"https:\/\/api.w.org\/{rel}","templated":true}]}}