{"id":17259,"date":"2019-04-09T22:25:29","date_gmt":"2019-04-09T22:25:29","guid":{"rendered":"https:\/\/octaedro.com\/producto\/la-indagacion\/"},"modified":"2023-04-20T11:48:11","modified_gmt":"2023-04-20T09:48:11","slug":"la-indagacion","status":"publish","type":"product","link":"https:\/\/wizardly-davinci.82-223-8-23.plesk.page\/en\/producto\/la-indagacion\/","title":{"rendered":"La indagaci\u00f3n"},"content":{"rendered":"<p>\u00bfCu\u00e1l es el objetivo de la formaci\u00f3n permanente del profesorado? \u00bfQu\u00e9 fin persigue? En los primeros cap\u00edtulos de este libro, Lieberman y Miller invitan a un distinguido grupo de intelectuales a responder a estas preguntas. Esta primera parte prepara por tanto el terreno para que, en los nueve cap\u00edtulos de la segunda, diferentes profesionales de la educaci\u00f3n contemplen desde cierta distancia su trabajo pr\u00e1ctico y lo describan, identificando elementos clave de su eficacia, a la par que basando su actividad en trabajos te\u00f3ricos que la conectan con su prop\u00f3sito.<\/p>\n","protected":false},"excerpt":{"rendered":"<p>\u00bfCu\u00e1l es el objetivo de la formaci\u00f3n permanente del profesorado? \u00bfQu\u00e9 fin persigue? En los primeros cap\u00edtulos de este libro, Lieberman y Miller invitan a un distinguido grupo de intelectuales a responder a estas preguntas. Esta primera parte prepara por tanto el terreno para que, en los nueve cap\u00edtulos de la segunda, diferentes profesionales de la educaci\u00f3n contemplen desde cierta distancia su trabajo pr\u00e1ctico y lo describan, identificando elementos clave de su eficacia, a la par que basando su actividad en trabajos te\u00f3ricos que la conectan con su prop\u00f3sito.<\/p>\n","protected":false},"featured_media":17260,"comment_status":"open","ping_status":"closed","template":"","meta":{"_et_pb_use_builder":"","_et_pb_old_content":"","_et_gb_content_width":""},"product_cat":[1512,6936],"product_tag":[2602],"edicion":[1083],"editoriales":[1160],"tienda":[],"autor_id":[5811,5973],"universidades_coeditoras":[],"palabras_clave":[],"listado_alfabetico":[],"acf":[],"_links":{"self":[{"href":"https:\/\/wizardly-davinci.82-223-8-23.plesk.page\/en\/wp-json\/wp\/v2\/product\/17259"}],"collection":[{"href":"https:\/\/wizardly-davinci.82-223-8-23.plesk.page\/en\/wp-json\/wp\/v2\/product"}],"about":[{"href":"https:\/\/wizardly-davinci.82-223-8-23.plesk.page\/en\/wp-json\/wp\/v2\/types\/product"}],"replies":[{"embeddable":true,"href":"https:\/\/wizardly-davinci.82-223-8-23.plesk.page\/en\/wp-json\/wp\/v2\/comments?post=17259"}],"wp:featuredmedia":[{"embeddable":true,"href":"https:\/\/wizardly-davinci.82-223-8-23.plesk.page\/en\/wp-json\/wp\/v2\/media\/17260"}],"wp:attachment":[{"href":"https:\/\/wizardly-davinci.82-223-8-23.plesk.page\/en\/wp-json\/wp\/v2\/media?parent=17259"}],"wp:term":[{"taxonomy":"product_cat","embeddable":true,"href":"https:\/\/wizardly-davinci.82-223-8-23.plesk.page\/en\/wp-json\/wp\/v2\/product_cat?post=17259"},{"taxonomy":"product_tag","embeddable":true,"href":"https:\/\/wizardly-davinci.82-223-8-23.plesk.page\/en\/wp-json\/wp\/v2\/product_tag?post=17259"},{"taxonomy":"edicion","embeddable":true,"href":"https:\/\/wizardly-davinci.82-223-8-23.plesk.page\/en\/wp-json\/wp\/v2\/edicion?post=17259"},{"taxonomy":"editoriales","embeddable":true,"href":"https:\/\/wizardly-davinci.82-223-8-23.plesk.page\/en\/wp-json\/wp\/v2\/editoriales?post=17259"},{"taxonomy":"tienda","embeddable":true,"href":"https:\/\/wizardly-davinci.82-223-8-23.plesk.page\/en\/wp-json\/wp\/v2\/tienda?post=17259"},{"taxonomy":"autor_id","embeddable":true,"href":"https:\/\/wizardly-davinci.82-223-8-23.plesk.page\/en\/wp-json\/wp\/v2\/autor_id?post=17259"},{"taxonomy":"universidades_coeditoras","embeddable":true,"href":"https:\/\/wizardly-davinci.82-223-8-23.plesk.page\/en\/wp-json\/wp\/v2\/universidades_coeditoras?post=17259"},{"taxonomy":"palabras_clave","embeddable":true,"href":"https:\/\/wizardly-davinci.82-223-8-23.plesk.page\/en\/wp-json\/wp\/v2\/palabras_clave?post=17259"},{"taxonomy":"listado_alfabetico","embeddable":true,"href":"https:\/\/wizardly-davinci.82-223-8-23.plesk.page\/en\/wp-json\/wp\/v2\/listado_alfabetico?post=17259"}],"curies":[{"name":"wp","href":"https:\/\/api.w.org\/{rel}","templated":true}]}}