{"id":17267,"date":"2019-04-09T22:25:30","date_gmt":"2019-04-09T22:25:30","guid":{"rendered":"https:\/\/octaedro.com\/producto\/la-investigacion-sobre-eficacia-escolar\/"},"modified":"2023-04-20T11:48:41","modified_gmt":"2023-04-20T09:48:41","slug":"la-investigacion-sobre-eficacia-escolar","status":"publish","type":"product","link":"https:\/\/wizardly-davinci.82-223-8-23.plesk.page\/en\/producto\/la-investigacion-sobre-eficacia-escolar\/","title":{"rendered":"La investigaci\u00f3n sobre eficacia escolar"},"content":{"rendered":"<p>Este libro ofrece una revisi\u00f3n del estado de la cuesti\u00f3n de la investigaci\u00f3n sobre eficacia escolar. Sin llegar a ser exhaustiva, s\u00ed que ha pretendido ser lo m\u00e1s completa posible, de tal forma que pueda servir para cualquier persona interesada en este tema. De hecho, es la m\u00e1s completa de las publicadas en espa\u00f1ol hasta el momento. Toda persona implicada en la educaci\u00f3n tiene el compromiso irrenunciable de aportar su esfuerzo en la consecuci\u00f3n de una mejor educaci\u00f3n, una educaci\u00f3n de calidad para todos. Sabemos que la influencia que tendr\u00e1 ese esfuerzo est\u00e1 en relaci\u00f3n proporcional y directa a la distancia que hay con los alumnos y alumnas; de tal forma que si fundamental es la labor de docentes y familias, m\u00e1s mediato resulta el trabajo de directivos, m\u00e1s lejano el de administradores y m\u00e1s el de quienes toman las decisiones pol\u00edticas (aunque ellos no lo sepan). En ese continuo la investigaci\u00f3n queda relegada a los \u00faltimos puestos, como si su efecto en pro de la calidad y la equidad resultara pr\u00e1cticamente inapreciable. Sin dejar de ser cierta su escasa inmediata influencia sobre la educaci\u00f3n, tampoco lo es menos que sus efectos son a medio y a largo plazo, dejando una base de conocimientos que poco a poco van cambiando nuestra educaci\u00f3n.<\/p>\n","protected":false},"excerpt":{"rendered":"<p>Este libro ofrece una revisi\u00f3n del estado de la cuesti\u00f3n de la investigaci\u00f3n sobre eficacia escolar. Sin llegar a ser exhaustiva, s\u00ed que ha pretendido ser lo m\u00e1s completa posible, de tal forma que pueda servir para cualquier persona interesada en este tema. De hecho, es la m\u00e1s completa de las publicadas en espa\u00f1ol hasta el momento. Toda persona implicada en la educaci\u00f3n tiene el compromiso irrenunciable de aportar su esfuerzo en la consecuci\u00f3n de una mejor educaci\u00f3n, una educaci\u00f3n de calidad para todos. Sabemos que la influencia que tendr\u00e1 ese esfuerzo est\u00e1 en relaci\u00f3n proporcional y directa a la distancia que hay con los alumnos y alumnas; de tal forma que si fundamental es la labor de docentes y familias, m\u00e1s mediato resulta el trabajo de directivos, m\u00e1s lejano el de administradores y m\u00e1s el de quienes toman las decisiones pol\u00edticas (aunque ellos no lo sepan). En ese continuo la investigaci\u00f3n queda relegada a los \u00faltimos puestos, como si su efecto en pro de la calidad y la equidad resultara pr\u00e1cticamente inapreciable. Sin dejar de ser cierta su escasa inmediata influencia sobre la educaci\u00f3n, tampoco lo es menos que sus efectos son a medio y a largo plazo, dejando una base de conocimientos que poco a poco van cambiando nuestra educaci\u00f3n.<\/p>\n","protected":false},"featured_media":17268,"comment_status":"open","ping_status":"closed","template":"","meta":{"_et_pb_use_builder":"","_et_pb_old_content":"","_et_gb_content_width":""},"product_cat":[1512,6944],"product_tag":[2602],"edicion":[1083],"editoriales":[1160],"tienda":[],"autor_id":[6031],"universidades_coeditoras":[],"palabras_clave":[],"listado_alfabetico":[],"acf":[],"_links":{"self":[{"href":"https:\/\/wizardly-davinci.82-223-8-23.plesk.page\/en\/wp-json\/wp\/v2\/product\/17267"}],"collection":[{"href":"https:\/\/wizardly-davinci.82-223-8-23.plesk.page\/en\/wp-json\/wp\/v2\/product"}],"about":[{"href":"https:\/\/wizardly-davinci.82-223-8-23.plesk.page\/en\/wp-json\/wp\/v2\/types\/product"}],"replies":[{"embeddable":true,"href":"https:\/\/wizardly-davinci.82-223-8-23.plesk.page\/en\/wp-json\/wp\/v2\/comments?post=17267"}],"wp:featuredmedia":[{"embeddable":true,"href":"https:\/\/wizardly-davinci.82-223-8-23.plesk.page\/en\/wp-json\/wp\/v2\/media\/17268"}],"wp:attachment":[{"href":"https:\/\/wizardly-davinci.82-223-8-23.plesk.page\/en\/wp-json\/wp\/v2\/media?parent=17267"}],"wp:term":[{"taxonomy":"product_cat","embeddable":true,"href":"https:\/\/wizardly-davinci.82-223-8-23.plesk.page\/en\/wp-json\/wp\/v2\/product_cat?post=17267"},{"taxonomy":"product_tag","embeddable":true,"href":"https:\/\/wizardly-davinci.82-223-8-23.plesk.page\/en\/wp-json\/wp\/v2\/product_tag?post=17267"},{"taxonomy":"edicion","embeddable":true,"href":"https:\/\/wizardly-davinci.82-223-8-23.plesk.page\/en\/wp-json\/wp\/v2\/edicion?post=17267"},{"taxonomy":"editoriales","embeddable":true,"href":"https:\/\/wizardly-davinci.82-223-8-23.plesk.page\/en\/wp-json\/wp\/v2\/editoriales?post=17267"},{"taxonomy":"tienda","embeddable":true,"href":"https:\/\/wizardly-davinci.82-223-8-23.plesk.page\/en\/wp-json\/wp\/v2\/tienda?post=17267"},{"taxonomy":"autor_id","embeddable":true,"href":"https:\/\/wizardly-davinci.82-223-8-23.plesk.page\/en\/wp-json\/wp\/v2\/autor_id?post=17267"},{"taxonomy":"universidades_coeditoras","embeddable":true,"href":"https:\/\/wizardly-davinci.82-223-8-23.plesk.page\/en\/wp-json\/wp\/v2\/universidades_coeditoras?post=17267"},{"taxonomy":"palabras_clave","embeddable":true,"href":"https:\/\/wizardly-davinci.82-223-8-23.plesk.page\/en\/wp-json\/wp\/v2\/palabras_clave?post=17267"},{"taxonomy":"listado_alfabetico","embeddable":true,"href":"https:\/\/wizardly-davinci.82-223-8-23.plesk.page\/en\/wp-json\/wp\/v2\/listado_alfabetico?post=17267"}],"curies":[{"name":"wp","href":"https:\/\/api.w.org\/{rel}","templated":true}]}}