{"id":17271,"date":"2019-04-09T22:25:30","date_gmt":"2019-04-09T22:25:30","guid":{"rendered":"https:\/\/octaedro.com\/producto\/razones-del-profesorado-para-seguir-con-entusiasmo\/"},"modified":"2023-04-20T11:48:55","modified_gmt":"2023-04-20T09:48:55","slug":"razones-del-profesorado-para-seguir-con-entusiasmo","status":"publish","type":"product","link":"https:\/\/wizardly-davinci.82-223-8-23.plesk.page\/en\/producto\/razones-del-profesorado-para-seguir-con-entusiasmo\/","title":{"rendered":"Razones del profesorado para seguir con entusiasmo"},"content":{"rendered":"<p>\u00bfQu\u00e9 lleva a los buenos docentes a seguir en su trabajo a pesar de todo? Sonia Nieto, una reconocida formadora de profesorado, nos acerca a lo que se puede aprender de docentes experimentados que no s\u00f3lo contin\u00faan ense\u00f1ando sino que adem\u00e1s lo hacen con entusiasmo. Este sugestivo libro proporciona consejos muy necesarios sobre c\u00f3mo algunos profesores resuelven d\u00eda a d\u00eda los retos que plantea el aprendizaje de sus alumnos. Sonia Nieto ha realizado esta investigaci\u00f3n con docentes que trabajan en entornos urbanos y que son especialmente efectivos con estudiantes de diferentes or\u00edgenes culturales, sociales y ling\u00fc\u00edsticos. La obra ofrece una visi\u00f3n alternativa sobre aspectos esenciales del proceso de ense\u00f1anza y aprendizaje que pueden resultar de gran ayuda para las personas implicadas en la educaci\u00f3n. La autora concluye advirtiendo de la urgencia de repensar cu\u00e1les son en la actualidad las prioridades de la educaci\u00f3n p\u00fablica.<\/p>\n","protected":false},"excerpt":{"rendered":"<p>\u00bfQu\u00e9 lleva a los buenos docentes a seguir en su trabajo a pesar de todo? Sonia Nieto, una reconocida formadora de profesorado, nos acerca a lo que se puede aprender de docentes experimentados que no s\u00f3lo contin\u00faan ense\u00f1ando sino que adem\u00e1s lo hacen con entusiasmo. Este sugestivo libro proporciona consejos muy necesarios sobre c\u00f3mo algunos profesores resuelven d\u00eda a d\u00eda los retos que plantea el aprendizaje de sus alumnos. Sonia Nieto ha realizado esta investigaci\u00f3n con docentes que trabajan en entornos urbanos y que son especialmente efectivos con estudiantes de diferentes or\u00edgenes culturales, sociales y ling\u00fc\u00edsticos. La obra ofrece una visi\u00f3n alternativa sobre aspectos esenciales del proceso de ense\u00f1anza y aprendizaje que pueden resultar de gran ayuda para las personas implicadas en la educaci\u00f3n. La autora concluye advirtiendo de la urgencia de repensar cu\u00e1les son en la actualidad las prioridades de la educaci\u00f3n p\u00fablica.<\/p>\n","protected":false},"featured_media":17272,"comment_status":"open","ping_status":"closed","template":"","meta":{"_et_pb_use_builder":"","_et_pb_old_content":"","_et_gb_content_width":""},"product_cat":[1512,6936],"product_tag":[2602],"edicion":[1083],"editoriales":[1160],"tienda":[],"autor_id":[6063],"universidades_coeditoras":[],"palabras_clave":[],"listado_alfabetico":[],"acf":[],"_links":{"self":[{"href":"https:\/\/wizardly-davinci.82-223-8-23.plesk.page\/en\/wp-json\/wp\/v2\/product\/17271"}],"collection":[{"href":"https:\/\/wizardly-davinci.82-223-8-23.plesk.page\/en\/wp-json\/wp\/v2\/product"}],"about":[{"href":"https:\/\/wizardly-davinci.82-223-8-23.plesk.page\/en\/wp-json\/wp\/v2\/types\/product"}],"replies":[{"embeddable":true,"href":"https:\/\/wizardly-davinci.82-223-8-23.plesk.page\/en\/wp-json\/wp\/v2\/comments?post=17271"}],"wp:featuredmedia":[{"embeddable":true,"href":"https:\/\/wizardly-davinci.82-223-8-23.plesk.page\/en\/wp-json\/wp\/v2\/media\/17272"}],"wp:attachment":[{"href":"https:\/\/wizardly-davinci.82-223-8-23.plesk.page\/en\/wp-json\/wp\/v2\/media?parent=17271"}],"wp:term":[{"taxonomy":"product_cat","embeddable":true,"href":"https:\/\/wizardly-davinci.82-223-8-23.plesk.page\/en\/wp-json\/wp\/v2\/product_cat?post=17271"},{"taxonomy":"product_tag","embeddable":true,"href":"https:\/\/wizardly-davinci.82-223-8-23.plesk.page\/en\/wp-json\/wp\/v2\/product_tag?post=17271"},{"taxonomy":"edicion","embeddable":true,"href":"https:\/\/wizardly-davinci.82-223-8-23.plesk.page\/en\/wp-json\/wp\/v2\/edicion?post=17271"},{"taxonomy":"editoriales","embeddable":true,"href":"https:\/\/wizardly-davinci.82-223-8-23.plesk.page\/en\/wp-json\/wp\/v2\/editoriales?post=17271"},{"taxonomy":"tienda","embeddable":true,"href":"https:\/\/wizardly-davinci.82-223-8-23.plesk.page\/en\/wp-json\/wp\/v2\/tienda?post=17271"},{"taxonomy":"autor_id","embeddable":true,"href":"https:\/\/wizardly-davinci.82-223-8-23.plesk.page\/en\/wp-json\/wp\/v2\/autor_id?post=17271"},{"taxonomy":"universidades_coeditoras","embeddable":true,"href":"https:\/\/wizardly-davinci.82-223-8-23.plesk.page\/en\/wp-json\/wp\/v2\/universidades_coeditoras?post=17271"},{"taxonomy":"palabras_clave","embeddable":true,"href":"https:\/\/wizardly-davinci.82-223-8-23.plesk.page\/en\/wp-json\/wp\/v2\/palabras_clave?post=17271"},{"taxonomy":"listado_alfabetico","embeddable":true,"href":"https:\/\/wizardly-davinci.82-223-8-23.plesk.page\/en\/wp-json\/wp\/v2\/listado_alfabetico?post=17271"}],"curies":[{"name":"wp","href":"https:\/\/api.w.org\/{rel}","templated":true}]}}