{"id":17275,"date":"2019-04-09T22:25:31","date_gmt":"2019-04-09T22:25:31","guid":{"rendered":"https:\/\/octaedro.com\/producto\/enigmas-y-dilemas-de-la-practica-docente\/"},"modified":"2023-04-20T11:49:09","modified_gmt":"2023-04-20T09:49:09","slug":"enigmas-y-dilemas-de-la-practica-docente","status":"publish","type":"product","link":"https:\/\/wizardly-davinci.82-223-8-23.plesk.page\/en\/producto\/enigmas-y-dilemas-de-la-practica-docente\/","title":{"rendered":"Enigmas y dilemas de la pr\u00e1ctica docente"},"content":{"rendered":"<p>\u00bfC\u00f3mo se apropian los estudiantes de Magisterio de la cultura escolar? \u00bfCu\u00e1l es su margen de posibilidad en la escuela? \u00bfC\u00f3mo recrean los significados de la profesi\u00f3n docente? A trav\u00e9s de las trayectorias de Aldo y de Juan por las aulas, como aprendices de maestro, la autora nos revela el complejo mundo de las pr\u00e1cticas de ense\u00f1anza, donde m\u00e1s all\u00e1 de la socializaci\u00f3n mec\u00e1nica, los practicantes de la docencia enfrentan dilemas \u00e9ticos y pedag\u00f3gicos relacionados con su funci\u00f3n en las aulas, rompen con esquemas e inercias imperantes en ellas y desarrollan su capacidad cr\u00edtica para repensar la escuela y transformarla.<br \/>\nEl estudio se llev\u00f3 a cabo en escuelas primarias p\u00fablicas del Estado de Veracruz, M\u00e9xico, en escenarios escolares donde cotidianamente se libra la batalla por el derecho a la educaci\u00f3n de ni\u00f1os y ni\u00f1as de zonas marginadas. Al poner de manifiesto el margen de decisi\u00f3n y acci\u00f3n que pueden abrir los aprendices, futuros maestros de educaci\u00f3n b\u00e1sica, para revertir din\u00e1micas anquilosadas, hacer docencia innovadora y ejercer autonom\u00eda en el aula, se advierte el potencial transformador de las pr\u00e1cticas de ense\u00f1anza y su importancia para recrear los significados de la profesi\u00f3n docente.<\/p>\n","protected":false},"excerpt":{"rendered":"<p>\u00bfC\u00f3mo se apropian los estudiantes de Magisterio de la cultura escolar? \u00bfCu\u00e1l es su margen de posibilidad en la escuela? \u00bfC\u00f3mo recrean los significados de la profesi\u00f3n docente? A trav\u00e9s de las trayectorias de Aldo y de Juan por las aulas, como aprendices de maestro, la autora nos revela el complejo mundo de las pr\u00e1cticas de ense\u00f1anza, donde m\u00e1s all\u00e1 de la socializaci\u00f3n mec\u00e1nica, los practicantes de la docencia enfrentan dilemas \u00e9ticos y pedag\u00f3gicos relacionados con su funci\u00f3n en las aulas, rompen con esquemas e inercias imperantes en ellas y desarrollan su capacidad cr\u00edtica para repensar la escuela y transformarla.<br \/>\nEl estudio se llev\u00f3 a cabo en escuelas primarias p\u00fablicas del Estado de Veracruz, M\u00e9xico, en escenarios escolares donde cotidianamente se libra la batalla por el derecho a la educaci\u00f3n de ni\u00f1os y ni\u00f1as de zonas marginadas. Al poner de manifiesto el margen de decisi\u00f3n y acci\u00f3n que pueden abrir los aprendices, futuros maestros de educaci\u00f3n b\u00e1sica, para revertir din\u00e1micas anquilosadas, hacer docencia innovadora y ejercer autonom\u00eda en el aula, se advierte el potencial transformador de las pr\u00e1cticas de ense\u00f1anza y su importancia para recrear los significados de la profesi\u00f3n docente.<\/p>\n","protected":false},"featured_media":17276,"comment_status":"open","ping_status":"closed","template":"","meta":{"_et_pb_use_builder":"","_et_pb_old_content":"","_et_gb_content_width":""},"product_cat":[1512],"product_tag":[2602],"edicion":[1083],"editoriales":[1160],"tienda":[],"autor_id":[5537],"universidades_coeditoras":[],"palabras_clave":[],"listado_alfabetico":[],"acf":[],"_links":{"self":[{"href":"https:\/\/wizardly-davinci.82-223-8-23.plesk.page\/en\/wp-json\/wp\/v2\/product\/17275"}],"collection":[{"href":"https:\/\/wizardly-davinci.82-223-8-23.plesk.page\/en\/wp-json\/wp\/v2\/product"}],"about":[{"href":"https:\/\/wizardly-davinci.82-223-8-23.plesk.page\/en\/wp-json\/wp\/v2\/types\/product"}],"replies":[{"embeddable":true,"href":"https:\/\/wizardly-davinci.82-223-8-23.plesk.page\/en\/wp-json\/wp\/v2\/comments?post=17275"}],"wp:featuredmedia":[{"embeddable":true,"href":"https:\/\/wizardly-davinci.82-223-8-23.plesk.page\/en\/wp-json\/wp\/v2\/media\/17276"}],"wp:attachment":[{"href":"https:\/\/wizardly-davinci.82-223-8-23.plesk.page\/en\/wp-json\/wp\/v2\/media?parent=17275"}],"wp:term":[{"taxonomy":"product_cat","embeddable":true,"href":"https:\/\/wizardly-davinci.82-223-8-23.plesk.page\/en\/wp-json\/wp\/v2\/product_cat?post=17275"},{"taxonomy":"product_tag","embeddable":true,"href":"https:\/\/wizardly-davinci.82-223-8-23.plesk.page\/en\/wp-json\/wp\/v2\/product_tag?post=17275"},{"taxonomy":"edicion","embeddable":true,"href":"https:\/\/wizardly-davinci.82-223-8-23.plesk.page\/en\/wp-json\/wp\/v2\/edicion?post=17275"},{"taxonomy":"editoriales","embeddable":true,"href":"https:\/\/wizardly-davinci.82-223-8-23.plesk.page\/en\/wp-json\/wp\/v2\/editoriales?post=17275"},{"taxonomy":"tienda","embeddable":true,"href":"https:\/\/wizardly-davinci.82-223-8-23.plesk.page\/en\/wp-json\/wp\/v2\/tienda?post=17275"},{"taxonomy":"autor_id","embeddable":true,"href":"https:\/\/wizardly-davinci.82-223-8-23.plesk.page\/en\/wp-json\/wp\/v2\/autor_id?post=17275"},{"taxonomy":"universidades_coeditoras","embeddable":true,"href":"https:\/\/wizardly-davinci.82-223-8-23.plesk.page\/en\/wp-json\/wp\/v2\/universidades_coeditoras?post=17275"},{"taxonomy":"palabras_clave","embeddable":true,"href":"https:\/\/wizardly-davinci.82-223-8-23.plesk.page\/en\/wp-json\/wp\/v2\/palabras_clave?post=17275"},{"taxonomy":"listado_alfabetico","embeddable":true,"href":"https:\/\/wizardly-davinci.82-223-8-23.plesk.page\/en\/wp-json\/wp\/v2\/listado_alfabetico?post=17275"}],"curies":[{"name":"wp","href":"https:\/\/api.w.org\/{rel}","templated":true}]}}