{"id":17279,"date":"2019-04-09T22:25:32","date_gmt":"2019-04-09T22:25:32","guid":{"rendered":"https:\/\/octaedro.com\/producto\/maestros-del-vaiven\/"},"modified":"2023-04-20T11:49:23","modified_gmt":"2023-04-20T09:49:23","slug":"maestros-del-vaiven","status":"publish","type":"product","link":"https:\/\/wizardly-davinci.82-223-8-23.plesk.page\/en\/producto\/maestros-del-vaiven\/","title":{"rendered":"Maestros del vaiv\u00e9n"},"content":{"rendered":"<p>Ser maestro, sobre todo maestra, de Primaria sigue siendo visto como un trabajo f\u00e1cil y c\u00f3modo. Total, su tarea solo parece consistir en mantener el orden y pasar las lecciones de un libro de texto. Pero su realidad es muy diferente. Su tarea se considera cada d\u00eda m\u00e1s fundamental por la importancia que tienen para el desarrollo del alumnado el sentido de las actividades de ense\u00f1anza y la configuraci\u00f3n de los entornos de aprendizaje que se le proponen y dado que, durante esta etapa de la vida, el cerebro graba de forma especial el sentido de las costumbres que orientar\u00e1n su actitud frente al aprender y al ser. Adem\u00e1s, el trabajo docente se articula y viene enmarcado en una serie de ejes que le confieren un alto grado de complejidad, demanda intelectual y emocional y compromiso social; entre los que se encuentran las prescripciones legislativas, la relaci\u00f3n con sus compa\u00f1eros y con la cultura del centro, el trabajo cognitivo y afectivo con un alumnado heterog\u00e9neo y la responsabilidad de fomentar su desarrollo integral, la necesidad de evaluar los aprendizajes, el contacto con las familias y la necesidad de formaci\u00f3n permanente. Todo ello sin olvidar su vida personal, cultural y social.<br \/>\nEn este libro se explora, analiza e interpreta, a la luz de las evidencias de la investigaci\u00f3n, un conjunto de tem\u00e1ticas que configuran y ayudan a entender qu\u00e9 significa aprender a ser maestra en el mundo actual. Algo que puede interesar a los propios maestros, a las escuelas, las familias, los formadores del profesorado y los responsables de las pol\u00edticas de educativas; todos aquellos que est\u00e9n empe\u00f1ados en una educaci\u00f3n a la altura de nuestro tiempo y en la consecuci\u00f3n de una sociedad m\u00e1s equitativa y democr\u00e1tica.<\/p>\n","protected":false},"excerpt":{"rendered":"<p>Ser maestro, sobre todo maestra, de Primaria sigue siendo visto como un trabajo f\u00e1cil y c\u00f3modo. Total, su tarea solo parece consistir en mantener el orden y pasar las lecciones de un libro de texto. Pero su realidad es muy diferente. Su tarea se considera cada d\u00eda m\u00e1s fundamental por la importancia que tienen para el desarrollo del alumnado el sentido de las actividades de ense\u00f1anza y la configuraci\u00f3n de los entornos de aprendizaje que se le proponen y dado que, durante esta etapa de la vida, el cerebro graba de forma especial el sentido de las costumbres que orientar\u00e1n su actitud frente al aprender y al ser. Adem\u00e1s, el trabajo docente se articula y viene enmarcado en una serie de ejes que le confieren un alto grado de complejidad, demanda intelectual y emocional y compromiso social; entre los que se encuentran las prescripciones legislativas, la relaci\u00f3n con sus compa\u00f1eros y con la cultura del centro, el trabajo cognitivo y afectivo con un alumnado heterog\u00e9neo y la responsabilidad de fomentar su desarrollo integral, la necesidad de evaluar los aprendizajes, el contacto con las familias y la necesidad de formaci\u00f3n permanente. Todo ello sin olvidar su vida personal, cultural y social.<br \/>\nEn este libro se explora, analiza e interpreta, a la luz de las evidencias de la investigaci\u00f3n, un conjunto de tem\u00e1ticas que configuran y ayudan a entender qu\u00e9 significa aprender a ser maestra en el mundo actual. Algo que puede interesar a los propios maestros, a las escuelas, las familias, los formadores del profesorado y los responsables de las pol\u00edticas de educativas; todos aquellos que est\u00e9n empe\u00f1ados en una educaci\u00f3n a la altura de nuestro tiempo y en la consecuci\u00f3n de una sociedad m\u00e1s equitativa y democr\u00e1tica.<\/p>\n","protected":false},"featured_media":17280,"comment_status":"open","ping_status":"closed","template":"","meta":{"_et_pb_use_builder":"","_et_pb_old_content":"","_et_gb_content_width":""},"product_cat":[1512,6675],"product_tag":[2602],"edicion":[1083],"editoriales":[1160],"tienda":[],"autor_id":[5675,5938],"universidades_coeditoras":[],"palabras_clave":[],"listado_alfabetico":[],"acf":[],"_links":{"self":[{"href":"https:\/\/wizardly-davinci.82-223-8-23.plesk.page\/en\/wp-json\/wp\/v2\/product\/17279"}],"collection":[{"href":"https:\/\/wizardly-davinci.82-223-8-23.plesk.page\/en\/wp-json\/wp\/v2\/product"}],"about":[{"href":"https:\/\/wizardly-davinci.82-223-8-23.plesk.page\/en\/wp-json\/wp\/v2\/types\/product"}],"replies":[{"embeddable":true,"href":"https:\/\/wizardly-davinci.82-223-8-23.plesk.page\/en\/wp-json\/wp\/v2\/comments?post=17279"}],"wp:featuredmedia":[{"embeddable":true,"href":"https:\/\/wizardly-davinci.82-223-8-23.plesk.page\/en\/wp-json\/wp\/v2\/media\/17280"}],"wp:attachment":[{"href":"https:\/\/wizardly-davinci.82-223-8-23.plesk.page\/en\/wp-json\/wp\/v2\/media?parent=17279"}],"wp:term":[{"taxonomy":"product_cat","embeddable":true,"href":"https:\/\/wizardly-davinci.82-223-8-23.plesk.page\/en\/wp-json\/wp\/v2\/product_cat?post=17279"},{"taxonomy":"product_tag","embeddable":true,"href":"https:\/\/wizardly-davinci.82-223-8-23.plesk.page\/en\/wp-json\/wp\/v2\/product_tag?post=17279"},{"taxonomy":"edicion","embeddable":true,"href":"https:\/\/wizardly-davinci.82-223-8-23.plesk.page\/en\/wp-json\/wp\/v2\/edicion?post=17279"},{"taxonomy":"editoriales","embeddable":true,"href":"https:\/\/wizardly-davinci.82-223-8-23.plesk.page\/en\/wp-json\/wp\/v2\/editoriales?post=17279"},{"taxonomy":"tienda","embeddable":true,"href":"https:\/\/wizardly-davinci.82-223-8-23.plesk.page\/en\/wp-json\/wp\/v2\/tienda?post=17279"},{"taxonomy":"autor_id","embeddable":true,"href":"https:\/\/wizardly-davinci.82-223-8-23.plesk.page\/en\/wp-json\/wp\/v2\/autor_id?post=17279"},{"taxonomy":"universidades_coeditoras","embeddable":true,"href":"https:\/\/wizardly-davinci.82-223-8-23.plesk.page\/en\/wp-json\/wp\/v2\/universidades_coeditoras?post=17279"},{"taxonomy":"palabras_clave","embeddable":true,"href":"https:\/\/wizardly-davinci.82-223-8-23.plesk.page\/en\/wp-json\/wp\/v2\/palabras_clave?post=17279"},{"taxonomy":"listado_alfabetico","embeddable":true,"href":"https:\/\/wizardly-davinci.82-223-8-23.plesk.page\/en\/wp-json\/wp\/v2\/listado_alfabetico?post=17279"}],"curies":[{"name":"wp","href":"https:\/\/api.w.org\/{rel}","templated":true}]}}