{"id":17283,"date":"2019-04-09T22:25:32","date_gmt":"2019-04-09T22:25:32","guid":{"rendered":"https:\/\/octaedro.com\/producto\/la-educacion-comparada-e-internacional\/"},"modified":"2023-04-20T11:49:37","modified_gmt":"2023-04-20T09:49:37","slug":"la-educacion-comparada-e-internacional","status":"publish","type":"product","link":"https:\/\/wizardly-davinci.82-223-8-23.plesk.page\/en\/producto\/la-educacion-comparada-e-internacional\/","title":{"rendered":"La educaci\u00f3n comparada e internacional"},"content":{"rendered":"<p>Con el presente libro de investigaci\u00f3n cualitativa nos acercamos a los temas y retos que tiene planteados la educaci\u00f3n comparada en el siglo XXI, partiendo de las aportaciones de la comunidad cient\u00edfica en Espa\u00f1a, para situarlos en el contexto internacional. Analizamos y explicamos las tendencias que presenta la investigaci\u00f3n en educaci\u00f3n comparada y presentamos la programaci\u00f3n docente por competencias en dos materias del grado de Pedagog\u00eda: Educaci\u00f3n comparada y Organismos internacionales. Europa y la educaci\u00f3n.<\/p>\n","protected":false},"excerpt":{"rendered":"<p>Con el presente libro de investigaci\u00f3n cualitativa nos acercamos a los temas y retos que tiene planteados la educaci\u00f3n comparada en el siglo XXI, partiendo de las aportaciones de la comunidad cient\u00edfica en Espa\u00f1a, para situarlos en el contexto internacional. Analizamos y explicamos las tendencias que presenta la investigaci\u00f3n en educaci\u00f3n comparada y presentamos la programaci\u00f3n docente por competencias en dos materias del grado de Pedagog\u00eda: Educaci\u00f3n comparada y Organismos internacionales. Europa y la educaci\u00f3n.<\/p>\n","protected":false},"featured_media":17284,"comment_status":"open","ping_status":"closed","template":"","meta":{"_et_pb_use_builder":"","_et_pb_old_content":"","_et_gb_content_width":""},"product_cat":[2606,1512,6943,6936,6675,6673],"product_tag":[2604],"edicion":[1084,1083],"editoriales":[1160],"tienda":[],"autor_id":[6556],"universidades_coeditoras":[],"palabras_clave":[],"listado_alfabetico":[],"acf":[],"_links":{"self":[{"href":"https:\/\/wizardly-davinci.82-223-8-23.plesk.page\/en\/wp-json\/wp\/v2\/product\/17283"}],"collection":[{"href":"https:\/\/wizardly-davinci.82-223-8-23.plesk.page\/en\/wp-json\/wp\/v2\/product"}],"about":[{"href":"https:\/\/wizardly-davinci.82-223-8-23.plesk.page\/en\/wp-json\/wp\/v2\/types\/product"}],"replies":[{"embeddable":true,"href":"https:\/\/wizardly-davinci.82-223-8-23.plesk.page\/en\/wp-json\/wp\/v2\/comments?post=17283"}],"wp:featuredmedia":[{"embeddable":true,"href":"https:\/\/wizardly-davinci.82-223-8-23.plesk.page\/en\/wp-json\/wp\/v2\/media\/17284"}],"wp:attachment":[{"href":"https:\/\/wizardly-davinci.82-223-8-23.plesk.page\/en\/wp-json\/wp\/v2\/media?parent=17283"}],"wp:term":[{"taxonomy":"product_cat","embeddable":true,"href":"https:\/\/wizardly-davinci.82-223-8-23.plesk.page\/en\/wp-json\/wp\/v2\/product_cat?post=17283"},{"taxonomy":"product_tag","embeddable":true,"href":"https:\/\/wizardly-davinci.82-223-8-23.plesk.page\/en\/wp-json\/wp\/v2\/product_tag?post=17283"},{"taxonomy":"edicion","embeddable":true,"href":"https:\/\/wizardly-davinci.82-223-8-23.plesk.page\/en\/wp-json\/wp\/v2\/edicion?post=17283"},{"taxonomy":"editoriales","embeddable":true,"href":"https:\/\/wizardly-davinci.82-223-8-23.plesk.page\/en\/wp-json\/wp\/v2\/editoriales?post=17283"},{"taxonomy":"tienda","embeddable":true,"href":"https:\/\/wizardly-davinci.82-223-8-23.plesk.page\/en\/wp-json\/wp\/v2\/tienda?post=17283"},{"taxonomy":"autor_id","embeddable":true,"href":"https:\/\/wizardly-davinci.82-223-8-23.plesk.page\/en\/wp-json\/wp\/v2\/autor_id?post=17283"},{"taxonomy":"universidades_coeditoras","embeddable":true,"href":"https:\/\/wizardly-davinci.82-223-8-23.plesk.page\/en\/wp-json\/wp\/v2\/universidades_coeditoras?post=17283"},{"taxonomy":"palabras_clave","embeddable":true,"href":"https:\/\/wizardly-davinci.82-223-8-23.plesk.page\/en\/wp-json\/wp\/v2\/palabras_clave?post=17283"},{"taxonomy":"listado_alfabetico","embeddable":true,"href":"https:\/\/wizardly-davinci.82-223-8-23.plesk.page\/en\/wp-json\/wp\/v2\/listado_alfabetico?post=17283"}],"curies":[{"name":"wp","href":"https:\/\/api.w.org\/{rel}","templated":true}]}}